{"id":8,"date":"2022-02-07T08:13:18","date_gmt":"2022-02-07T08:13:18","guid":{"rendered":"https:\/\/kadence.pixel-show.com\/writing-course\/?page_id=8"},"modified":"2025-11-23T23:59:46","modified_gmt":"2025-11-23T23:59:46","slug":"bio","status":"publish","type":"page","link":"https:\/\/zakmartin.com\/es\/bio\/","title":{"rendered":"Bio"},"content":{"rendered":"<div data-elementor-type=\"wp-page\" data-elementor-id=\"8\" class=\"elementor elementor-8\" data-elementor-post-type=\"page\">\n\t\t\t\t<div class=\"elementor-element elementor-element-71579b6 e-flex e-con-boxed e-con e-parent\" data-id=\"71579b6\" data-element_type=\"container\">\n\t\t\t\t\t<div class=\"e-con-inner\">\n\t\t<div class=\"elementor-element elementor-element-c5b90a0 e-con-full e-flex e-con e-child\" data-id=\"c5b90a0\" data-element_type=\"container\">\n\t\t\t\t<div class=\"elementor-element elementor-element-1372351 elementor-widget elementor-widget-heading\" data-id=\"1372351\" data-element_type=\"widget\" data-widget_type=\"heading.default\">\n\t\t\t\t<div class=\"elementor-widget-container\">\n\t\t\t\t\t<h2 class=\"elementor-heading-title elementor-size-default\">Biograf\u00eda<\/h2>\t\t\t\t<\/div>\n\t\t\t\t<\/div>\n\t\t\t\t<div class=\"elementor-element elementor-element-869ab68 elementor-widget elementor-widget-image\" data-id=\"869ab68\" data-element_type=\"widget\" data-widget_type=\"image.default\">\n\t\t\t\t<div class=\"elementor-widget-container\">\n\t\t\t\t\t\t\t\t\t\t\t\t\t\t\t<img fetchpriority=\"high\" decoding=\"async\" width=\"1165\" height=\"614\" src=\"https:\/\/zakmartin.com\/wp-content\/uploads\/2025\/04\/zak_alhambra.png\" class=\"attachment-full size-full wp-image-3541\" alt=\"\" srcset=\"https:\/\/zakmartin.com\/wp-content\/uploads\/2025\/04\/zak_alhambra.png 1165w, https:\/\/zakmartin.com\/wp-content\/uploads\/2025\/04\/zak_alhambra-300x158.png 300w, https:\/\/zakmartin.com\/wp-content\/uploads\/2025\/04\/zak_alhambra-1024x540.png 1024w, https:\/\/zakmartin.com\/wp-content\/uploads\/2025\/04\/zak_alhambra-768x405.png 768w\" sizes=\"(max-width: 1165px) 100vw, 1165px\" \/>\t\t\t\t\t\t\t\t\t\t\t\t\t\t\t<\/div>\n\t\t\t\t<\/div>\n\t\t\t\t<\/div>\n\t\t\t\t\t<\/div>\n\t\t\t\t<\/div>\n\t\t<div class=\"elementor-element elementor-element-671e294 e-flex e-con-boxed e-con e-parent\" data-id=\"671e294\" data-element_type=\"container\">\n\t\t\t\t\t<div class=\"e-con-inner\">\n\t\t\t\t<div class=\"elementor-element elementor-element-16078bf elementor-widget elementor-widget-text-editor\" data-id=\"16078bf\" data-element_type=\"widget\" data-widget_type=\"text-editor.default\">\n\t\t\t\t<div class=\"elementor-widget-container\">\n\t\t\t\t\t\t\t\t\t<div class=\"elementor-element elementor-element-d5ef2b6 e-con-full e-flex e-con e-child\" data-id=\"d5ef2b6\" data-element_type=\"container\"><div class=\"elementor-element elementor-element-2280cd1 elementor-widget elementor-widget-text-editor\" data-id=\"2280cd1\" data-element_type=\"widget\" data-widget_type=\"text-editor.default\"><div class=\"elementor-widget-container\"><p><strong>Zak Martin naci\u00f3 y creci\u00f3 en Dubl\u00edn, Irlanda. <\/strong><strong>Desde ni\u00f1o fue un prodigio musical, capaz de tocar pr\u00e1cticamente todos los instrumentos con maestr\u00eda, a pesar de no haber recibido ning\u00fan tipo de formaci\u00f3n musical.<\/strong><\/p><p><img decoding=\"async\" class=\"size-full wp-image-1610 aligncenter\" src=\"https:\/\/zakmartin.com\/wp-content\/uploads\/2025\/03\/zakmartin_piano.gif\" alt=\"\" width=\"186\" height=\"162\" \/><\/p><p>Estudi\u00f3 Psicolog\u00eda, pero su verdadero inter\u00e9s resid\u00eda en los poderes ocultos de la mente, como la clarividencia y la precognici\u00f3n, habilidades que \u00e9l mismo hab\u00eda demostrado desde su infancia.<\/p><\/div><\/div><\/div>\t\t\t\t\t\t\t\t<\/div>\n\t\t\t\t<\/div>\n\t\t\t\t<div class=\"elementor-element elementor-element-4c049a2 elementor-widget elementor-widget-image\" data-id=\"4c049a2\" data-element_type=\"widget\" data-widget_type=\"image.default\">\n\t\t\t\t<div class=\"elementor-widget-container\">\n\t\t\t\t\t\t\t\t\t\t\t\t\t\t\t<img decoding=\"async\" width=\"728\" height=\"417\" src=\"https:\/\/zakmartin.com\/wp-content\/uploads\/2025\/03\/chess-board.jpg\" class=\"attachment-full size-full wp-image-1609\" alt=\"chess-board\" srcset=\"https:\/\/zakmartin.com\/wp-content\/uploads\/2025\/03\/chess-board.jpg 728w, https:\/\/zakmartin.com\/wp-content\/uploads\/2025\/03\/chess-board-300x172.jpg 300w\" sizes=\"(max-width: 728px) 100vw, 728px\" \/>\t\t\t\t\t\t\t\t\t\t\t\t\t\t\t<\/div>\n\t\t\t\t<\/div>\n\t\t\t\t\t<\/div>\n\t\t\t\t<\/div>\n\t\t<div class=\"elementor-element elementor-element-a938aca e-flex e-con-boxed e-con e-parent\" data-id=\"a938aca\" data-element_type=\"container\">\n\t\t\t\t\t<div class=\"e-con-inner\">\n\t\t\t\t<div class=\"elementor-element elementor-element-3f633bb elementor-widget elementor-widget-text-editor\" data-id=\"3f633bb\" data-element_type=\"widget\" data-widget_type=\"text-editor.default\">\n\t\t\t\t<div class=\"elementor-widget-container\">\n\t\t\t\t\t\t\t\t\t<p>As president of the Psychic Society of Ireland (PSI), he carried out hundreds of tests and experiments into psychic abilities &#8211; including a game of chess-by-telepathy &#8211; which attracted national media attention. He began to give public talks and demonstrations of extrasensory perception (ESP) and hypnosis, and he wrote his first book: <strong><a href=\"https:\/\/www.amazon.com\/How-Develop-your-ESP-Martin-ebook\/dp\/B00EIIW99U\" target=\"_blank\" rel=\"noopener\">How to Develop your ESP<\/a><\/strong> (HarperCollins), which has sold over two million copies in paperback. He has since written several other books, including the highly acclaimed &#8220;<a href=\"https:\/\/books.apple.com\/co\/book\/quantum-perception-mind-power-beyond-the-senses\/id1090214903\" target=\"_blank\" rel=\"noopener\"><strong>Quantum Perception<\/strong><\/a>&#8221; (Llewellyn), an exploration of the mind and consciousness in the context of recent discoveries in the fields of quantum physics and neuroscience. His most recent book, <a href=\"https:\/\/www.barnesandnoble.com\/w\/beyond-the-crime-scene-investigating-the-realities-of-crime-detection-zak-martin\/1147418796\" target=\"_blank\" rel=\"noopener\"><strong>Detr\u00e1s del cord\u00f3n policial<\/strong><\/a>, is a revealing critique of modern criminal investigations that exposes how forensic techniques, media influence, and human biases often distort what really \u201csolves\u201d a crime. His books have been translated into more than twenty languages.<\/p>\t\t\t\t\t\t\t\t<\/div>\n\t\t\t\t<\/div>\n\t\t\t\t\t<\/div>\n\t\t\t\t<\/div>\n\t\t<div class=\"elementor-element elementor-element-6cad1c1 e-flex e-con-boxed e-con e-parent\" data-id=\"6cad1c1\" data-element_type=\"container\">\n\t\t\t\t\t<div class=\"e-con-inner\">\n\t\t\t\t<div class=\"elementor-element elementor-element-b228a0f elementor-widget elementor-widget-image\" data-id=\"b228a0f\" data-element_type=\"widget\" data-widget_type=\"image.default\">\n\t\t\t\t<div class=\"elementor-widget-container\">\n\t\t\t\t\t\t\t\t\t\t\t\t\t\t\t<img loading=\"lazy\" decoding=\"async\" width=\"646\" height=\"170\" src=\"https:\/\/zakmartin.com\/wp-content\/uploads\/2025\/03\/esp_translations.png\" class=\"attachment-full size-full wp-image-2549\" alt=\"\" srcset=\"https:\/\/zakmartin.com\/wp-content\/uploads\/2025\/03\/esp_translations.png 646w, https:\/\/zakmartin.com\/wp-content\/uploads\/2025\/03\/esp_translations-300x79.png 300w\" sizes=\"(max-width: 646px) 100vw, 646px\" \/>\t\t\t\t\t\t\t\t\t\t\t\t\t\t\t<\/div>\n\t\t\t\t<\/div>\n\t\t\t\t\t<\/div>\n\t\t\t\t<\/div>\n\t\t<div class=\"elementor-element elementor-element-3cbd385 e-flex e-con-boxed e-con e-parent\" data-id=\"3cbd385\" data-element_type=\"container\">\n\t\t\t\t\t<div class=\"e-con-inner\">\n\t\t\t\t<div class=\"elementor-element elementor-element-e1a968d elementor-widget elementor-widget-text-editor\" data-id=\"e1a968d\" data-element_type=\"widget\" data-widget_type=\"text-editor.default\">\n\t\t\t\t<div class=\"elementor-widget-container\">\n\t\t\t\t\t\t\t\t\t<p>Se le pidi\u00f3 colaborar en varias investigaciones policiales en el Reino Unido e Irlanda, destacando los <a href=\"https:\/\/www.youtube.com\/watch?v=VwTHonvUU2I\" target=\"_blank\" rel=\"noopener\">casos de los asesinatos de Brittas Bay<\/a>, el violador de Notting Hill y el secuestro del caballo de carreras Shergar. Desde entonces, ha recibido un flujo constante de solicitudes por parte de fuerzas policiales de todo el mundo, incluyendo Scotland Yard, para ayudar en casos sin resolver.<\/p>\t\t\t\t\t\t\t\t<\/div>\n\t\t\t\t<\/div>\n\t\t\t\t\t<\/div>\n\t\t\t\t<\/div>\n\t\t<div class=\"elementor-element elementor-element-5cc725f e-flex e-con-boxed e-con e-parent\" data-id=\"5cc725f\" data-element_type=\"container\">\n\t\t\t\t\t<div class=\"e-con-inner\">\n\t\t\t\t<div class=\"elementor-element elementor-element-e724384 elementor-widget elementor-widget-image\" data-id=\"e724384\" data-element_type=\"widget\" data-widget_type=\"image.default\">\n\t\t\t\t<div class=\"elementor-widget-container\">\n\t\t\t\t\t\t\t\t\t\t\t\t\t\t\t<img loading=\"lazy\" decoding=\"async\" width=\"350\" height=\"71\" src=\"https:\/\/zakmartin.com\/wp-content\/uploads\/2025\/03\/shergar1.gif\" class=\"attachment-large size-large wp-image-1611\" alt=\"shergar case\" \/>\t\t\t\t\t\t\t\t\t\t\t\t\t\t\t<\/div>\n\t\t\t\t<\/div>\n\t\t\t\t\t<\/div>\n\t\t\t\t<\/div>\n\t\t<div class=\"elementor-element elementor-element-4225306 e-flex e-con-boxed e-con e-parent\" data-id=\"4225306\" data-element_type=\"container\">\n\t\t\t\t\t<div class=\"e-con-inner\">\n\t\t\t\t<div class=\"elementor-element elementor-element-3469d3b elementor-widget elementor-widget-text-editor\" data-id=\"3469d3b\" data-element_type=\"widget\" data-widget_type=\"text-editor.default\">\n\t\t\t\t<div class=\"elementor-widget-container\">\n\t\t\t\t\t\t\t\t\t<p>He went to live in London, where he established the London Psychic Centre at the exclusive Sherlock Holmes Hotel in London&#8217;s Baker Street. The Centre became a major Mind-Body-Spirit venue, attracting hundreds of visitors weekly to attend lectures, workshops and demonstrations. The London Psychic Centre was the subject of numerous TV programmes, including <strong>Nationwide, The 6 O&#8217;Clock Show, Breakfast TV<\/strong> y se convirti\u00f3 en un punto de encuentro para estrellas del pop y personalidades del mundo del espect\u00e1culo del Reino Unido.<\/p>\t\t\t\t\t\t\t\t<\/div>\n\t\t\t\t<\/div>\n\t\t\t\t\t<\/div>\n\t\t\t\t<\/div>\n\t\t<div class=\"elementor-element elementor-element-4bfbe3c e-flex e-con-boxed e-con e-parent\" data-id=\"4bfbe3c\" data-element_type=\"container\">\n\t\t\t\t\t<div class=\"e-con-inner\">\n\t\t\t\t<div class=\"elementor-element elementor-element-0a8fb52 elementor-widget elementor-widget-image\" data-id=\"0a8fb52\" data-element_type=\"widget\" data-widget_type=\"image.default\">\n\t\t\t\t<div class=\"elementor-widget-container\">\n\t\t\t\t\t\t\t\t\t\t\t\t\t\t\t<img loading=\"lazy\" decoding=\"async\" width=\"350\" height=\"71\" src=\"https:\/\/zakmartin.com\/wp-content\/uploads\/2025\/03\/sherlock1.gif\" class=\"attachment-large size-large wp-image-1612\" alt=\"sherlock holmes hotel\" \/>\t\t\t\t\t\t\t\t\t\t\t\t\t\t\t<\/div>\n\t\t\t\t<\/div>\n\t\t\t\t\t<\/div>\n\t\t\t\t<\/div>\n\t\t<div class=\"elementor-element elementor-element-ab36184 e-flex e-con-boxed e-con e-parent\" data-id=\"ab36184\" data-element_type=\"container\">\n\t\t\t\t\t<div class=\"e-con-inner\">\n\t\t\t\t<div class=\"elementor-element elementor-element-efaaee7 elementor-widget elementor-widget-text-editor\" data-id=\"efaaee7\" data-element_type=\"widget\" data-widget_type=\"text-editor.default\">\n\t\t\t\t<div class=\"elementor-widget-container\">\n\t\t\t\t\t\t\t\t\t<p>Zak Martin tambi\u00e9n estableci\u00f3 su propia consulta privada en Kensington, Londres. Entre sus clientes se encontraban miembros de la realeza, pol\u00edticos, directores ejecutivos de grandes empresas, estrellas del pop, personalidades del cine y la televisi\u00f3n, as\u00ed como departamentos policiales internacionales que buscaban su ayuda para resolver cr\u00edmenes.<\/p>\t\t\t\t\t\t\t\t<\/div>\n\t\t\t\t<\/div>\n\t\t\t\t\t<\/div>\n\t\t\t\t<\/div>\n\t\t<div class=\"elementor-element elementor-element-6d19d1e e-flex e-con-boxed e-con e-parent\" data-id=\"6d19d1e\" data-element_type=\"container\">\n\t\t\t\t\t<div class=\"e-con-inner\">\n\t\t\t\t<div class=\"elementor-element elementor-element-44a9388 elementor-widget elementor-widget-image\" data-id=\"44a9388\" data-element_type=\"widget\" data-widget_type=\"image.default\">\n\t\t\t\t<div class=\"elementor-widget-container\">\n\t\t\t\t\t\t\t\t\t\t\t\t\t\t\t<img loading=\"lazy\" decoding=\"async\" width=\"350\" height=\"68\" src=\"https:\/\/zakmartin.com\/wp-content\/uploads\/2025\/03\/celebrities1.gif\" class=\"attachment-large size-large wp-image-1603\" alt=\"Celebrities\" \/>\t\t\t\t\t\t\t\t\t\t\t\t\t\t\t<\/div>\n\t\t\t\t<\/div>\n\t\t\t\t\t<\/div>\n\t\t\t\t<\/div>\n\t\t<div class=\"elementor-element elementor-element-b4fe261 e-flex e-con-boxed e-con e-parent\" data-id=\"b4fe261\" data-element_type=\"container\">\n\t\t\t\t\t<div class=\"e-con-inner\">\n\t\t\t\t<div class=\"elementor-element elementor-element-08f0395 elementor-widget elementor-widget-text-editor\" data-id=\"08f0395\" data-element_type=\"widget\" data-widget_type=\"text-editor.default\">\n\t\t\t\t<div class=\"elementor-widget-container\">\n\t\t\t\t\t\t\t\t\t<p>Apart from his work as a psychic, Zak Martin has many interests, including song-writing, music production, painting (his paintings and sketches are in high demand), martial arts, photography and chess. He is also actively involved with the Anti War Movement, and a lifelong advocate for Palestinian independence. He is founder of <a href=\"https:\/\/www.facebook.com\/groups\/recognisepalestine\" target=\"_blank\" rel=\"noopener\">Recognise Palestine<\/a>, que aboga por el reconocimiento oficial de Palestina y cuenta con casi 50.000 miembros. Tambi\u00e9n cre\u00f3 una petici\u00f3n en <a href=\"https:\/\/www.change.org\/p\/google-inc-google-put-palestine-on-your-maps\" target=\"_blank\" rel=\"noopener\">petici\u00f3n en Change.org<\/a> solicitando a Google incluir Palestina en Google Maps. Esta petici\u00f3n ha sido firmada por m\u00e1s de dos millones de personas y ha recibido apoyo p\u00fablico de figuras destacadas como la periodista Abby Martin, el m\u00fasico Roger Waters y la cantante <a href=\"https:\/\/www.middleeastmonitor.com\/20200722-put-palestine-back-on-the-map-demands-madonna\/\" target=\"_blank\" rel=\"noopener\">Madonna<\/a>. Adem\u00e1s, Martin ha escrito numerosos art\u00edculos sobre temas pol\u00edticos y humanitarios.<\/p>\t\t\t\t\t\t\t\t<\/div>\n\t\t\t\t<\/div>\n\t\t\t\t\t<\/div>\n\t\t\t\t<\/div>\n\t\t<div class=\"elementor-element elementor-element-ac40933 e-flex e-con-boxed e-con e-parent\" data-id=\"ac40933\" data-element_type=\"container\">\n\t\t\t\t\t<div class=\"e-con-inner\">\n\t\t\t\t<div class=\"elementor-element elementor-element-96a5969 elementor-widget elementor-widget-image\" data-id=\"96a5969\" data-element_type=\"widget\" data-widget_type=\"image.default\">\n\t\t\t\t<div class=\"elementor-widget-container\">\n\t\t\t\t\t\t\t\t\t\t\t\t\t\t\t<img loading=\"lazy\" decoding=\"async\" width=\"350\" height=\"71\" src=\"https:\/\/zakmartin.com\/wp-content\/uploads\/2025\/03\/rachel1.gif\" class=\"attachment-large size-large wp-image-1613\" alt=\"Rachel murray\" \/>\t\t\t\t\t\t\t\t\t\t\t\t\t\t\t<\/div>\n\t\t\t\t<\/div>\n\t\t\t\t\t<\/div>\n\t\t\t\t<\/div>\n\t\t<div class=\"elementor-element elementor-element-e9f436c e-flex e-con-boxed e-con e-parent\" data-id=\"e9f436c\" data-element_type=\"container\">\n\t\t\t\t\t<div class=\"e-con-inner\">\n\t\t\t\t<div class=\"elementor-element elementor-element-30f96e6 elementor-widget elementor-widget-text-editor\" data-id=\"30f96e6\" data-element_type=\"widget\" data-widget_type=\"text-editor.default\">\n\t\t\t\t<div class=\"elementor-widget-container\">\n\t\t\t\t\t\t\t\t\t<p>Zak Martin tiene dos hijas: Gal\u00e9na, fruto de su relaci\u00f3n con la exmodelo irlandesa Rachel Murray; y Niamh, nacida de una relaci\u00f3n anterior. Gal\u00e9na es una m\u00fasica talentosa que toca varios instrumentos; ha actuado en el Irish National Concert Hall con la orquesta Irish Academy of Music tocando el violonchelo y tambi\u00e9n en conciertos pop tocando el bajo el\u00e9ctrico. Su debut p\u00fablico fue presentado por The Edge, guitarrista de U2. Niamh dirige un estudio de peluquer\u00eda y belleza en Dubl\u00edn.<\/p>\t\t\t\t\t\t\t\t<\/div>\n\t\t\t\t<\/div>\n\t\t\t\t\t<\/div>\n\t\t\t\t<\/div>\n\t\t<div class=\"elementor-element elementor-element-9fd83fa e-flex e-con-boxed e-con e-parent\" data-id=\"9fd83fa\" data-element_type=\"container\">\n\t\t\t\t\t<div class=\"e-con-inner\">\n\t\t\t\t<div class=\"elementor-element elementor-element-6cff6ee elementor-widget elementor-widget-image\" data-id=\"6cff6ee\" data-element_type=\"widget\" data-widget_type=\"image.default\">\n\t\t\t\t<div class=\"elementor-widget-container\">\n\t\t\t\t\t\t\t\t\t\t\t\t\t\t\t<img loading=\"lazy\" decoding=\"async\" width=\"350\" height=\"71\" src=\"https:\/\/zakmartin.com\/wp-content\/uploads\/2025\/03\/galena1.gif\" class=\"attachment-large size-large wp-image-1606\" alt=\"Galena martin\" \/>\t\t\t\t\t\t\t\t\t\t\t\t\t\t\t<\/div>\n\t\t\t\t<\/div>\n\t\t\t\t\t<\/div>\n\t\t\t\t<\/div>\n\t\t<div class=\"elementor-element elementor-element-3c2fb42 e-flex e-con-boxed e-con e-parent\" data-id=\"3c2fb42\" data-element_type=\"container\">\n\t\t\t\t\t<div class=\"e-con-inner\">\n\t\t\t\t<div class=\"elementor-element elementor-element-d0c7125 elementor-widget elementor-widget-text-editor\" data-id=\"d0c7125\" data-element_type=\"widget\" data-widget_type=\"text-editor.default\">\n\t\t\t\t<div class=\"elementor-widget-container\">\n\t\t\t\t\t\t\t\t\t<p>Actualmente vive en Granada, al sur de Espa\u00f1a, donde dirige un centro hol\u00edstico y lidera la principal red nacional de terapeutas hol\u00edsticos <a href=\"https:\/\/redholistica.es\/\" target=\"_blank\" rel=\"noopener\">Red Hol\u00edstica<\/a>y publica el directorio online de Espa\u00f1a para profesionales hol\u00edsticos <a href=\"https:\/\/directorioholistico.es\/\" target=\"_blank\" rel=\"noopener\">Directorio Hol\u00edstico<\/a>. Adem\u00e1s, es propietario de varias empresas no relacionadas con el \u00e1mbito ps\u00edquico, como el portal tur\u00edstico <a href=\"https:\/\/costatropical.com\/\" target=\"_blank\" rel=\"noopener\">CostaTropical.com<\/a>, el canal de televisi\u00f3n digital<a href=\"https:\/\/costatropical.tv\/\" target=\"_blank\" rel=\"noopener\"> Costa Tropical TV<\/a>. Tambi\u00e9n es CEO de la empresa inmobiliario de lujo <a href=\"https:\/\/www.granadaproperties.com\/\" target=\"_blank\" rel=\"noopener\">Granada Properties<\/a>, que colabor\u00f3 con investigaciones para la popular serie <strong>Living in the Sun<\/strong>.<\/p>\t\t\t\t\t\t\t\t<\/div>\n\t\t\t\t<\/div>\n\t\t\t\t\t<\/div>\n\t\t\t\t<\/div>\n\t\t<div class=\"elementor-element elementor-element-1da1108 e-flex e-con-boxed e-con e-parent\" data-id=\"1da1108\" data-element_type=\"container\">\n\t\t\t\t\t<div class=\"e-con-inner\">\n\t\t\t\t<div class=\"elementor-element elementor-element-25f0388 elementor-widget elementor-widget-image\" data-id=\"25f0388\" data-element_type=\"widget\" data-widget_type=\"image.default\">\n\t\t\t\t<div class=\"elementor-widget-container\">\n\t\t\t\t\t\t\t\t\t\t\t\t\t\t\t<img loading=\"lazy\" decoding=\"async\" width=\"350\" height=\"71\" src=\"https:\/\/zakmartin.com\/wp-content\/uploads\/2025\/03\/zakjamsession.gif\" class=\"attachment-large size-large wp-image-1614\" alt=\"zak martin at jam session\" \/>\t\t\t\t\t\t\t\t\t\t\t\t\t\t\t<\/div>\n\t\t\t\t<\/div>\n\t\t\t\t\t<\/div>\n\t\t\t\t<\/div>\n\t\t<div class=\"elementor-element elementor-element-05c98c9 e-flex e-con-boxed e-con e-parent\" data-id=\"05c98c9\" data-element_type=\"container\">\n\t\t\t\t\t<div class=\"e-con-inner\">\n\t\t\t\t<div class=\"elementor-element elementor-element-308a37b elementor-widget elementor-widget-text-editor\" data-id=\"308a37b\" data-element_type=\"widget\" data-widget_type=\"text-editor.default\">\n\t\t\t\t<div class=\"elementor-widget-container\">\n\t\t\t\t\t\t\t\t\t<p>Zak Martin disfruta relaj\u00e1ndose tocando guitarra jazz y blues; ocasionalmente participa en sesiones musicales en locales del sur de Espa\u00f1a ante audiencias que desconocen su renombre como clarividente, autor y figura destacada del movimiento New Age.<\/p>\t\t\t\t\t\t\t\t<\/div>\n\t\t\t\t<\/div>\n\t\t\t\t\t<\/div>\n\t\t\t\t<\/div>\n\t\t<div class=\"elementor-element elementor-element-b840e9a e-flex e-con-boxed e-con e-parent\" data-id=\"b840e9a\" data-element_type=\"container\">\n\t\t\t\t\t<div class=\"e-con-inner\">\n\t\t\t\t<div class=\"elementor-element elementor-element-1079e59 elementor-widget elementor-widget-image\" data-id=\"1079e59\" data-element_type=\"widget\" data-widget_type=\"image.default\">\n\t\t\t\t<div class=\"elementor-widget-container\">\n\t\t\t\t\t\t\t\t\t\t\t\t\t\t\t<img loading=\"lazy\" decoding=\"async\" width=\"768\" height=\"357\" src=\"https:\/\/zakmartin.com\/wp-content\/uploads\/2025\/11\/zak-pool-villa3-768x357.jpg\" class=\"attachment-medium_large size-medium_large wp-image-4441\" alt=\"\" srcset=\"https:\/\/zakmartin.com\/wp-content\/uploads\/2025\/11\/zak-pool-villa3-768x357.jpg 768w, https:\/\/zakmartin.com\/wp-content\/uploads\/2025\/11\/zak-pool-villa3-300x139.jpg 300w, https:\/\/zakmartin.com\/wp-content\/uploads\/2025\/11\/zak-pool-villa3-1024x476.jpg 1024w, https:\/\/zakmartin.com\/wp-content\/uploads\/2025\/11\/zak-pool-villa3-18x8.jpg 18w, https:\/\/zakmartin.com\/wp-content\/uploads\/2025\/11\/zak-pool-villa3.jpg 1168w\" sizes=\"(max-width: 768px) 100vw, 768px\" \/>\t\t\t\t\t\t\t\t\t\t\t\t\t\t\t<\/div>\n\t\t\t\t<\/div>\n\t\t\t\t\t<\/div>\n\t\t\t\t<\/div>\n\t\t<div class=\"elementor-element elementor-element-54bea16 e-flex e-con-boxed e-con e-parent\" data-id=\"54bea16\" data-element_type=\"container\">\n\t\t\t\t\t<div class=\"e-con-inner\">\n\t\t\t\t<div class=\"elementor-element elementor-element-e4c6b6b elementor-widget elementor-widget-text-editor\" data-id=\"e4c6b6b\" data-element_type=\"widget\" data-widget_type=\"text-editor.default\">\n\t\t\t\t<div class=\"elementor-widget-container\">\n\t\t\t\t\t\t\t\t\t<p>Zak Martin has been featured extensively on TV, radio and in the world press. He is happy to give interviews, but will only consider taking part in TV\/radio programmes on psychic, psychological, sociological, scientific and political topics which, in his opinion, are intelligent and thought-provoking. He is not a medium and does not communicate with dead people, nor is he interested in ghostly visitations or other &#8220;spooky&#8221; events that may or may not go bump in the night. His area of interest and expertise is primarily in things that go bump in the mind.<\/p>\t\t\t\t\t\t\t\t<\/div>\n\t\t\t\t<\/div>\n\t\t\t\t\t<\/div>\n\t\t\t\t<\/div>\n\t\t<div class=\"elementor-element elementor-element-0f91471 e-flex e-con-boxed e-con e-parent\" data-id=\"0f91471\" data-element_type=\"container\">\n\t\t\t\t\t<div class=\"e-con-inner\">\n\t\t\t\t<div class=\"elementor-element elementor-element-dac6c7d elementor-widget elementor-widget-image\" data-id=\"dac6c7d\" data-element_type=\"widget\" data-widget_type=\"image.default\">\n\t\t\t\t<div class=\"elementor-widget-container\">\n\t\t\t\t\t\t\t\t\t\t\t\t\t\t\t<img loading=\"lazy\" decoding=\"async\" width=\"563\" height=\"409\" src=\"https:\/\/zakmartin.com\/wp-content\/uploads\/2025\/03\/zak_martin_granada.png\" class=\"attachment-large size-large wp-image-1706\" alt=\"Zak Martin in Granada\" srcset=\"https:\/\/zakmartin.com\/wp-content\/uploads\/2025\/03\/zak_martin_granada.png 563w, https:\/\/zakmartin.com\/wp-content\/uploads\/2025\/03\/zak_martin_granada-300x218.png 300w\" sizes=\"(max-width: 563px) 100vw, 563px\" \/>\t\t\t\t\t\t\t\t\t\t\t\t\t\t\t<\/div>\n\t\t\t\t<\/div>\n\t\t\t\t\t<\/div>\n\t\t\t\t<\/div>\n\t\t\t\t<\/div>","protected":false},"excerpt":{"rendered":"<p>Biography Zak Martin was born and grew up in Dublin, Ireland. As a child he was a musical prodigy, able to play virtually every instrument expertly, despite never having received musical training of any kind. He studied Psychology, but his real interest was in the hidden powers of the mind, including such abilities as clairvoyance&#8230;<\/p>","protected":false},"author":1,"featured_media":0,"parent":0,"menu_order":0,"comment_status":"closed","ping_status":"closed","template":"elementor_header_footer","meta":{"_kad_post_transparent":"","_kad_post_title":"hide","_kad_post_layout":"fullwidth","_kad_post_sidebar_id":"","_kad_post_content_style":"unboxed","_kad_post_vertical_padding":"hide","_kad_post_feature":"hide","_kad_post_feature_position":"","_kad_post_header":false,"_kad_post_footer":false,"footnotes":""},"class_list":["post-8","page","type-page","status-publish","hentry"],"_links":{"self":[{"href":"https:\/\/zakmartin.com\/es\/wp-json\/wp\/v2\/pages\/8","targetHints":{"allow":["GET"]}}],"collection":[{"href":"https:\/\/zakmartin.com\/es\/wp-json\/wp\/v2\/pages"}],"about":[{"href":"https:\/\/zakmartin.com\/es\/wp-json\/wp\/v2\/types\/page"}],"author":[{"embeddable":true,"href":"https:\/\/zakmartin.com\/es\/wp-json\/wp\/v2\/users\/1"}],"replies":[{"embeddable":true,"href":"https:\/\/zakmartin.com\/es\/wp-json\/wp\/v2\/comments?post=8"}],"version-history":[{"count":110,"href":"https:\/\/zakmartin.com\/es\/wp-json\/wp\/v2\/pages\/8\/revisions"}],"predecessor-version":[{"id":4454,"href":"https:\/\/zakmartin.com\/es\/wp-json\/wp\/v2\/pages\/8\/revisions\/4454"}],"wp:attachment":[{"href":"https:\/\/zakmartin.com\/es\/wp-json\/wp\/v2\/media?parent=8"}],"curies":[{"name":"wp","href":"https:\/\/api.w.org\/{rel}","templated":true}]}}