{"id":3861,"date":"2025-04-09T16:04:49","date_gmt":"2025-04-09T16:04:49","guid":{"rendered":"https:\/\/zakmartin.com\/?page_id=3861"},"modified":"2025-04-09T17:52:08","modified_gmt":"2025-04-09T17:52:08","slug":"intuition_and_creativity","status":"publish","type":"page","link":"https:\/\/zakmartin.com\/es\/intuition_and_creativity\/","title":{"rendered":"Intuici\u00f3n y creatividad"},"content":{"rendered":"<div data-elementor-type=\"wp-page\" data-elementor-id=\"3861\" class=\"elementor elementor-3861\" data-elementor-post-type=\"page\">\n\t\t\t\t<div class=\"elementor-element elementor-element-71579b6 e-flex e-con-boxed e-con e-parent\" data-id=\"71579b6\" data-element_type=\"container\" data-settings=\"{&quot;background_background&quot;:&quot;classic&quot;}\">\n\t\t\t\t\t<div class=\"e-con-inner\">\n\t\t<div class=\"elementor-element elementor-element-c5b90a0 e-con-full e-flex e-con e-child\" data-id=\"c5b90a0\" data-element_type=\"container\">\n\t\t\t\t<div class=\"elementor-element elementor-element-1372351 elementor-widget elementor-widget-heading\" data-id=\"1372351\" data-element_type=\"widget\" data-widget_type=\"heading.default\">\n\t\t\t\t<div class=\"elementor-widget-container\">\n\t\t\t\t\t<h2 class=\"elementor-heading-title elementor-size-default\">Intuici\u00f3n y creatividad<\/h2>\t\t\t\t<\/div>\n\t\t\t\t<\/div>\n\t\t\t\t<div class=\"elementor-element elementor-element-b66421c elementor-widget elementor-widget-heading\" data-id=\"b66421c\" data-element_type=\"widget\" data-widget_type=\"heading.default\">\n\t\t\t\t<div class=\"elementor-widget-container\">\n\t\t\t\t\t<h2 class=\"elementor-heading-title elementor-size-default\">por Tara Fitzgerald<\/h2>\t\t\t\t<\/div>\n\t\t\t\t<\/div>\n\t\t\t\t<\/div>\n\t\t\t\t\t<\/div>\n\t\t\t\t<\/div>\n\t\t<div class=\"elementor-element elementor-element-4225306 e-flex e-con-boxed e-con e-parent\" data-id=\"4225306\" data-element_type=\"container\" data-settings=\"{&quot;background_background&quot;:&quot;classic&quot;}\">\n\t\t\t\t\t<div class=\"e-con-inner\">\n\t\t\t\t<div class=\"elementor-element elementor-element-3469d3b elementor-widget elementor-widget-text-editor\" data-id=\"3469d3b\" data-element_type=\"widget\" data-widget_type=\"text-editor.default\">\n\t\t\t\t<div class=\"elementor-widget-container\">\n\t\t\t\t\t\t\t\t\t<p>Zak Martin es ampliamente reconocido como uno de los ps\u00edquicos m\u00e1s destacados del mundo y una autoridad l\u00edder en el \u00e1mbito de la parapsicolog\u00eda y los fen\u00f3menos paranormales. Durante los \u00faltimos veinticinco a\u00f1os ha participado en, y dirigido, miles de experimentos sobre telepat\u00eda, clarividencia, precognici\u00f3n y psicokinesis, y es consultado regularmente por compa\u00f1\u00edas de televisi\u00f3n para asesorar en programas relacionados con temas paranormales.<\/p><p>Zak Martin cree que todos poseemos percepci\u00f3n extrasensorial (ESP, por sus siglas en ingl\u00e9s) que puede desarrollarse con el entrenamiento adecuado. \"La ESP juega un papel mucho m\u00e1s grande e importante en nuestras vidas de lo que la mayor\u00eda de las personas se da cuenta\", dice. La considera una facultad natural y subliminal, que emerge bajo ciertas condiciones psicol\u00f3gicas.<\/p><p>\"Algunas personas son esc\u00e9pticas respecto a la ESP, pero no tienen problemas en aceptar 'corazonadas', 'intuici\u00f3n' e 'instinto'. Yo considero que estos son diferentes aspectos del mismo poder. La ESP es, si se quiere, el filo afilado de la intuici\u00f3n\".<\/p><p>Ve el desarrollo de la ESP no como un fin en s\u00ed mismo, sino como un medio para explorar el \"espacio interior\" y desarrollar potentes habilidades creativas.<\/p><p>\"Existe un v\u00ednculo fuerte entre la conciencia ps\u00edquica y todas las formas de creatividad, incluyendo el arte, la m\u00fasica, la escritura, etc.\", afirma. \"Y los ejercicios que permiten a una persona mejorar sus habilidades ESP tambi\u00e9n sirven para aumentar sus facultades creativas en general.<\/p><p>\"Muchas de las obras de arte m\u00e1s importantes \u2013incluyendo sinfon\u00edas musicales, obras literarias, pinturas e incluso descubrimientos cient\u00edficos\u2013 fueron producidas por individuos mientras se encontraban en un estado de conciencia ps\u00edquica elevada\".<\/p><p>Martin compara la ESP con una especie de radar ps\u00edquico invisible que escanea el entorno \u2013y el futuro\u2013 influyendo en los eventos y relaciones de formas que rara vez se sospechan.<\/p><p>\"La mente ps\u00edquica viaja por delante, preparando el escenario para los eventos que vendr\u00e1n, 'emitiendo' mensajes subliminales basados en nuestros pensamientos, sentimientos y, sobre todo, nuestras expectativas inconscientes. A trav\u00e9s de la ESP subliminal, literalmente creamos nuestro propio futuro\".<\/p><p>Tambi\u00e9n cree que la ESP es un factor importante en cuestiones de \"suerte\", salud, negocios, relaciones personales y atracci\u00f3n.<\/p><p>Zak Martin cita estos ejemplos comunes de ESP espont\u00e1nea con los que la mayor\u00eda de las personas estar\u00e1n familiarizadas: Est\u00e1s sentado en casa relaj\u00e1ndote cuando, sin raz\u00f3n aparente, de repente piensas en un viejo amigo a quien no has visto ni o\u00eddo en mucho tiempo. Cinco minutos despu\u00e9s, suena el timbre y tu amigo est\u00e1 en la puerta\u2026<\/p><p>Ves a una persona que crees reconocer en una calle llena de gente, pero cuando te acercas, te das cuenta de que cometiste un error, y la persona es un extra\u00f1o. Unos minutos despu\u00e9s te encuentras con la persona que pensaste que hab\u00edas visto\u2026<\/p><p>Visitas un lugar por primera vez y te impacta una extra\u00f1a sensaci\u00f3n de reconocimiento: una sensaci\u00f3n de \"he estado aqu\u00ed antes...\"<\/p><p>El tel\u00e9fono suena, y en el momento en que levantas el auricular sabes, con total certeza, la identidad de la persona que llama\u2026<\/p><p>Est\u00e1s caminando con un amigo cuando, de repente, ambos empiezan a tararear la misma melod\u00eda, en el misma tono, al mismo tiempo\u2026<\/p><p>La ESP espont\u00e1nea de este tipo es familiar para la mayor\u00eda de las personas; y para aquellos individuos con una gran aptitud para la percepci\u00f3n ps\u00edquica, estos destellos de percepci\u00f3n pueden ser sucesos regulares que ocurren muchas veces al d\u00eda. Sin embargo, estos ejemplos llamativos de percepci\u00f3n ps\u00edquica representan solo la punta del iceberg ps\u00edquico. La ESP ocurre constantemente a nivel subliminal, actuando como una especie de radar personal invisible que escanea el entorno \u2013y el futuro\u2013 en busca de potenciales peligros. Solo en aquellos momentos en que la informaci\u00f3n es inusual o dram\u00e1tica somos conscientes del proceso.<\/p><p>La ESP es una habilidad natural, presente en mayor o menor medida en todos, y capaz de desarrollarse con el entrenamiento adecuado. Algunas personas son \"naturales\" que poseen una aptitud especial para la habilidad ps\u00edquica \u2013as\u00ed como algunas personas tienen un talento natural para la m\u00fasica o las matem\u00e1ticas\u2013 pero todos somos ps\u00edquicos en cierto grado, y cada individuo tiene una \"ESP funcional\" que opera a nivel inconsciente, \"entre bastidores\", por as\u00ed decirlo, escaneando el entorno e influyendo en eventos y relaciones.<\/p><p>La ESP afecta nuestras vidas mucho m\u00e1s de lo que la mayor\u00eda de la gente se da cuenta, y de formas que rara vez se sospechan. La mente ps\u00edquica viaja por delante, preparando el escenario para los eventos venideros. A trav\u00e9s de este mecanismo ps\u00edquico ponemos en marcha fuerzas y eventos que modelan el resultado de los momentos m\u00e1s importantes de nuestras vidas.<\/p><p>Las personas que disfrutan de un alto nivel de ESP son \"afortunadas\" en todo lo que hacen. Por \"coincidencia\", siempre est\u00e1n en el lugar correcto en el momento adecuado. Estas personas navegan por la vida sin esfuerzo, con un viento favorable. Esta es la ESP positiva en acci\u00f3n, funcionando por debajo del umbral de la conciencia para evitar obst\u00e1culos y atraer el \u00e9xito.<\/p><p>\u00a9 Tara Fitzgerald<\/p><div align=\"right\">\u00a0<\/div>\t\t\t\t\t\t\t\t<\/div>\n\t\t\t\t<\/div>\n\t\t\t\t\t<\/div>\n\t\t\t\t<\/div>\n\t\t\t\t<\/div>","protected":false},"excerpt":{"rendered":"<p>Intuition and Creativity by Tara Fitzgerald Zak Martin is widely acknowledged as one of the world&#8217;s foremost psychics and a leading authority in the area of parapsychology and paranormal phenomena. Over the last twenty-five years he has taken part in, and conducted, many thousands of experiments into telepathy, clairvoyance, precognition and psychokinesis, and he is&#8230;<\/p>","protected":false},"author":1,"featured_media":0,"parent":0,"menu_order":0,"comment_status":"closed","ping_status":"closed","template":"elementor_header_footer","meta":{"_kad_post_transparent":"","_kad_post_title":"","_kad_post_layout":"","_kad_post_sidebar_id":"","_kad_post_content_style":"","_kad_post_vertical_padding":"","_kad_post_feature":"","_kad_post_feature_position":"","_kad_post_header":false,"_kad_post_footer":false,"footnotes":""},"class_list":["post-3861","page","type-page","status-publish","hentry"],"_links":{"self":[{"href":"https:\/\/zakmartin.com\/es\/wp-json\/wp\/v2\/pages\/3861","targetHints":{"allow":["GET"]}}],"collection":[{"href":"https:\/\/zakmartin.com\/es\/wp-json\/wp\/v2\/pages"}],"about":[{"href":"https:\/\/zakmartin.com\/es\/wp-json\/wp\/v2\/types\/page"}],"author":[{"embeddable":true,"href":"https:\/\/zakmartin.com\/es\/wp-json\/wp\/v2\/users\/1"}],"replies":[{"embeddable":true,"href":"https:\/\/zakmartin.com\/es\/wp-json\/wp\/v2\/comments?post=3861"}],"version-history":[{"count":7,"href":"https:\/\/zakmartin.com\/es\/wp-json\/wp\/v2\/pages\/3861\/revisions"}],"predecessor-version":[{"id":3875,"href":"https:\/\/zakmartin.com\/es\/wp-json\/wp\/v2\/pages\/3861\/revisions\/3875"}],"wp:attachment":[{"href":"https:\/\/zakmartin.com\/es\/wp-json\/wp\/v2\/media?parent=3861"}],"curies":[{"name":"wp","href":"https:\/\/api.w.org\/{rel}","templated":true}]}}