{"id":3853,"date":"2025-04-09T16:00:54","date_gmt":"2025-04-09T16:00:54","guid":{"rendered":"https:\/\/zakmartin.com\/?page_id=3853"},"modified":"2025-04-14T10:46:13","modified_gmt":"2025-04-14T10:46:13","slug":"remote-viewing","status":"publish","type":"page","link":"https:\/\/zakmartin.com\/es\/remote-viewing\/","title":{"rendered":"Visi\u00f3n remota"},"content":{"rendered":"<div data-elementor-type=\"wp-page\" data-elementor-id=\"3853\" class=\"elementor elementor-3853\" data-elementor-post-type=\"page\">\n\t\t\t\t<div class=\"elementor-element elementor-element-71579b6 e-flex e-con-boxed e-con e-parent\" data-id=\"71579b6\" data-element_type=\"container\" data-e-type=\"container\" data-settings=\"{&quot;background_background&quot;:&quot;classic&quot;}\">\n\t\t\t\t\t<div class=\"e-con-inner\">\n\t\t<div class=\"elementor-element elementor-element-c5b90a0 e-con-full e-flex e-con e-child\" data-id=\"c5b90a0\" data-element_type=\"container\" data-e-type=\"container\">\n\t\t\t\t<div class=\"elementor-element elementor-element-1372351 elementor-widget elementor-widget-heading\" data-id=\"1372351\" data-element_type=\"widget\" data-e-type=\"widget\" data-widget_type=\"heading.default\">\n\t\t\t\t<div class=\"elementor-widget-container\">\n\t\t\t\t\t<h2 class=\"elementor-heading-title elementor-size-default\">Visi\u00f3n remota<\/h2>\t\t\t\t<\/div>\n\t\t\t\t<\/div>\n\t\t\t\t<div class=\"elementor-element elementor-element-b66421c elementor-widget elementor-widget-heading\" data-id=\"b66421c\" data-element_type=\"widget\" data-e-type=\"widget\" data-widget_type=\"heading.default\">\n\t\t\t\t<div class=\"elementor-widget-container\">\n\t\t\t\t\t<h2 class=\"elementor-heading-title elementor-size-default\">Zak Martin<\/h2>\t\t\t\t<\/div>\n\t\t\t\t<\/div>\n\t\t\t\t<\/div>\n\t\t\t\t\t<\/div>\n\t\t\t\t<\/div>\n\t\t<div class=\"elementor-element elementor-element-4225306 e-flex e-con-boxed e-con e-parent\" data-id=\"4225306\" data-element_type=\"container\" data-e-type=\"container\" data-settings=\"{&quot;background_background&quot;:&quot;classic&quot;}\">\n\t\t\t\t\t<div class=\"e-con-inner\">\n\t\t\t\t<div class=\"elementor-element elementor-element-3469d3b elementor-widget elementor-widget-text-editor\" data-id=\"3469d3b\" data-element_type=\"widget\" data-e-type=\"widget\" data-widget_type=\"text-editor.default\">\n\t\t\t\t<div class=\"elementor-widget-container\">\n\t\t\t\t\t\t\t\t\t<p>La t\u00e9cnica b\u00e1sica implica un \"agente\", que visita una ubicaci\u00f3n elegida al azar e intenta \"transmitir\" im\u00e1genes mentales a un espectador remoto distante, o \"sujeto\".<br \/>Anteriormente, el agente y el sujeto habr\u00edan sido llamados \"emisor\" y \"receptor\", respectivamente. Sin embargo, la mayor\u00eda de los investigadores de PES ahora creen que no hay transmisi\u00f3n de informaci\u00f3n en el sentido usual, sino que la PES parece involucrar un proceso similar al cu\u00e1ntico, por el cual la informaci\u00f3n (y los pensamientos) pueden viajar de un punto en el espacio y el tiempo a otro sin pasar f\u00edsicamente a trav\u00e9s del espacio intermedio. Los electrones hacen esto todo el tiempo. Para ir de un lugar a otro, un electr\u00f3n adopta una existencia fantasmal y parcial (denominada \"superposici\u00f3n de estados\") en la que est\u00e1 en todas partes y en ninguna parte simult\u00e1neamente: se convierte en una potencialidad distribuida universalmente, un \"fantasma\", antes de volver a materializarse en una ubicaci\u00f3n diferente. Las part\u00edculas at\u00f3micas se mueven dentro y fuera de la existencia (y de un lugar a otro) de esta manera todo el tiempo. Muchos parapsic\u00f3logos, yo incluido, creemos que la informaci\u00f3n puede viajar de un lugar a otro, o de una mente a otra, de la misma forma. Por esto propuse el t\u00e9rmino \"percepci\u00f3n cu\u00e1ntica\" como reemplazo de \"PES\". La telepat\u00eda, la clarividencia, etc., no tienen nada que ver con el proceso sensorial; por el contrario, el proceso sensorial inhibe el psi. Por esto, las habilidades ps\u00edquicas son m\u00e1s fuertes cuanto m\u00e1s abajo en la escalera evolutiva miramos. Los animales son m\u00e1s \"ps\u00edquicos\" que los humanos; los insectos son m\u00e1s \"ps\u00edquicos\" que los animales. Incluso entre los humanos, la habilidad \"ps\u00edquica\" es m\u00e1s fuerte entre las razas denominadas \"primitivas\", es decir, aquellas personas que est\u00e1n m\u00e1s cerca de la naturaleza y que dependen m\u00e1s de la intuici\u00f3n que de la l\u00f3gica, como los abor\u00edgenes australianos, y entre los ni\u00f1os muy peque\u00f1os. Cuanto m\u00e1s sofisticadas o desarrolladas son las facultades cr\u00edticas, menor es el margen para el funcionamiento \"ps\u00edquico\".<\/p><p>Hay otras razones para suponer que la informaci\u00f3n ps\u00edquica no viaja a trav\u00e9s del espacio de la manera convencional. Por ejemplo, se ha encontrado que la comunicaci\u00f3n telep\u00e1tica no se ve afectada por la distancia, y los experimentos en los que el emisor y el receptor estaban separados por miles de millas han producido resultados tan buenos como los de aquellos en los que los participantes estaban en habitaciones contiguas. Los impulsos ps\u00edquicos no parecen verse afectados por la distancia. Esto contraviene la ley del cuadrado inverso, que establece que la intensidad de una fuerza, como la gravedad o la luz, disminuye en proporci\u00f3n inversa al cuadrado de la distancia implicada. Adem\u00e1s, los experimentos sobre telepat\u00eda, clarividencia, etc., en los que tanto el emisor como el receptor estaban rodeados de equipos de blindaje dise\u00f1ados para bloquear todas las formas conocidas de ondas electromagn\u00e9ticas, han dado resultados esencialmente iguales a los de los experimentos en los que no se utiliz\u00f3 dicho blindaje.<\/p><p>La conexi\u00f3n cu\u00e1ntica es importante para la visualizaci\u00f3n remota porque la mayor\u00eda de los experimentos patrocinados por agencias gubernamentales y de seguridad (especialmente la CIA en EE. UU.) se basaron en la premisa cu\u00e1ntica de interconexi\u00f3n.<\/p><p><strong>T\u00e9cnicas de VR<\/strong><\/p><p>Los espectadores remotos utilizan una variedad de t\u00e9cnicas para desarrollar sus habilidades de VR o, m\u00e1s bien, para alcanzar el estado mental que se sabe que es m\u00e1s propenso a la funci\u00f3n psi. Este estado se caracteriza por la producci\u00f3n de un ritmo cerebral alfa (t\u00edpicamente de 8 a 12 Hz). Las principales t\u00e9cnicas son:<\/p><p><strong>Mec\u00e1nicas:<\/strong> El uso de retroalimentaci\u00f3n biol\u00f3gica para monitorear ondas cerebrales y otras funciones biol\u00f3gicas (latido del coraz\u00f3n, respiraci\u00f3n, resistencia galv\u00e1nica de la piel, niveles de \u00e1cido, etc.) y permitir que el sujeto desarrolle control consciente de estas funciones. Otros m\u00e9todos mec\u00e1nicos usados para inducir el estado de mente apropiado incluyen luces y sonidos estrobosc\u00f3picos, cintas subliminales, etc.<\/p><p><strong>Privaci\u00f3n sensorial:<\/strong> Nuevamente, los sentidos inhiben el psi; y cuando los sentidos se apagan, la facultad \"ps\u00edquica\" sale a la luz. Es bien sabido, por ejemplo, que las personas ciegas a menudo desarrollan un \"sexto sentido\". Las t\u00e9cnicas de privaci\u00f3n sensorial incluyen programas de VR (realidad virtual), inmersi\u00f3n en tanques de aislamiento (\"flotaci\u00f3n\") o, en el nivel m\u00e1s simple, simples vendas en los ojos y tapones para los o\u00eddos para minimizar la entrada sensorial.<\/p><p><strong>Drogas:<\/strong> Se utiliza una amplia gama de drogas psicoactivas y psicotr\u00f3picas (\"expandidoras de la mente\") para mejorar la sensibilidad de VR, incluyendo mescalina y \u00e1cido lis\u00e9rgico (LSD).<\/p><p><strong>Autog\u00e9nicas:<\/strong> Una variedad de t\u00e9cnicas no mec\u00e1nicas y no asistidas, como auto-sugesti\u00f3n, autohipnosis, respiraci\u00f3n controlada, yoga, meditaci\u00f3n, relajaci\u00f3n profunda, etc.<\/p><p>Estas t\u00e9cnicas, que a menudo se utilizan en combinaci\u00f3n, se basan en factores que se han encontrado a trav\u00e9s de la experimentaci\u00f3n y que coinciden con una mayor sensibilidad psi o habilidad \"ps\u00edquica\".<\/p><p><strong>ESP-ionaje<\/strong><br \/>Los sujetos de visualizaci\u00f3n remota empleados por agencias de inteligencia para realizar \"ESP-ionaje\" (por ejemplo, localizar instalaciones subterr\u00e1neas de misiles, localizar y rastrear a personal militar clave, etc.) suelen ser estudiantes universitarios que han obtenido altas puntuaciones en pruebas de telepat\u00eda, clarividencia, etc. La mayor\u00eda de los laboratorios de PES est\u00e1n adjuntos a universidades.<\/p><p><strong>M\u00e9todo experimental de VR<\/strong><br \/>Un experimento t\u00edpico de VR involucrar\u00eda varios elementos. En primer lugar, se debe elegir una ubicaci\u00f3n objetivo (de entre varias otras) mediante alg\u00fan proceso aleatorio. Nadie, ni siquiera los experimentadores, debe saber qu\u00e9 objetivo ha sido elegido. En t\u00e9rminos pr\u00e1cticos, esto generalmente significa que las direcciones de las ubicaciones objetivo y los detalles sobre c\u00f3mo llegar a ellas se colocan en sobres sellados (por ejemplo). Se dise\u00f1a un m\u00e9todo mediante el cual el agente (la persona que visitar\u00e1 la ubicaci\u00f3n) selecciona uno de estos al azar. Luego, \u00e9l o ella conduce o es llevado a la ubicaci\u00f3n elegida mientras el sujeto o los sujetos, bajo estricta observaci\u00f3n en un laboratorio distante, deben describir lo que \"ven\".<\/p><p>Tambi\u00e9n es posible realizar la visualizaci\u00f3n remota sin un agente. Por ejemplo, a un espectador se le pueden dar coordenadas de un mapa y se le pide que describa lo que \"ve\" en esa ubicaci\u00f3n. O se les puede mostrar una fotograf\u00eda de una persona y pedirles que describan sus alrededores.<\/p><p>Uno de los m\u00e9todos m\u00e1s efectivos es obtener el mayor n\u00famero posible de espectadores remotos para que registren sus impresiones de una escena y luego reunir los detalles que han dado para llegar a una imagen consensuada. Por ejemplo, veinte espectadores remotos podr\u00edan estar equivocados en varios aspectos, pero no estar\u00e1n de acuerdo en estos puntos incorrectos. Sin embargo, en los puntos en los que est\u00e9n correctos, sus impresiones probablemente coincidir\u00e1n.<\/p><p>En los experimentos de VR, los resultados se eval\u00faan pidiendo a un panel de jueces, que no han participado en las pruebas y no saben cu\u00e1l es la ubicaci\u00f3n correcta, que lean la descripci\u00f3n de cada espectador remoto sobre una escena y luego decidan cu\u00e1l de las ubicaciones originales coincide m\u00e1s estrechamente con esta descripci\u00f3n.<\/p><p>En experimentos de VR menos sofisticados y rutinarios, se le pide al emisor que mire una imagen seleccionada al azar (generalmente en una pantalla de computadora) mientras que un sujeto o varios en una habitaci\u00f3n separada deben describir la escena que el agente est\u00e1 mirando.<\/p><p><strong>Extracto de from \u201cQuantum Perception\u201d:<\/strong><\/p><p>\"Durante la d\u00e9cada de 1960, cuando la Guerra Fr\u00eda estaba en su apogeo, la Uni\u00f3n Sovi\u00e9tica comenz\u00f3 a invertir dinero y recursos en la investigaci\u00f3n de la PES con la esperanza de que les diera ventaja en inteligencia sobre los estadounidenses. Se ve\u00eda la telepat\u00eda y la visualizaci\u00f3n remota como posibles formas de localizar instalaciones de misiles en EE. UU., obtener detalles sobre sistemas de armas secretos, etc. A fines de esa d\u00e9cada, se report\u00f3 que un equipo de los mejores cient\u00edficos sovi\u00e9ticos y checos trabajaba en transmisores electromagn\u00e9ticos que podr\u00edan inducir derrames cerebrales y ataques al coraz\u00f3n, y hubo rumores persistentes de que hab\u00edan construido con \u00e9xito un prototipo de \"generador psicotr\u00f3nico\", un tipo de transmisor telep\u00e1tico destructivo que pod\u00eda desordenar mentes a grandes distancias.<\/p><p>\"Es dif\u00edcil saber cu\u00e1nta credibilidad darle a estos informes. A pesar de la glasnost, sigue siendo pr\u00e1cticamente imposible obtener informaci\u00f3n precisa y confiable sobre este tema en la antigua URSS, y se impone un manto de secreto cada vez que se intenta descubrir la verdad. Sin embargo, dado el tiempo, dinero y recursos que los sovi\u00e9ticos dedicaron a la investigaci\u00f3n en esta \u00e1rea, probablemente sea razonable asumir que se han logrado avances significativos. Los l\u00edderes sovi\u00e9ticos consecutivos han hecho referencias oblicuas a lo largo de los a\u00f1os sobre un arma secreta 'no convencional' en su arsenal, y ha habido especulaciones entre los cient\u00edficos occidentales de que esto podr\u00eda ser alg\u00fan tipo de dispositivo psicotr\u00f3nico o 'bomba mental'.<\/p><p>\"Tambi\u00e9n existe un secreto alrededor de la investigaci\u00f3n realizada por las agencias de inteligencia estadounidenses sobre tecnolog\u00eda ps\u00edquica, y es dif\u00edcil saber si, o en qu\u00e9 medida, EE. UU. ha logrado mantenerse al d\u00eda con los avances sovi\u00e9ticos en esta \u00e1rea. Lo que se sabe es que a finales de la d\u00e9cada de 1960, los analistas de inteligencia estadounidenses, previamente preocupados por una posible 'brecha de misiles', comenzaron a expresar sus preocupaciones sobre la cada vez mayor 'brecha psi', y a principios de la d\u00e9cada de 1970 la CIA y el Pent\u00e1gono comenzaron a financiar de manera abierta y encubierta investigaciones sobre PES, psicokinesis y otras habilidades paranormales. Muy poco sali\u00f3 a la luz sobre esta investigaci\u00f3n hasta 1981, cuando el Comit\u00e9 del Congreso sobre Ciencia y Tecnolog\u00eda anunci\u00f3 que: 'Los experimentos recientes en visualizaci\u00f3n remota y otros estudios en parapsicolog\u00eda sugieren que hay una 'interconexi\u00f3n' de la mente con otras mentes y con la materia'.<\/p><p>\"Solo en los \u00faltimos a\u00f1os han comenzado a surgir detalles sobre esta investigaci\u00f3n, pero ya est\u00e1 claro que la participaci\u00f3n de las agencias de inteligencia de EE. UU. en esta \u00e1rea durante los \u00faltimos veinticinco a\u00f1os ha sido mucho m\u00e1s extensa de lo que se hab\u00eda pensado. Muchas personas se sorprendieron, por ejemplo, cuando sali\u00f3 a la luz recientemente que los esp\u00edas ps\u00edquicos estadounidenses se hab\u00edan usado para localizar instalaciones clave en Teher\u00e1n durante la crisis de los rehenes de 1979-81; para localizar a Muammar Gaddafi antes del bombardeo de Libia en 1986; y para localizar al general Manuel Noriega durante la incursi\u00f3n de EE. UU. en Panam\u00e1 en 1989. 'Visualizaci\u00f3n remota', admitieron funcionarios, tambi\u00e9n se hab\u00eda utilizado en varias otras operaciones militares y de inteligencia importantes, como la localizaci\u00f3n de misiles Silkworm en el Golfo P\u00e9rsico durante la guerra Ir\u00e1n-Iraq y la localizaci\u00f3n de misiles Scud durante la Tormenta del Desierto.<\/p><p>\"No se sabe si los investigadores en EE. UU. exploraron la posibilidad de telepat\u00eda m\u00e1quina o si lograron avances significativos en este campo. Ciertamente, ser\u00eda extra\u00f1o si no hubieran llevado a cabo investigaciones o experimentos en estas l\u00edneas, considerando los muchos informes que han salido de la antigua URSS a lo largo de los a\u00f1os que parec\u00edan sugerir que los cient\u00edficos sovi\u00e9ticos hab\u00edan logrado avances sustanciales en esta \u00e1rea.\"<\/p><div align=\"right\">\u00a0<\/div>\t\t\t\t\t\t\t\t<\/div>\n\t\t\t\t<\/div>\n\t\t\t\t\t<\/div>\n\t\t\t\t<\/div>\n\t\t\t\t<\/div>","protected":false},"excerpt":{"rendered":"<p>Remote Viewing by Zak Martin The basic technique involves an &#8220;agent&#8221;, who visits a randomly-chosen location and attempts to &#8216;transmit&#8217; mental images to a distant remote viewer, or &#8220;subject&#8221;.Previously, agent and subject would have been called &#8220;sender&#8221; and &#8220;receiver&#8221;, respectively. However, most ESP researchers now believe that there is no transmission of information in the&#8230;<\/p>","protected":false},"author":1,"featured_media":0,"parent":0,"menu_order":0,"comment_status":"closed","ping_status":"closed","template":"elementor_header_footer","meta":{"_kad_post_transparent":"","_kad_post_title":"","_kad_post_layout":"","_kad_post_sidebar_id":"","_kad_post_content_style":"","_kad_post_vertical_padding":"","_kad_post_feature":"","_kad_post_feature_position":"","_kad_post_header":false,"_kad_post_footer":false,"footnotes":""},"class_list":["post-3853","page","type-page","status-publish","hentry"],"_links":{"self":[{"href":"https:\/\/zakmartin.com\/es\/wp-json\/wp\/v2\/pages\/3853","targetHints":{"allow":["GET"]}}],"collection":[{"href":"https:\/\/zakmartin.com\/es\/wp-json\/wp\/v2\/pages"}],"about":[{"href":"https:\/\/zakmartin.com\/es\/wp-json\/wp\/v2\/types\/page"}],"author":[{"embeddable":true,"href":"https:\/\/zakmartin.com\/es\/wp-json\/wp\/v2\/users\/1"}],"replies":[{"embeddable":true,"href":"https:\/\/zakmartin.com\/es\/wp-json\/wp\/v2\/comments?post=3853"}],"version-history":[{"count":13,"href":"https:\/\/zakmartin.com\/es\/wp-json\/wp\/v2\/pages\/3853\/revisions"}],"predecessor-version":[{"id":3974,"href":"https:\/\/zakmartin.com\/es\/wp-json\/wp\/v2\/pages\/3853\/revisions\/3974"}],"wp:attachment":[{"href":"https:\/\/zakmartin.com\/es\/wp-json\/wp\/v2\/media?parent=3853"}],"curies":[{"name":"wp","href":"https:\/\/api.w.org\/{rel}","templated":true}]}}