{"id":3845,"date":"2025-04-09T15:56:11","date_gmt":"2025-04-09T15:56:11","guid":{"rendered":"https:\/\/zakmartin.com\/?page_id=3845"},"modified":"2025-04-14T10:49:29","modified_gmt":"2025-04-14T10:49:29","slug":"liz-hodgkinson","status":"publish","type":"page","link":"https:\/\/zakmartin.com\/es\/liz-hodgkinson\/","title":{"rendered":"Could You Be Psychic?"},"content":{"rendered":"<div data-elementor-type=\"wp-page\" data-elementor-id=\"3845\" class=\"elementor elementor-3845\" data-elementor-post-type=\"page\">\n\t\t\t\t<div class=\"elementor-element elementor-element-71579b6 e-flex e-con-boxed e-con e-parent\" data-id=\"71579b6\" data-element_type=\"container\" data-e-type=\"container\" data-settings=\"{&quot;background_background&quot;:&quot;classic&quot;}\">\n\t\t\t\t\t<div class=\"e-con-inner\">\n\t\t<div class=\"elementor-element elementor-element-c5b90a0 e-con-full e-flex e-con e-child\" data-id=\"c5b90a0\" data-element_type=\"container\" data-e-type=\"container\">\n\t\t\t\t<div class=\"elementor-element elementor-element-1372351 elementor-widget elementor-widget-heading\" data-id=\"1372351\" data-element_type=\"widget\" data-e-type=\"widget\" data-widget_type=\"heading.default\">\n\t\t\t\t<div class=\"elementor-widget-container\">\n\t\t\t\t\t<h2 class=\"elementor-heading-title elementor-size-default\">\u00bfPodr\u00edas ser ps\u00edquico?<\/h2>\t\t\t\t<\/div>\n\t\t\t\t<\/div>\n\t\t\t\t<div class=\"elementor-element elementor-element-b66421c elementor-widget elementor-widget-heading\" data-id=\"b66421c\" data-element_type=\"widget\" data-e-type=\"widget\" data-widget_type=\"heading.default\">\n\t\t\t\t<div class=\"elementor-widget-container\">\n\t\t\t\t\t<h2 class=\"elementor-heading-title elementor-size-default\">Liz Hodgkinson<\/h2>\t\t\t\t<\/div>\n\t\t\t\t<\/div>\n\t\t\t\t<div class=\"elementor-element elementor-element-6441c17 elementor-widget elementor-widget-heading\" data-id=\"6441c17\" data-element_type=\"widget\" data-e-type=\"widget\" data-widget_type=\"heading.default\">\n\t\t\t\t<div class=\"elementor-widget-container\">\n\t\t\t\t\t<h2 class=\"elementor-heading-title elementor-size-default\">Extracto de su libro superventas Consejer\u00eda Ps\u00edquica (Harper-Collins)<\/h2>\t\t\t\t<\/div>\n\t\t\t\t<\/div>\n\t\t\t\t<\/div>\n\t\t\t\t\t<\/div>\n\t\t\t\t<\/div>\n\t\t<div class=\"elementor-element elementor-element-4225306 e-flex e-con-boxed e-con e-parent\" data-id=\"4225306\" data-element_type=\"container\" data-e-type=\"container\" data-settings=\"{&quot;background_background&quot;:&quot;classic&quot;}\">\n\t\t\t\t\t<div class=\"e-con-inner\">\n\t\t\t\t<div class=\"elementor-element elementor-element-3469d3b elementor-widget elementor-widget-text-editor\" data-id=\"3469d3b\" data-element_type=\"widget\" data-e-type=\"widget\" data-widget_type=\"text-editor.default\">\n\t\t\t\t<div class=\"elementor-widget-container\">\n\t\t\t\t\t\t\t\t\t<p>La gente suele pensar que debe de ser maravilloso ser ps\u00edquico, poder leer a los dem\u00e1s como un libro abierto y predecir lo que va a pasar. En cierto modo, por supuesto, lo es. Pero a veces, esa visi\u00f3n clara puede ser una carga y un problema para quienes la poseen. A menudo puede ser mejor no ver demasiado, no saber lo que ocurre en la mente de otras personas. \u00bfRealmente querr\u00edas estar constantemente agobiado por todas esas entidades desencarnadas del plano astral intentando captar tu atenci\u00f3n y meter baza?<br \/>A lo largo de la historia, los videntes, adivinos y clarividentes no lo han tenido f\u00e1cil. Como hemos visto, con frecuencia su destino ha sido no ser cre\u00eddos, incluso cuando sab\u00edan con total certeza lo que iba a ocurrir. Los mitos griegos est\u00e1n llenos de profec\u00edas que no se pueden evitar, y la tragedia siempre es que nadie hace caso de la advertencia. O, si escuchan al or\u00e1culo, intentan no prestarle atenci\u00f3n. Hoy en d\u00eda, no ha cambiado mucho la cosa.<br \/>Adem\u00e1s, si lo piensas bien, debe de ser muy desconcertante o\u00edr voces, ver cosas que para los dem\u00e1s no existen, \u201csaber\u201d cosas ocultas para otros o estar en contacto con entidades o energ\u00edas de fuentes inaccesibles para la mayor\u00eda. Como m\u00ednimo, eso te aparta del resto, y no siempre es c\u00f3modo sentirse diferente. Las personas con \u201csegunda vista\u201d o clarividencia a menudo descubren que los dem\u00e1s las consideran locas, desequilibradas o, como poco, muy peculiares.<br \/>Pero parece no haber duda de que hoy en d\u00eda las personas est\u00e1n desarrollando m\u00e1s capacidades ps\u00edquicas que antes. Ahora empezamos a reconocer que los ni\u00f1os peque\u00f1os son ps\u00edquicos, al igual que los animales, ya que a menudo \u201csaben\u201d cosas sin saber c\u00f3mo las saben. Y tambi\u00e9n parece que los adultos est\u00e1n empezando a ser m\u00e1s conscientes a nivel ps\u00edquico.<br \/>Por supuesto, no podemos saber con certeza si la gente se est\u00e1 volviendo m\u00e1s ps\u00edquica o si, como sociedad, estamos empezando a aceptar la validez de esta otra fuente de informaci\u00f3n. Probablemente sea una combinaci\u00f3n de ambas cosas.<br \/>El problema es que, si eres ps\u00edquico, es probable que est\u00e9s m\u00e1s abierto a todo tipo de impresiones, tanto buenas como malas. Puede que sientas que tu mundo est\u00e1 completamente abarrotado de personas, entidades e impresiones, incluso en momentos en los que preferir\u00edas estar solo. Por eso, quienes descubren de forma intensa que tienen un don ps\u00edquico y desean utilizarlo correctamente, deben aprender a \u201ccerrarse\u201d y \u201cabrirse\u201d a voluntad, de modo que la facultad ps\u00edquica pueda canalizarse y utilizarse con fines positivos. De lo contrario, no hay un filtro eficaz que impida el paso a voces o impresiones indeseables.<br \/>En su libro Hungry Ghosts, Joe Fisher da ejemplos de personas dotadas ps\u00edquicamente que permiten que \u201cesp\u00edritus negativos\u201d se manifiesten a trav\u00e9s de ellas, adem\u00e1s de los positivos. Como ya hemos mencionado antes, el don ps\u00edquico es neutral y puede ser tan capaz de permitir el da\u00f1o como de traer el bien.<br \/>Aunque muy pocas personas son ps\u00edquicos poderosos \u2014de la misma manera que muy pocos son pianistas de concierto de fama mundial o artistas reconocidos\u2014, la mayor\u00eda de nosotros tenemos al menos un cierto grado de capacidad ps\u00edquica. \u00bfQu\u00e9 tan precisa es la tuya? Responder a las siguientes preguntas te dar\u00e1 una idea de lo ps\u00edquico que podr\u00edas ser de forma natural:<\/p><ul><li>Cuando eras ni\u00f1o, \u00bften\u00edas un amigo imaginario que para ti era muy real?<\/li><li>\u00bfA veces tienes una fuerte sensaci\u00f3n cuando un amigo o familiar est\u00e1 a punto de llamarte, escribirte o ponerse en contacto contigo de alguna forma?<\/li><li>\u00bfSueles saber qui\u00e9n est\u00e1 al tel\u00e9fono antes de descolgar?<\/li><li>\u00bfAlguna vez has tenido sensaciones intensas sobre un lugar o edificio en particular?<\/li><li>\u00bfPodr\u00edas sostener en la mano un objeto personal, como un anillo o un collar, y \u201cleer\u201d la historia de su due\u00f1o?<\/li><li>\u00bfAlguna vez has tenido una fuerte premonici\u00f3n sobre algo que iba a suceder, para bien o para mal?<\/li><li>\u00bfParece que hay muchas coincidencias en tu vida que no puedes explicar f\u00e1cilmente?<\/li><li>\u00bfHas visto alguna vez auras o halos alrededor de personas?<\/li><li>\u00bfHas sentido alguna vez que, de alg\u00fan modo, has \u201csalido\u201d de tu cuerpo?<\/li><li>\u00bfHas o\u00eddo voces en tu cabeza que te dicen qu\u00e9 hacer?<\/li><li>\u00bfHas sentido que alguien o algo fuera de ti est\u00e1 dirigiendo lo que haces?<\/li><li>Si eres escritor, pintor o m\u00fasico, \u00bfhas sentido alguna vez que una mano invisible te gu\u00eda o que alguien \u201ctoma el control\u201d mientras creas?<\/li><li>\u00bfSientes a veces que ciertas cosas est\u00e1n \u201cdestinadas\u201d a ocurrir?<\/li><li>\u00bfSuele fallar el equipo el\u00e9ctrico cuando est\u00e1s cerca?<\/li><\/ul><p>Cuantas m\u00e1s veces hayas respondido que s\u00ed, m\u00e1s ps\u00edquico eres. Incluso si solo respondiste afirmativamente a una sola pregunta, al menos eres levemente ps\u00edquico.<br \/>Ivy Northage, en su libro La mediumnidad hecha simple, a\u00f1ade lo siguiente: sin duda eres ps\u00edquico, dice ella, si sue\u00f1as de forma prof\u00e9tica, tienes corazonadas, ves luces brillantes parpadeando sobre un libro que est\u00e1s leyendo, tienes premoniciones o escuchas voces.<br \/>Entonces, si sientes que podr\u00edas ser ps\u00edquico, \u00bfc\u00f3mo deber\u00edas aprovechar al m\u00e1ximo tus dones?<br \/>Ivy Northage cree que la mediumnidad debe considerarse una vocaci\u00f3n o un llamado, y como tal debe tomarse en serio. La mayor\u00eda de los m\u00e9diums que ejercen lo hacen con much\u00edsima seriedad; son personas que no toman su don a la ligera. Sienten un gran peso de responsabilidad, porque saben que tienen un poder adicional y que, si no tienen mucho cuidado, pueden influir en la vida de otras personas.<br \/>Ivy a\u00f1ade que lo primero que descubren las personas, cuando aceptan la realidad del mundo ps\u00edquico, es que se vuelven m\u00e1s serenas y pac\u00edficas que antes. Al conectar con otra dimensi\u00f3n, comprenden que las cosas terrenales son pasajeras, que lo que hoy parece horrible ma\u00f1ana puede ser una bendici\u00f3n, y viceversa. Estas personas aprenden a mirar todo con una especie de desapego tranquilo. Esto no significa que no se involucren plenamente en la vida en la Tierra, sino que se vuelven lo bastante fuertes como para no dejarse arrastrar por emociones intensas, ni propias ni ajenas. Aumentan la confianza y la autoestima, y aparece una sensaci\u00f3n de paz que no puede ser perturbada por los acontecimientos. Poco a poco, las emociones y actitudes negativas son sustituidas por otras positivas.<br \/>El problema con el mundo paranormal es que no todo el mundo ha tenido una experiencia directa con \u00e9l, y por eso tratar de convencer a otros de su realidad puede ser problem\u00e1tico.<br \/>Quiz\u00e1, en lugar de intentar demostrarlo, deber\u00edamos fijarnos en los resultados y preguntarnos si quienes poseen dones ps\u00edquicos parecen ser diferentes a los dem\u00e1s. Creo que tendr\u00edamos que responder que s\u00ed, lo son.<br \/>Zak Martin se\u00f1ala que todo en el universo funciona mediante una especie de percepci\u00f3n extrasensorial (ESP), en el sentido de que todo ocurre a un nivel subconsciente. La capacidad de una goma el\u00e1stica para volver a su forma original es, seg\u00fan \u00e9l, un acto de memoria, una forma de percepci\u00f3n extrasensorial. Las hormigas usan la ESP para volver a sus nidos, incluso desde distancias de muchos kil\u00f3metros.<br \/>La mayor\u00eda de nosotros, dice, estamos protegidos de recibir demasiadas impresiones ps\u00edquicas, y tal vez sea mejor as\u00ed. Si estuvi\u00e9ramos captando continuamente impresiones ps\u00edquicas, nuestra mente no podr\u00eda soportarlo y colapsar\u00eda. Los mnemot\u00e9cnicos \u2014aquellos que nunca olvidan nada, y para quienes las impresiones permanecen tan v\u00edvidas como cuando se experimentaron por primera vez\u2014 son conocidos en psiquiatr\u00eda como casos profundamente tristes. Nuestro \u201colvido\u201d act\u00faa como una v\u00e1lvula de seguridad, un mecanismo que funciona en nuestro favor.<br \/>Pero no hay nada de malo en desarrollar nuestra ESP hasta un nivel en el que podamos volvernos m\u00e1s conscientes de nosotros mismos y aprender a canalizar los valores de paz, amor y cooperaci\u00f3n, en lugar de los de agresi\u00f3n, odio y feroz competencia, todos los cuales nos separan de los dem\u00e1s y generan miedo.<br \/>Quienes realmente desean desarrollar su percepci\u00f3n extrasensorial deben, en primer lugar, comprender el valor de la meditaci\u00f3n y la relajaci\u00f3n. La concentraci\u00f3n consciente, dice Zak Martin, genera estr\u00e9s y tensi\u00f3n, lo que nos aleja de nuestro yo ps\u00edquico. Las grandes revelaciones ocurren cuando la mente est\u00e1 despejada, y la claridad de pensamiento solo es posible en la soledad profunda. La mayor\u00eda \u2014si no todas\u2014 las grandes obras creativas han surgido de la soledad, y debe haber disposici\u00f3n a volverse introspectivo. Muchas personas que jam\u00e1s pensaron que ten\u00edan dones ps\u00edquicos los han descubierto gracias a la pr\u00e1ctica de la meditaci\u00f3n.<br \/>Desde un punto de vista pr\u00e1ctico, el consejo para quienes desean desarrollar y aumentar sus poderes de ESP es llevar un \u201cdiario de predicciones\u201d. Escribe el nombre de la pr\u00f3xima persona que imagines que te va a llamar, y luego comprueba si aciertas. Hazlo de forma habitual, y pronto descubrir\u00e1s que tus aciertos se vuelven cada vez m\u00e1s frecuentes.<br \/>Por supuesto, en estos temas es importante distinguir entre verdadera percepci\u00f3n extrasensorial y simple pensamiento ilusorio.<br \/>No temas cometer errores, ya que ni siquiera los ps\u00edquicos m\u00e1s poderosos aciertan todo el tiempo.<br \/>La forma de aumentar estos poderes, dice Zak Martin, es comportarse como si esa informaci\u00f3n ya te fuera conocida, pero la hubieras olvidado. De hecho, muchas personas con dones ps\u00edquicos intensos sienten precisamente que est\u00e1n intentando hacer consciente una informaci\u00f3n que en el fondo ya saben. A menudo, cuando conozco a alguien nuevo con quien siento una conexi\u00f3n fuerte, tengo la impresi\u00f3n de que ya lo conozco muy bien, y que cada vez que lo veo, en realidad estoy recordando lo que, en alg\u00fan nivel, ya sab\u00eda. A medida que se revelan m\u00e1s cosas, nada parece sorprendente: todo encaja como piezas de un rompecabezas.<br \/>Como m\u00ednimo, una vez que aceptes la posibilidad de que t\u00fa tambi\u00e9n puedas tener habilidades ps\u00edquicas, el mundo se volver\u00e1 un lugar mucho m\u00e1s emocionante. Captar\u00e1s impresiones que antes te habr\u00edan pasado desapercibidas, te volver\u00e1s mucho m\u00e1s observador y podr\u00e1s obtener percepciones instant\u00e1neas sobre personas y acontecimientos que antes se te escapaban. Sabr\u00e1s cu\u00e1ndo es el momento adecuado para iniciar una relaci\u00f3n, mudarte de casa, cambiar de trabajo o de rumbo profesional, porque estar\u00e1s obedeciendo tus propias se\u00f1ales internas, en lugar de seguir las que otros te imponen \u2014personas que quiz\u00e1s no saben nada sobre ti, o que simplemente est\u00e1n proyectando sus propios deseos sobre ti. Como regla general sencilla: si algo se siente bien, hazlo. Si no, no lo hagas, y espera a que se revele m\u00e1s informaci\u00f3n. Usualmente lo sabr\u00e1s, en tu interior.<br \/>Cuando una predicci\u00f3n ps\u00edquica se cumple, puede provocar un escalofr\u00edo. Una vez recib\u00ed una lectura ps\u00edquica que predec\u00eda dos cosas que no me parec\u00edan en absoluto probables, y mucho menos en un futuro cercano. No pod\u00eda ver, con la raz\u00f3n, c\u00f3mo podr\u00edan suceder. Y sin embargo, al cabo de unos meses, ambas ocurrieron, sin que yo hiciera nada en absoluto para provocarlas. Cuando me di cuenta de esto, sent\u00ed algo de miedo, como si hubiera estado conectando con fuentes oscuras, entrometi\u00e9ndome como Fausto con fuerzas poderosas. La raz\u00f3n de ese temor era una nueva conciencia: que la informaci\u00f3n recibida por medios ps\u00edquicos es al menos tan importante como la que leemos en los peri\u00f3dicos o vemos en la televisi\u00f3n. Pero tras la inquietud inicial, sent\u00ed claridad, confianza y la certeza de que la facultad intuitiva o ps\u00edquica era una realidad incuestionable.<br \/>El ps\u00edquico que me dio esa informaci\u00f3n solo \u2014digo \u201csolo\u201d, pero no lo digo en tono peyorativo\u2014 hab\u00eda sintonizado con las energ\u00edas que me rodeaban y me devolvi\u00f3 lo que yo mismo le estaba comunicando por v\u00edas paranormales. En alguna parte de mi ser, evidentemente \u201csab\u00eda\u201d que esos acontecimientos iban a ocurrir, y ese escalofr\u00edo fue de reconocimiento: \u00a1ya lo sab\u00eda! Me hizo darme cuenta de que yo tambi\u00e9n ten\u00eda m\u00e1s poder del que hab\u00eda cre\u00eddo hasta entonces. Todos lo tenemos.<br \/>Probablemente nunca tenga dones ps\u00edquicos excepcionales \u2014si los tuviera, ya se habr\u00edan manifestado\u2014, pero s\u00e9 que confiar en mi facultad intuitiva me servir\u00e1 de mucho, y me permitir\u00e1 tener confianza y convicci\u00f3n donde antes habr\u00eda habido miedos y dudas. Est\u00e1 ah\u00ed para guiarme y ayudarme a conectar conmigo misma y con los dem\u00e1s.<br \/>En el pasado, no sab\u00eda decir que no, y a menudo me ve\u00eda en situaciones que habr\u00eda sido mejor evitar. Ahora, cuando algo se presenta, me pregunto: \u201c\u00bfRealmente quiero hacer esto? \u00bfSe siente bien?\u201d Si la respuesta es s\u00ed, lo hago, aunque parezca algo extra\u00f1o en ese momento. Si no, entonces no lo hago, aunque l\u00f3gicamente parezca lo m\u00e1s conveniente. Nuestra intuici\u00f3n puede ver m\u00e1s all\u00e1 que nuestra raz\u00f3n, que solo alcanza a ver lo inmediato.<br \/>La Musa dijo: \u201cMira en tu coraz\u00f3n y escribe.\u201d Si nosotros tambi\u00e9n aprendemos a mirar en nuestro coraz\u00f3n y actuar, estaremos desarrollando la facultad ps\u00edquica de un modo que nos servir\u00e1 como una antena sutil para advertirnos, guiarnos y revelarnos lo que es correcto para nosotros. Nos dar\u00e1 el valor de seguir nuestro propio camino, en lugar de seguir pasivamente los caminos trazados por otros, solo porque tenemos miedo de hacer otra cosa.<br \/>Al beneficiarnos a nosotros mismos, el uso responsable de la facultad ps\u00edquica tambi\u00e9n beneficiar\u00e1 a todos con quienes entremos en contacto. Todos podemos convertirnos, en cierto modo, en nuestros propios consejeros ps\u00edquicos.<\/p>\t\t\t\t\t\t\t\t<\/div>\n\t\t\t\t<\/div>\n\t\t\t\t\t<\/div>\n\t\t\t\t<\/div>\n\t\t<div class=\"elementor-element elementor-element-c750b5f e-flex e-con-boxed e-con e-parent\" data-id=\"c750b5f\" data-element_type=\"container\" data-e-type=\"container\" data-settings=\"{&quot;background_background&quot;:&quot;classic&quot;}\">\n\t\t\t\t\t<div class=\"e-con-inner\">\n\t\t\t\t<div class=\"elementor-element elementor-element-44be5bb elementor-widget elementor-widget-text-editor\" data-id=\"44be5bb\" data-element_type=\"widget\" data-e-type=\"widget\" data-widget_type=\"text-editor.default\">\n\t\t\t\t<div class=\"elementor-widget-container\">\n\t\t\t\t\t\t\t\t\t<p>De \u201cPsychic Counselling\u201d, \u00a9Liz Hodgkinson (Harper-Collins)<\/p>\t\t\t\t\t\t\t\t<\/div>\n\t\t\t\t<\/div>\n\t\t\t\t\t<\/div>\n\t\t\t\t<\/div>\n\t\t\t\t<\/div>","protected":false},"excerpt":{"rendered":"<p>Could you be psychic? Liz Hodgkinson From her best-selling book, Psychic Counselling (Harper-Collins) People often think it must be wonderful to be psychic, to be able to read others like a book and foretell what is happening. In some ways, of course, it is. But sometimes, this clear sight can be a burden and a&#8230;<\/p>","protected":false},"author":1,"featured_media":0,"parent":0,"menu_order":0,"comment_status":"closed","ping_status":"closed","template":"elementor_header_footer","meta":{"_kad_post_transparent":"","_kad_post_title":"","_kad_post_layout":"","_kad_post_sidebar_id":"","_kad_post_content_style":"","_kad_post_vertical_padding":"","_kad_post_feature":"","_kad_post_feature_position":"","_kad_post_header":false,"_kad_post_footer":false,"footnotes":""},"class_list":["post-3845","page","type-page","status-publish","hentry"],"_links":{"self":[{"href":"https:\/\/zakmartin.com\/es\/wp-json\/wp\/v2\/pages\/3845","targetHints":{"allow":["GET"]}}],"collection":[{"href":"https:\/\/zakmartin.com\/es\/wp-json\/wp\/v2\/pages"}],"about":[{"href":"https:\/\/zakmartin.com\/es\/wp-json\/wp\/v2\/types\/page"}],"author":[{"embeddable":true,"href":"https:\/\/zakmartin.com\/es\/wp-json\/wp\/v2\/users\/1"}],"replies":[{"embeddable":true,"href":"https:\/\/zakmartin.com\/es\/wp-json\/wp\/v2\/comments?post=3845"}],"version-history":[{"count":10,"href":"https:\/\/zakmartin.com\/es\/wp-json\/wp\/v2\/pages\/3845\/revisions"}],"predecessor-version":[{"id":3977,"href":"https:\/\/zakmartin.com\/es\/wp-json\/wp\/v2\/pages\/3845\/revisions\/3977"}],"wp:attachment":[{"href":"https:\/\/zakmartin.com\/es\/wp-json\/wp\/v2\/media?parent=3845"}],"curies":[{"name":"wp","href":"https:\/\/api.w.org\/{rel}","templated":true}]}}