{"id":3837,"date":"2025-04-09T15:53:19","date_gmt":"2025-04-09T15:53:19","guid":{"rendered":"https:\/\/zakmartin.com\/?page_id=3837"},"modified":"2025-04-09T21:50:49","modified_gmt":"2025-04-09T21:50:49","slug":"kings-of-crime","status":"publish","type":"page","link":"https:\/\/zakmartin.com\/es\/kings-of-crime\/","title":{"rendered":"Reyes del crimen"},"content":{"rendered":"<div data-elementor-type=\"wp-page\" data-elementor-id=\"3837\" class=\"elementor elementor-3837\" data-elementor-post-type=\"page\">\n\t\t\t\t<div class=\"elementor-element elementor-element-71579b6 e-flex e-con-boxed e-con e-parent\" data-id=\"71579b6\" data-element_type=\"container\" data-settings=\"{&quot;background_background&quot;:&quot;classic&quot;}\">\n\t\t\t\t\t<div class=\"e-con-inner\">\n\t\t<div class=\"elementor-element elementor-element-c5b90a0 e-con-full e-flex e-con e-child\" data-id=\"c5b90a0\" data-element_type=\"container\">\n\t\t\t\t<div class=\"elementor-element elementor-element-1372351 elementor-widget elementor-widget-heading\" data-id=\"1372351\" data-element_type=\"widget\" data-widget_type=\"heading.default\">\n\t\t\t\t<div class=\"elementor-widget-container\">\n\t\t\t\t\t<h2 class=\"elementor-heading-title elementor-size-default\">No hay escapatoria para los reyes del crimen<\/h2>\t\t\t\t<\/div>\n\t\t\t\t<\/div>\n\t\t\t\t<div class=\"elementor-element elementor-element-b66421c elementor-widget elementor-widget-heading\" data-id=\"b66421c\" data-element_type=\"widget\" data-widget_type=\"heading.default\">\n\t\t\t\t<div class=\"elementor-widget-container\">\n\t\t\t\t\t<h2 class=\"elementor-heading-title elementor-size-default\">News of the World Magazine, Reino Unido<\/h2>\t\t\t\t<\/div>\n\t\t\t\t<\/div>\n\t\t\t\t<\/div>\n\t\t\t\t\t<\/div>\n\t\t\t\t<\/div>\n\t\t<div class=\"elementor-element elementor-element-4225306 e-flex e-con-boxed e-con e-parent\" data-id=\"4225306\" data-element_type=\"container\" data-settings=\"{&quot;background_background&quot;:&quot;classic&quot;}\">\n\t\t\t\t\t<div class=\"e-con-inner\">\n\t\t\t\t<div class=\"elementor-element elementor-element-3469d3b elementor-widget elementor-widget-text-editor\" data-id=\"3469d3b\" data-element_type=\"widget\" data-widget_type=\"text-editor.default\">\n\t\t\t\t<div class=\"elementor-widget-container\">\n\t\t\t\t\t\t\t\t\t<p><strong>Durante m\u00e1s de veinte a\u00f1os, Zak Martin ha utilizado sus habilidades psicol\u00f3gicas y ps\u00edquicas \u00fanicas para ayudar a las fuerzas policiales de todo el mundo con cr\u00edmenes no resueltos. Ha rastreado a varios asesinos buscados y localizado a decenas de personas desaparecidas.<\/strong><\/p><p>Hoy, se cometer\u00e1n 9000 cr\u00edmenes en Gran Breta\u00f1a. Algunos criminales sentir\u00e1n que est\u00e1n a salvo de los m\u00e9todos m\u00e1s modernos de detecci\u00f3n, pero no han contado con el extra\u00f1o poder de los detectives ps\u00edquicos. Gran Breta\u00f1a tiene su propio equipo de detectives ps\u00edquicos. Familias y amigos desesperados, a veces incluso la polic\u00eda, recurren a ellos como \u00faltimo recurso para rastrear a un ni\u00f1o desaparecido, buscar a un familiar perdido o encontrar a un asesino.<br \/>Zak Martin recibe en una de las suites privadas del Sherlock Holmes Hotel en Baker Street, Londres, justo al frente de las salas de consulta mencionadas en las famosas novelas. \u00bfQu\u00e9 direcci\u00f3n m\u00e1s adecuada podr\u00edas imaginar para un detective ps\u00edquico?<br \/>\"Es un lugar maravilloso para estar\", dice. \"Hay una gran conexi\u00f3n. No tanto con Holmes, sino con su creador, Arthur Conan Doyle, que estaba muy interesado en temas ps\u00edquicos.\"<br \/>Zak se acomoda en una esquina sombr\u00eda, delgado e intenso. Sus ojos son grandes y oscuros, y se vuelven casi completamente negros cuando se concentra. Su voz tiene un suave acento irland\u00e9s, y se dice que sus poderes de observaci\u00f3n e instinto son extraordinarios.<br \/>Reproduce una grabaci\u00f3n que hizo para la polic\u00eda irlandesa cuando investigaba la desaparici\u00f3n de una joven de Dubl\u00edn que hab\u00eda desaparecido tras una discusi\u00f3n con su novio en un pub en Brittas Bay, Co. Wicklow. Esto fue lo que dijo:\n\"Creo que la chica est\u00e1 muerta, y que ha sido asesinada. La veo inclinada sobre el cap\u00f3 de un coche, hablando con un hombre. Otro hombre se acerca al coche. La siguiente impresi\u00f3n que tengo es que el coche se mueve, se detiene despu\u00e9s de unos cientos de pies y luego vuelve a moverse. Luego veo el coche acerc\u00e1ndose a un lago. La chica, siento, ha sido estrangulada. Tengo la impresi\u00f3n de rasgu\u00f1os, pero muy poca sangre. Ahora puedo ver el cuerpo en agua poco profunda, cubierto por lo que parece ser alg\u00fan tipo de saco de tela o material pl\u00e1stico, de color azul o gris.\"<br \/>La chica era Elizabeth Plunkett, y ten\u00eda 23 a\u00f1os. La fecha era octubre de 1976. Ella dej\u00f3 el pub poco antes de la hora de cierre, y nunca m\u00e1s se la volvi\u00f3 a ver viva. Zak visit\u00f3 la zona y grab\u00f3 sus impresiones en el lugar. En ese momento se pensaba que la chica podr\u00eda haber tomado el ferry hacia Francia, donde se sab\u00eda que ten\u00eda amigos. Sin embargo, despu\u00e9s de una b\u00fasqueda a nivel nacional, aparecieron varios objetos de su ropa cerca del lugar.<br \/>\"De hecho, estaba muerta. La hab\u00edan asesinado, de la manera en que lo describ\u00ed. El cuerpo se encontr\u00f3 m\u00e1s tarde en la bah\u00eda, no en un lago. Pero estaba en agua poco profunda, dentro de un saco de dormir azul.\"<br \/>Zak habla con naturalidad hoy sobre el caso que fue noticia de primera p\u00e1gina, aunque su propia participaci\u00f3n nunca fue divulgada en ese momento. Brind\u00f3 m\u00e1s ayuda a la polic\u00eda al \"ver\" a los atacantes de la joven escondi\u00e9ndose en Galway. Eventualmente, dos hombres fueron arrestados en el \u00e1rea que Zak hab\u00eda descrito.<br \/>Para Zak Martin, fue solo otro caso m\u00e1s que a\u00f1adir a su extraordinaria y creciente carpeta: ahora es uno de los principales detectives ps\u00edquicos de Gran Breta\u00f1a cuando se trata de encontrar cuerpos, muertos o vivos. Generalmente, Zak es contactado por familiares o amigos de la v\u00edctima o persona desaparecida. Una vez que lo llaman, Zak se mueve r\u00e1pidamente. \"Los eventos violentos como la violaci\u00f3n y el asesinato dejan un 'scent' ps\u00edquico que generalmente puedo seguir. Por eso necesito manejar alg\u00fan objeto que haya sido tocado o usado por la v\u00edctima.\"<br \/>\u00bfCon qu\u00e9 nivel de precisi\u00f3n se califica a s\u00ed mismo?<br \/>\"Si un arma de asesinato queda en la escena, al tocarla puedo describir al due\u00f1o con una precisi\u00f3n de aproximadamente el 80 por ciento.\"<br \/>\u00bfY cu\u00e1l es la mayor satisfacci\u00f3n para Zak Martin, el hombre que mide la vida y la muerte en otro nivel? \"Saber que ten\u00eda raz\u00f3n\", responde, con mucha confianza.<\/p>\t\t\t\t\t\t\t\t<\/div>\n\t\t\t\t<\/div>\n\t\t\t\t\t<\/div>\n\t\t\t\t<\/div>\n\t\t<div class=\"elementor-element elementor-element-82baf2b e-flex e-con-boxed e-con e-parent\" data-id=\"82baf2b\" data-element_type=\"container\" data-settings=\"{&quot;background_background&quot;:&quot;classic&quot;}\">\n\t\t\t\t\t<div class=\"e-con-inner\">\n\t\t\t\t<div class=\"elementor-element elementor-element-b99de55 elementor-widget elementor-widget-text-editor\" data-id=\"b99de55\" data-element_type=\"widget\" data-widget_type=\"text-editor.default\">\n\t\t\t\t<div class=\"elementor-widget-container\">\n\t\t\t\t\t\t\t\t\t<p>\u00a9 King Syndicates \/ News of the World Magazine<\/p>\t\t\t\t\t\t\t\t<\/div>\n\t\t\t\t<\/div>\n\t\t\t\t\t<\/div>\n\t\t\t\t<\/div>\n\t\t\t\t<\/div>","protected":false},"excerpt":{"rendered":"<p>No escape for the Kings of crime News of the World Magazine, UK For over twenty years Zak Martin has used his unique psychological and psychic skills to help police forces around the world with unsolved crimes. He has tracked down several wanted killers and located dozens of missing people. Today 9,000 crimes will be&#8230;<\/p>","protected":false},"author":1,"featured_media":0,"parent":0,"menu_order":0,"comment_status":"closed","ping_status":"closed","template":"elementor_header_footer","meta":{"_kad_post_transparent":"","_kad_post_title":"","_kad_post_layout":"","_kad_post_sidebar_id":"","_kad_post_content_style":"","_kad_post_vertical_padding":"","_kad_post_feature":"","_kad_post_feature_position":"","_kad_post_header":false,"_kad_post_footer":false,"footnotes":""},"class_list":["post-3837","page","type-page","status-publish","hentry"],"_links":{"self":[{"href":"https:\/\/zakmartin.com\/es\/wp-json\/wp\/v2\/pages\/3837","targetHints":{"allow":["GET"]}}],"collection":[{"href":"https:\/\/zakmartin.com\/es\/wp-json\/wp\/v2\/pages"}],"about":[{"href":"https:\/\/zakmartin.com\/es\/wp-json\/wp\/v2\/types\/page"}],"author":[{"embeddable":true,"href":"https:\/\/zakmartin.com\/es\/wp-json\/wp\/v2\/users\/1"}],"replies":[{"embeddable":true,"href":"https:\/\/zakmartin.com\/es\/wp-json\/wp\/v2\/comments?post=3837"}],"version-history":[{"count":13,"href":"https:\/\/zakmartin.com\/es\/wp-json\/wp\/v2\/pages\/3837\/revisions"}],"predecessor-version":[{"id":3931,"href":"https:\/\/zakmartin.com\/es\/wp-json\/wp\/v2\/pages\/3837\/revisions\/3931"}],"wp:attachment":[{"href":"https:\/\/zakmartin.com\/es\/wp-json\/wp\/v2\/media?parent=3837"}],"curies":[{"name":"wp","href":"https:\/\/api.w.org\/{rel}","templated":true}]}}