{"id":3829,"date":"2025-04-09T15:49:44","date_gmt":"2025-04-09T15:49:44","guid":{"rendered":"https:\/\/zakmartin.com\/?page_id=3829"},"modified":"2025-04-09T21:49:43","modified_gmt":"2025-04-09T21:49:43","slug":"psychokinesis","status":"publish","type":"page","link":"https:\/\/zakmartin.com\/es\/psychokinesis\/","title":{"rendered":"Zak Martin \u2013 Britain\u2019s Leading Psychic"},"content":{"rendered":"<div data-elementor-type=\"wp-page\" data-elementor-id=\"3829\" class=\"elementor elementor-3829\" data-elementor-post-type=\"page\">\n\t\t\t\t<div class=\"elementor-element elementor-element-71579b6 e-flex e-con-boxed e-con e-parent\" data-id=\"71579b6\" data-element_type=\"container\" data-settings=\"{&quot;background_background&quot;:&quot;classic&quot;}\">\n\t\t\t\t\t<div class=\"e-con-inner\">\n\t\t<div class=\"elementor-element elementor-element-c5b90a0 e-con-full e-flex e-con e-child\" data-id=\"c5b90a0\" data-element_type=\"container\">\n\t\t\t\t<div class=\"elementor-element elementor-element-1372351 elementor-widget elementor-widget-heading\" data-id=\"1372351\" data-element_type=\"widget\" data-widget_type=\"heading.default\">\n\t\t\t\t<div class=\"elementor-widget-container\">\n\t\t\t\t\t<h2 class=\"elementor-heading-title elementor-size-default\">Zak Martin - El principal ps\u00edquico de Gran Breta\u00f1a<\/h2>\t\t\t\t<\/div>\n\t\t\t\t<\/div>\n\t\t\t\t<div class=\"elementor-element elementor-element-b66421c elementor-widget elementor-widget-heading\" data-id=\"b66421c\" data-element_type=\"widget\" data-widget_type=\"heading.default\">\n\t\t\t\t<div class=\"elementor-widget-container\">\n\t\t\t\t\t<h2 class=\"elementor-heading-title elementor-size-default\">Janine Lloyd-Mars<\/h2>\t\t\t\t<\/div>\n\t\t\t\t<\/div>\n\t\t\t\t<\/div>\n\t\t\t\t\t<\/div>\n\t\t\t\t<\/div>\n\t\t<div class=\"elementor-element elementor-element-4225306 e-flex e-con-boxed e-con e-parent\" data-id=\"4225306\" data-element_type=\"container\" data-settings=\"{&quot;background_background&quot;:&quot;classic&quot;}\">\n\t\t\t\t\t<div class=\"e-con-inner\">\n\t\t\t\t<div class=\"elementor-element elementor-element-3469d3b elementor-widget elementor-widget-text-editor\" data-id=\"3469d3b\" data-element_type=\"widget\" data-widget_type=\"text-editor.default\">\n\t\t\t\t<div class=\"elementor-widget-container\">\n\t\t\t\t\t\t\t\t\t<p><strong>Concentrado profundamente, el ps\u00edquico Zak Martin sostuvo una pelota de tenis de mesa contra su frente antes de colocarla sobre la mesa con tapa de cristal frente a \u00e9l. Un grupo de periodistas del peri\u00f3dico nacional brit\u00e1nico, The Mirror, se encontraba alrededor observando atentamente, mientras un camar\u00f3grafo tomaba fotos tras foto desde todos los \u00e1ngulos posibles, incluso desde abajo. Peque\u00f1as gotas de sudor aparecieron en la frente del ps\u00edquico mientras miraba intensamente la esfera blanca. Pasaron diez, quince minutos\u2026 y entonces ocurri\u00f3 lo imposible: la pelota comenz\u00f3 a moverse.<\/strong><\/p><p><strong>Poder oculto<\/strong><br \/>Lentamente, y luego con creciente velocidad, comenz\u00f3 a rodar de un lado a otro sobre la superficie transparente de la mesa. Continu\u00f3 movi\u00e9ndose durante veinte minutos, rodando de un lado de la mesa al otro, deteni\u00e9ndose y cambiando de direcci\u00f3n justo antes de llegar al borde. Martin, quien no toc\u00f3 la pelota en ning\u00fan momento, demostr\u00f3 la extensi\u00f3n de su control psicoquin\u00e9tico al hacer que la pelota girara, se detuviera y comenzara de nuevo, movi\u00e9ndose en un ocho. Despu\u00e9s de un breve descanso, se repiti\u00f3 la misma demostraci\u00f3n, esta vez usando varios otros art\u00edculos peque\u00f1os, incluidos un trozo de tiza, una bombilla de linterna, una bola de acero y una pluma fuente de oro que pertenec\u00eda a uno de los periodistas. Cada art\u00edculo fue enviado a girar y rodar por la mesa hasta que Martin indic\u00f3 que estaba demasiado exhausto para continuar.<br \/>La demostraci\u00f3n hab\u00eda durado casi tres horas. Cada objeto utilizado fue cuidadosamente examinado antes y despu\u00e9s para asegurarse de que no hab\u00eda trucos involucrados: ni hilos ni imanes ocultos. El periodista de The Mirror coment\u00f3 m\u00e1s tarde que hab\u00eda sido \u201cuna demostraci\u00f3n muy impresionante\u201d, y cit\u00f3 a Martin diciendo: \u201cNo hay nada sobrenatural en la habilidad de mover objetos, pero demuestra que hay un poder oculto dentro de nosotros que puede ser usado para la sanaci\u00f3n y cosas similares\u201d.<br \/>La sesi\u00f3n que presenci\u00e9 tuvo lugar en el lujoso Sherlock Holmes Hotel en Baker Street, Londres, donde el ps\u00edquico nacido en Irlanda realiza sus demostraciones en una suite privada. Es un lugar apropiado, dado el v\u00ednculo de toda la vida de Conan Doyle, el creador de Sherlock Holmes, con asuntos ps\u00edquicos; y existen similitudes claras entre el detective ficticio de Conan Doyle y el hombre que ahora es ampliamente considerado como el principal ps\u00edquico de Gran Breta\u00f1a. Al igual que Holmes, Martin es frecuentemente consultado por fuerzas policiales, incluida Scotland Yard, para ayudar con cr\u00edmenes desconcertantes, y se le acredita la resoluci\u00f3n de varios casos de homicidio y personas desaparecidas.<br \/>Como Holmes, Martin es un personaje intenso, cuyas habilidades de observaci\u00f3n se dice que son extraordinarias; y, al igual que Holmes, su clientela incluye a la realeza, pol\u00edticos de alto rango y personalidades famosas.<\/p><p><strong>Habilidades inusuales<\/strong><br \/>Zak Martin naci\u00f3 en Dubl\u00edn, Irlanda, pocas semanas despu\u00e9s de la muerte prematura de su padre, quien era un conocido pintor de retratos. Ten\u00eda siete a\u00f1os cuando se dio cuenta de sus habilidades inusuales, o como \u00e9l mismo lo dice, \u201cme di cuenta de que otras personas no pod\u00edan hacer algunas de las cosas que yo pod\u00eda hacer\u201d. Los visitantes a su casa a menudo se asombraban cuando \u00e9l era capaz de decirles cosas sobre s\u00ed mismos que no pod\u00eda saber, \u00a1incluidos eventos futuros!<br \/>\u201cEn ese momento era solo un juego para m\u00ed,\u201d recuerda ahora, \u201cpero a\u00f1os despu\u00e9s varias personas me admitieron que siempre se hab\u00edan sentido aterradas por mis poderes. Supongo que tem\u00edan que les dijera algo que preferir\u00edan no escuchar, lo cual, lamentablemente, hice m\u00e1s de una vez.\u201d<br \/>Sus habilidades paranormales tambi\u00e9n le causaron problemas en la escuela:<br \/>\u201cAunque era terrible en matem\u00e1ticas, a menudo pod\u00eda resolver problemas matem\u00e1ticos dif\u00edciles en el momento en que los escrib\u00edan en la pizarra. Las respuestas simplemente aparec\u00edan en mi cabeza,\u201d relata, \u201cpero mis profesores sospechaban cuando no pod\u00eda explicar c\u00f3mo hab\u00eda llegado a mis respuestas.\u201d<\/p><p><strong>Psicoquinesis<\/strong><br \/>Sus poderes psicoquin\u00e9ticos se manifestaron por primera vez cuando ten\u00eda trece a\u00f1os, cuando comenzaron a ocurrir fen\u00f3menos tipo poltergeist en su presencia. Los objetos se mov\u00edan misteriosamente, las bombillas se explotaban; las c\u00e1maras, grabadoras y equipos similares se descontrolaban siempre que \u00e9l estaba cerca. Al principio no se dio cuenta de que \u00e9l mismo era la fuente de estos extra\u00f1os sucesos, pero cre\u00eda que era v\u00edctima de alg\u00fan tipo de ataque ps\u00edquico o esp\u00edritu maligno. Sin embargo, gradualmente comenz\u00f3 a darse cuenta de que la energ\u00eda involucrada en estos \u201cataques\u201d proven\u00eda de \u00e9l, o al menos que pod\u00eda ejercer cierto control sobre ella.<br \/>Hoy en d\u00eda, Zak Martin ha alcanzado un control casi total sobre este extra\u00f1o poder, pero todav\u00eda hay ocasiones en las que parece escapar de su control, como descubri\u00f3 recientemente la fot\u00f3grafa Tisha Murtagh cuando le tom\u00f3 fotos para una revista londinense:<br \/>\u201cEstaba mirando por el visor de mi c\u00e1mara \u2013 una confiable Nikon de 35mm \u2013 cuando de repente todo se oscureci\u00f3,\u201d me cont\u00f3.<br \/>\u201cFue realmente extra\u00f1o. Trat\u00e9 de avanzar el rollo de pel\u00edcula, pero de alguna manera se atasc\u00f3. Trat\u00e9 de abrir la parte trasera, pero se hab\u00eda bloqueado.<br \/>\u201cDespu\u00e9s de unos minutos, el visor se aclar\u00f3, y la c\u00e1mara volvi\u00f3 a funcionar con normalidad. Zak nunca la toc\u00f3 en ning\u00fan momento.\u201d<br \/>Bob Couttie, un conocido periodista de BBC Radio, tuvo una experiencia similar mientras entrevistaba a Martin para un programa sobre fen\u00f3menos paranormales. Le cont\u00f3 a Psychic News: \u201cLa grabadora que estaba usando estaba en buenas condiciones. La hab\u00eda recogido m\u00e1s temprano en el d\u00eda y la hab\u00eda revisado en presencia de un ingeniero.\u201d<br \/>Por la ma\u00f1ana Bob hizo algunas grabaciones de \u201catmosfera\u201d y las reprodujo: la m\u00e1quina segu\u00eda funcionando perfectamente. Unos minutos despu\u00e9s comenz\u00f3 a entrevistar a Zak Martin en el London Psychic Center.<br \/>\u201cDe repente,\u201d dijo, \u201cla m\u00e1quina, que antes funcionaba sin problemas, pareci\u00f3 volverse loca y se atasc\u00f3. De hecho, el atasco fue tan absoluto que tuve que romper la cinta para sacarla de la m\u00e1quina.\u201d<br \/>La grabadora fue luego revisada por un ingeniero de la BBC, quien no encontr\u00f3 ning\u00fan fallo.<br \/>\u201cNo te acerques con equipos caros si estoy de mal humor\u201d es el \u00fatil consejo de Zak.<\/p><p><strong>Detective ps\u00edquico<\/strong><br \/>Zak Martin llam\u00f3 la atenci\u00f3n p\u00fablica por primera vez en 1976, cuando se involucr\u00f3 en la b\u00fasqueda de una joven irlandesa que hab\u00eda desaparecido mientras estaba de vacaciones con sus amigos en el pintoresco balneario de Brittas Bay, en el condado de Wicklow, Irlanda. Elizabeth Plunkett hab\u00eda salido de la posada local poco antes de la hora de cierre y nunca se la volvi\u00f3 a ver con vida. Despu\u00e9s de que una b\u00fasqueda nacional no lograra descubrir el paradero de la chica, Martin, quien entonces era estudiante de psicolog\u00eda y presidente de la Sociedad Ps\u00edquica de Irlanda, fue llamado para ayudar. Despu\u00e9s de visitar el \u00e1rea donde la chica hab\u00eda sido vista por \u00faltima vez, le dijo a la polic\u00eda: \u201cSiento que est\u00e1 muerta, y que ha sido asesinada. Hay dos hombres involucrados. La veo inclinada sobre el cap\u00f3 del coche hablando con un hombre; otro hombre se acerca al coche. La siguiente impresi\u00f3n que tengo es que el coche se mueve, se detiene a corta distancia y luego vuelve a moverse. Despu\u00e9s, veo el coche parando cerca de lo que parece un lago\u2026 La chica ha sido, siento, golpeada y estrangulada.<br \/>\u201cAhora puedo ver el cuerpo bajo agua poco profunda, cubierto por lo que parece un tipo de tela de saco o material pl\u00e1stico, de color azul o gris. Junto a ella hay lo que parece ser una barra o estaca\u2026\u201d<br \/>De hecho, Elizabeth Plunkett estaba muerta, y hab\u00eda sido asesinada de la forma que Martin describi\u00f3, por dos hombres en un coche. Su cuerpo fue encontrado m\u00e1s tarde en la bah\u00eda, no en un lago. Pero en agua poco profunda, envuelta en un saco de dormir azul p\u00e1lido. Hab\u00eda sido hundida con una cortadora de c\u00e9sped rota, la \u201cestaca\u201d que Martin vio.<br \/>En los d\u00edas siguientes, Martin pudo proporcionar a la polic\u00eda m\u00e1s detalles sobre el asesinato, incluida una descripci\u00f3n de los hombres responsables y el coche que conduc\u00edan, detalles que posteriormente resultaron ser correctos. Tambi\u00e9n advirti\u00f3 que, a menos que los asesinos fueran capturados, pronto encontrar\u00edan otra v\u00edctima.<br \/>Unas semanas despu\u00e9s, una segunda chica fue asesinada en otra parte del pa\u00eds, y la polic\u00eda irlandesa estaba convencida de que los mismos dos hombres eran los responsables. Sin embargo, no pudieron encontrarlos, a pesar de que para ese momento sus descripciones hab\u00edan sido ampliamente difundidas. Zak Martin fue contactado nuevamente. \u00bfPodr\u00eda el ps\u00edquico encontrar a los hombres buscados? Martin acept\u00f3 intentarlo, y, utilizando un p\u00e9ndulo de radiestesia sobre un gran mapa de Irlanda, finalmente se\u00f1al\u00f3 lo que \u00e9l cre\u00eda que era la ubicaci\u00f3n de los asesinos, en el centro de la ciudad de Galway. La polic\u00eda era esc\u00e9ptica cuando recibieron esta informaci\u00f3n, porque los hombres buscados aparentemente acababan de ser vistos en otra parte del pa\u00eds. Sin embargo, dada la innegable precisi\u00f3n del ps\u00edquico al describir detalles del primer asesinato, la b\u00fasqueda se intensific\u00f3 en la zona que \u00e9l hab\u00eda indicado, y en pocas horas los dos hombres fueron capturados en el centro de la ciudad. Posteriormente fueron condenados y sentenciados a largos t\u00e9rminos de prisi\u00f3n.<br \/>Desde entonces, el talento de Zak Martin para la detecci\u00f3n ps\u00edquica ha sido solicitado por fuerzas policiales de todo el mundo.<br \/>En 1984 fue llamado para ayudar en la b\u00fasqueda de un violador violento que hab\u00eda estado aterrorizando a mujeres en el \u00e1rea de Notting Hill en Londres durante un per\u00edodo de cinco a\u00f1os. La polic\u00eda estaba desesperada por cualquier pista que los acercara a atrapar al responsable.<br \/>Martin utiliz\u00f3 una t\u00e9cnica llamada psicometr\u00eda \u2013 que consiste en captar impresiones sobre una persona manipulando un objeto que le haya pertenecido \u2013 para \u201csintonizar\u201d con el violador. La polic\u00eda le proporcion\u00f3 a Zak cuatro art\u00edculos para que realizara psicometr\u00eda: tres trozos de material de tela fuerte que, le dijeron, hab\u00edan sido utilizados por el atacante para atar a varias de sus veinticinco v\u00edctimas, y un cuchillo que hab\u00eda usado para amenazarlas.<br \/>Al manejar los primeros dos trozos de material, dio una serie de impresiones que inclu\u00edan lo que \u00e9l cre\u00eda que era una descripci\u00f3n del violador. Sin embargo, cuando le entregaron el tercer trozo de tela, Zak parec\u00eda no captar ninguna impresi\u00f3n. Despu\u00e9s de manejar este art\u00edculo durante unos minutos tratando de captar impresiones ps\u00edquicas, finalmente anunci\u00f3: \u201cMe temo que no puedo captar nada de este\u2026 est\u00e1 limpio de impresiones. No siento que este art\u00edculo est\u00e9 relacionado con los otros \u2013 \u00bfest\u00e1n seguros de que es suyo?\u201d<br \/>Un oficial de Scotland Yard presente admiti\u00f3 entonces: \u201cNo, tienes raz\u00f3n; no es suyo\u201d. El oficial se disculp\u00f3 por el enga\u00f1o, pero explic\u00f3 que hab\u00edan decidido incluir un \u201ccebo\u201d entre los art\u00edculos dados a Zak para hacerle psicometr\u00eda, para poner a prueba las habilidades del ps\u00edquico.<br \/>Posteriormente, Zak pudo proporcionar informaci\u00f3n que ayud\u00f3 a la polic\u00eda a rastrear y capturar al hombre responsable de los ataques en Notting Hill.<\/p><p><strong>Medicina hol\u00edstica<\/strong><br \/>En los \u00faltimos a\u00f1os, Zak Martin se ha involucrado cada vez m\u00e1s en el campo de la sanaci\u00f3n, que considera como el uso m\u00e1s valioso de sus poderes, y la t\u00e9cnica de radiestesia que antes utilizaba con gran \u00e9xito para resolver cr\u00edmenes y encontrar personas desaparecidas, ahora se usa m\u00e1s a menudo para diagnosticar enfermedades y prescribir tratamientos. Durante varios a\u00f1os, realiz\u00f3 rondas regulares en hospitales de Londres usando m\u00e9todos ps\u00edquicos y de sanaci\u00f3n hol\u00edstica para tratar a pacientes que no hab\u00edan respondido al tratamiento convencional, y se informa que ha logrado varias curas notables.<\/p><div align=\"right\">\u00a0<\/div>\t\t\t\t\t\t\t\t<\/div>\n\t\t\t\t<\/div>\n\t\t\t\t\t<\/div>\n\t\t\t\t<\/div>\n\t\t<div class=\"elementor-element elementor-element-7d40bf6 e-flex e-con-boxed e-con e-parent\" data-id=\"7d40bf6\" data-element_type=\"container\" data-settings=\"{&quot;background_background&quot;:&quot;classic&quot;}\">\n\t\t\t\t\t<div class=\"e-con-inner\">\n\t\t\t\t<div class=\"elementor-element elementor-element-b53d66d elementor-widget elementor-widget-text-editor\" data-id=\"b53d66d\" data-element_type=\"widget\" data-widget_type=\"text-editor.default\">\n\t\t\t\t<div class=\"elementor-widget-container\">\n\t\t\t\t\t\t\t\t\t<p>\u00a9 King Syndicates \/ News of the World Magazine<\/p><div align=\"right\">\u00a0<\/div>\t\t\t\t\t\t\t\t<\/div>\n\t\t\t\t<\/div>\n\t\t\t\t\t<\/div>\n\t\t\t\t<\/div>\n\t\t\t\t<\/div>","protected":false},"excerpt":{"rendered":"<p>Zak Martin &#8211; Britain&#8217;s Leading Psychic Janine Lloyd-Mars Concentrating deeply, psychic Zak Martin held a table-tennis ball to his forehead before placing it on the glass-topped table in front of him. A group of journalists from the British national newspaper, the Mirror, stood around watching closely, while a press cameraman clicked off shot after shot&#8230;<\/p>","protected":false},"author":1,"featured_media":0,"parent":0,"menu_order":0,"comment_status":"closed","ping_status":"closed","template":"elementor_header_footer","meta":{"_kad_post_transparent":"","_kad_post_title":"","_kad_post_layout":"","_kad_post_sidebar_id":"","_kad_post_content_style":"","_kad_post_vertical_padding":"","_kad_post_feature":"","_kad_post_feature_position":"","_kad_post_header":false,"_kad_post_footer":false,"footnotes":""},"class_list":["post-3829","page","type-page","status-publish","hentry"],"_links":{"self":[{"href":"https:\/\/zakmartin.com\/es\/wp-json\/wp\/v2\/pages\/3829","targetHints":{"allow":["GET"]}}],"collection":[{"href":"https:\/\/zakmartin.com\/es\/wp-json\/wp\/v2\/pages"}],"about":[{"href":"https:\/\/zakmartin.com\/es\/wp-json\/wp\/v2\/types\/page"}],"author":[{"embeddable":true,"href":"https:\/\/zakmartin.com\/es\/wp-json\/wp\/v2\/users\/1"}],"replies":[{"embeddable":true,"href":"https:\/\/zakmartin.com\/es\/wp-json\/wp\/v2\/comments?post=3829"}],"version-history":[{"count":10,"href":"https:\/\/zakmartin.com\/es\/wp-json\/wp\/v2\/pages\/3829\/revisions"}],"predecessor-version":[{"id":3928,"href":"https:\/\/zakmartin.com\/es\/wp-json\/wp\/v2\/pages\/3829\/revisions\/3928"}],"wp:attachment":[{"href":"https:\/\/zakmartin.com\/es\/wp-json\/wp\/v2\/media?parent=3829"}],"curies":[{"name":"wp","href":"https:\/\/api.w.org\/{rel}","templated":true}]}}