{"id":3806,"date":"2025-04-09T15:42:05","date_gmt":"2025-04-09T15:42:05","guid":{"rendered":"https:\/\/zakmartin.com\/?page_id=3806"},"modified":"2025-04-09T21:43:01","modified_gmt":"2025-04-09T21:43:01","slug":"inglis","status":"publish","type":"page","link":"https:\/\/zakmartin.com\/es\/inglis\/","title":{"rendered":"The powers of Zak Martin"},"content":{"rendered":"<div data-elementor-type=\"wp-page\" data-elementor-id=\"3806\" class=\"elementor elementor-3806\" data-elementor-post-type=\"page\">\n\t\t\t\t<div class=\"elementor-element elementor-element-71579b6 e-flex e-con-boxed e-con e-parent\" data-id=\"71579b6\" data-element_type=\"container\" data-settings=\"{&quot;background_background&quot;:&quot;classic&quot;}\">\n\t\t\t\t\t<div class=\"e-con-inner\">\n\t\t<div class=\"elementor-element elementor-element-c5b90a0 e-con-full e-flex e-con e-child\" data-id=\"c5b90a0\" data-element_type=\"container\">\n\t\t\t\t<div class=\"elementor-element elementor-element-1372351 elementor-widget elementor-widget-heading\" data-id=\"1372351\" data-element_type=\"widget\" data-widget_type=\"heading.default\">\n\t\t\t\t<div class=\"elementor-widget-container\">\n\t\t\t\t\t<h2 class=\"elementor-heading-title elementor-size-default\">Los poderes de Zak Martin<\/h2>\t\t\t\t<\/div>\n\t\t\t\t<\/div>\n\t\t\t\t<div class=\"elementor-element elementor-element-b66421c elementor-widget elementor-widget-heading\" data-id=\"b66421c\" data-element_type=\"widget\" data-widget_type=\"heading.default\">\n\t\t\t\t<div class=\"elementor-widget-container\">\n\t\t\t\t\t<h2 class=\"elementor-heading-title elementor-size-default\">Brian Inglis<\/h2>\t\t\t\t<\/div>\n\t\t\t\t<\/div>\n\t\t\t\t<\/div>\n\t\t\t\t\t<\/div>\n\t\t\t\t<\/div>\n\t\t<div class=\"elementor-element elementor-element-4225306 e-flex e-con-boxed e-con e-parent\" data-id=\"4225306\" data-element_type=\"container\" data-settings=\"{&quot;background_background&quot;:&quot;classic&quot;}\">\n\t\t\t\t\t<div class=\"e-con-inner\">\n\t\t\t\t<div class=\"elementor-element elementor-element-3469d3b elementor-widget elementor-widget-text-editor\" data-id=\"3469d3b\" data-element_type=\"widget\" data-widget_type=\"text-editor.default\">\n\t\t\t\t<div class=\"elementor-widget-container\">\n\t\t\t\t\t\t\t\t\t<p>ZAK MARTIN recuerda que ten\u00eda siete a\u00f1os cuando se dio cuenta de sus poderes ps\u00edquicos.<br \/>Pronto se dio cuenta de que pod\u00eda prever el futuro, sanar a los enfermos, mover objetos con el poder de la mente y mucho m\u00e1s.<br \/>Pero el irland\u00e9s, de voz suave, dice: \u201cNo me consideraba nada fuera de lo com\u00fan. El don de la clarividencia era algo natural en mi familia\u201d.<br \/>Sin embargo, sus poderes causaron problemas en la escuela. \u201cA menudo pod\u00eda resolver problemas matem\u00e1ticos complejos en el instante en que se planteaban en la pizarra\u201d, recuerda.<br \/>\u201cLa respuesta simplemente llegaba a mi cabeza sin tener que pensarlo. Y mis profesores se mostraban m\u00e1s que un poco sospechosos cuando no pod\u00eda explicar c\u00f3mo hab\u00eda llegado a la soluci\u00f3n\u201d.<br \/>Durante su primer a\u00f1o en la escuela, particip\u00f3 en una rifa de Pascua y gan\u00f3 los tres premios. \u201cMe prohibieron participar en todas las rifas futuras\u201d, sonr\u00ede.<br \/>Desde esos d\u00edas \u2013 \u201cy me fue MUY bien en la escuela\u201d \u2013 ha llegado a ser considerado el ps\u00edquico m\u00e1s dotado de Gran Breta\u00f1a.<br \/>Ha predicho con precisi\u00f3n eventos mundiales, incluidos el desastre a\u00e9reo de Tenerife, la renuncia de Harold Wilson y el ganador del Grand National siete veces consecutivas.<\/p><p><strong>ESTRELLAS<\/strong><\/p><p>Cada semana, Zak recibe cientos de cartas de personas pidiendo ayuda y orientaci\u00f3n.<br \/>Sus clientes incluyen estrellas del pop que desean saber el mejor momento para lanzar sus discos, directores de empresas que buscan consejos de negocios y jefes de polic\u00eda que piden ayuda en cr\u00edmenes particularmente desconcertantes.<br \/>En un famoso caso de m\u00faltiple asesinato en Irlanda, Zak fue capaz de localizar a dos hombres buscados utilizando un p\u00e9ndulo para \u201cadivinar\u201d d\u00f3nde se encontraban.<br \/>Zak Martin afirma: \u201cTODOS somos ps\u00edquicos hasta cierto grado.<br \/>\u201cY las personas usan la percepci\u00f3n extrasensorial (PES), la que antes llam\u00e1bamos \u2018segundo ojo\u2019, con m\u00e1s frecuencia de lo que se dan cuenta en situaciones cotidianas.<br \/>\u201cPor ejemplo, puede que sientas una fuerte antipat\u00eda por alguien sin una raz\u00f3n definida, aunque parezca en la superficie ser una persona completamente agradable.<br \/>\u201cLo que sucede es que mientras tus sentidos perciben esas primeras impresiones, a un nivel m\u00e1s profundo y subconsciente, est\u00e1s recibiendo informaci\u00f3n totalmente contradictoria\u201d.<br \/>Cita estos otros ejemplos comunes de PES:<br \/>EST\u00c1S SENTADO en casa relaj\u00e1ndote cuando, sin raz\u00f3n aparente, de repente piensas en alguien a quien no has visto ni o\u00eddo en mucho tiempo.<br \/>Cinco minutos despu\u00e9s suena el timbre y esa persona est\u00e1 en tu puerta.<br \/>EL TEL\u00c9FONO SUENA y en el instante en que levantas el auricular, SABES qui\u00e9n est\u00e1 llamando.<br \/>TIENES UN SUE\u00d1O VIVIDO... y al d\u00eda siguiente se convierte en realidad.<br \/>\u201cEsas experiencias de PES espont\u00e1nea son familiares para la mayor\u00eda de las personas\u201d, dice Zak Martin.<\/p><p><strong>ESPECIAL<\/strong><\/p><p>\u201cPara algunos, las experiencias ps\u00edquicas pueden ocurrir solo una o dos veces en la vida.<br \/>\u201cY las personas pueden racionalizar los incidentes como \u2018imaginaci\u00f3n\u2019 o \u2018coincidencia\u2019 y con el tiempo llegar a dudar de que haya ocurrido.<br \/>Eso es porque la mente humana tiende a borrar aquello que no puede explicar.<br \/>\u201cPero para otras personas, tales experiencias son parte de la vida cotidiana: ocurrencias regulares que pueden suceder muchas veces al d\u00eda.<br \/>\u201cLa PES es una habilidad natural, capaz de desarrollarse con el entrenamiento adecuado.<br \/>\u201cY, como con cualquier otro talento, existen \u2018naturales\u2019 que poseen una aptitud especial para ello.<br \/>\u201cAs\u00ed que aunque es posible que cualquiera desarrolle sus habilidades latentes de PES, el grado en que pueden hacerlo depende de esa habilidad natural\u201d.<\/p><p>De \u201cThe Unknown Factor\u201d, \u00a9 Mirror Publications<\/p>\t\t\t\t\t\t\t\t<\/div>\n\t\t\t\t<\/div>\n\t\t\t\t\t<\/div>\n\t\t\t\t<\/div>\n\t\t\t\t<\/div>","protected":false},"excerpt":{"rendered":"<p>The Powers of Zak Martin Brian Inglis ZAK MARTIN recalls that he was seven when he became aware of his psychic powers.He soon realised that he could foretell the future, heal the sick, move objects by mind-power and much more.But the softly-spoken Irishman says: &#8220;I didn&#8217;t consider myself to be anything out of the ordinary&#8230;.<\/p>","protected":false},"author":1,"featured_media":0,"parent":0,"menu_order":0,"comment_status":"closed","ping_status":"closed","template":"elementor_header_footer","meta":{"_kad_post_transparent":"","_kad_post_title":"","_kad_post_layout":"","_kad_post_sidebar_id":"","_kad_post_content_style":"","_kad_post_vertical_padding":"","_kad_post_feature":"","_kad_post_feature_position":"","_kad_post_header":false,"_kad_post_footer":false,"footnotes":""},"class_list":["post-3806","page","type-page","status-publish","hentry"],"_links":{"self":[{"href":"https:\/\/zakmartin.com\/es\/wp-json\/wp\/v2\/pages\/3806","targetHints":{"allow":["GET"]}}],"collection":[{"href":"https:\/\/zakmartin.com\/es\/wp-json\/wp\/v2\/pages"}],"about":[{"href":"https:\/\/zakmartin.com\/es\/wp-json\/wp\/v2\/types\/page"}],"author":[{"embeddable":true,"href":"https:\/\/zakmartin.com\/es\/wp-json\/wp\/v2\/users\/1"}],"replies":[{"embeddable":true,"href":"https:\/\/zakmartin.com\/es\/wp-json\/wp\/v2\/comments?post=3806"}],"version-history":[{"count":10,"href":"https:\/\/zakmartin.com\/es\/wp-json\/wp\/v2\/pages\/3806\/revisions"}],"predecessor-version":[{"id":3919,"href":"https:\/\/zakmartin.com\/es\/wp-json\/wp\/v2\/pages\/3806\/revisions\/3919"}],"wp:attachment":[{"href":"https:\/\/zakmartin.com\/es\/wp-json\/wp\/v2\/media?parent=3806"}],"curies":[{"name":"wp","href":"https:\/\/api.w.org\/{rel}","templated":true}]}}