{"id":3792,"date":"2025-04-09T15:33:48","date_gmt":"2025-04-09T15:33:48","guid":{"rendered":"https:\/\/zakmartin.com\/?page_id=3792"},"modified":"2025-04-09T17:52:04","modified_gmt":"2025-04-09T17:52:04","slug":"are_you_telepathic","status":"publish","type":"page","link":"https:\/\/zakmartin.com\/es\/are_you_telepathic\/","title":{"rendered":"\u00bfEres telep\u00e1tico?"},"content":{"rendered":"<div data-elementor-type=\"wp-page\" data-elementor-id=\"3792\" class=\"elementor elementor-3792\" data-elementor-post-type=\"page\">\n\t\t\t\t<div class=\"elementor-element elementor-element-71579b6 e-flex e-con-boxed e-con e-parent\" data-id=\"71579b6\" data-element_type=\"container\" data-settings=\"{&quot;background_background&quot;:&quot;classic&quot;}\">\n\t\t\t\t\t<div class=\"e-con-inner\">\n\t\t<div class=\"elementor-element elementor-element-c5b90a0 e-con-full e-flex e-con e-child\" data-id=\"c5b90a0\" data-element_type=\"container\">\n\t\t\t\t<div class=\"elementor-element elementor-element-1372351 elementor-widget elementor-widget-heading\" data-id=\"1372351\" data-element_type=\"widget\" data-widget_type=\"heading.default\">\n\t\t\t\t<div class=\"elementor-widget-container\">\n\t\t\t\t\t<h2 class=\"elementor-heading-title elementor-size-default\">\u00bfEres telep\u00e1tico?<\/h2>\t\t\t\t<\/div>\n\t\t\t\t<\/div>\n\t\t\t\t<div class=\"elementor-element elementor-element-b66421c elementor-widget elementor-widget-heading\" data-id=\"b66421c\" data-element_type=\"widget\" data-widget_type=\"heading.default\">\n\t\t\t\t<div class=\"elementor-widget-container\">\n\t\t\t\t\t<h2 class=\"elementor-heading-title elementor-size-default\">Jacqui Deevoy<\/h2>\t\t\t\t<\/div>\n\t\t\t\t<\/div>\n\t\t\t\t<\/div>\n\t\t\t\t\t<\/div>\n\t\t\t\t<\/div>\n\t\t<div class=\"elementor-element elementor-element-4225306 e-flex e-con-boxed e-con e-parent\" data-id=\"4225306\" data-element_type=\"container\" data-settings=\"{&quot;background_background&quot;:&quot;classic&quot;}\">\n\t\t\t\t\t<div class=\"e-con-inner\">\n\t\t\t\t<div class=\"elementor-element elementor-element-3469d3b elementor-widget elementor-widget-text-editor\" data-id=\"3469d3b\" data-element_type=\"widget\" data-widget_type=\"text-editor.default\">\n\t\t\t\t<div class=\"elementor-widget-container\">\n\t\t\t\t\t\t\t\t\t<p>Si alguna vez has sentido que puedes leer los pensamientos de alguien, tenido una fuerte \"sensaci\u00f3n\" sobre alguien, o simplemente \"sabido\" que algo va a suceder poco antes de que suceda, entonces probablemente seas telep\u00e1tico. Pero, \u00bfqu\u00e9 es exactamente la telepat\u00eda? \u00bfEs real o es todo solo producto de la mente?<br \/>Escenario 1: Suena el tel\u00e9fono. Contestaste. Tus primeras palabras son: \"\u00a1Hola, justo iba a llamarte!\"<br \/>Escenario 2: Est\u00e1s pensando en un viejo amigo, alguien a quien no has visto en mucho tiempo. M\u00e1s tarde ese d\u00eda, te lo encuentras.<br \/>Escenario 3: Sin raz\u00f3n aparente, no puedes dejar de pensar en un cierto pariente. Lo llamas, solo para descubrir que est\u00e1 enfermo.<br \/>\u00bfCu\u00e1ntos de los escenarios anteriores te resultan familiares? Es probable que al menos uno de ellos. A menudo no hay una explicaci\u00f3n obvia para por qu\u00e9 suceden estas cosas. Simplemente suceden... \u00bfEs solo una coincidencia? O, \u00bfhay algo m\u00e1s detr\u00e1s de esto?<br \/>Se cree que todos los seres humanos nacen con la capacidad de comunicarse sin el uso de palabras, expresiones o gestos; solo con el poder del pensamiento; mediante la telepat\u00eda\u2026<\/p><p>La telepat\u00eda se define como la transmisi\u00f3n directa de pensamientos de una mente a otra sin usar ninguno de los cinco sentidos com\u00fanmente reconocidos (es decir, vista, olfato, o\u00eddo, gusto y tacto).<\/p><p>En tiempos prehist\u00f3ricos, los instintos b\u00e1sicos de supervivencia de nuestros antepasados empleaban telepat\u00eda natural. Si alguna vez has tenido la sensaci\u00f3n de que alguien te est\u00e1 observando, entender\u00e1s exactamente c\u00f3mo se sent\u00edan nuestros antepasados cavern\u00edcolas, pero en ese entonces probablemente fuera m\u00e1s un tigre de dientes de sable que una anciana en la fila del autob\u00fas observando.<\/p><p>La palabra \"telepat\u00eda\" fue acu\u00f1ada por primera vez en 1882 por Frederic Myers, miembro fundador de la Sociedad para la Investigaci\u00f3n Ps\u00edquica. Estaba interesado en investigar la idea de que los seres humanos pudieran comunicarse mente a mente. A pesar de realizar muchos experimentos, no encontr\u00f3 pruebas significativas, y la mayor\u00eda de los resultados fueron atribuidos al azar. Sin embargo, a lo largo de los a\u00f1os, ha ido aumentando la evidencia sobre la existencia de la telepat\u00eda como nuestro \"sexto sentido\", y muchas personas experimentan el fen\u00f3meno en alg\u00fan momento.<\/p><p>La telepat\u00eda parece funcionar mejor cuando hay un fuerte v\u00ednculo entre las personas involucradas. Amigos cercanos, padres e hijos, o hermanos (especialmente gemelos) son los m\u00e1s propensos a poder comunicarse de esta manera. En ciertas circunstancias, la telepat\u00eda se activa debido a un evento emocional o f\u00edsico doloroso. Si la pareja telep\u00e1ticamente conectada est\u00e1 separada y una persona sufre, la otra puede sentir su dolor o tener una fuerte sensaci\u00f3n de que algo anda mal.<\/p><p>Se han registrado casos fant\u00e1sticos de telepat\u00eda. Cuando la escritora Jane Goldman estaba investigando su nuevo libro The X-Files Book Of The Unexplained (Harper Collins), recibi\u00f3 innumerables relatos sobre telepat\u00eda. \"Una mujer me cont\u00f3 sobre una vez que estaba en un restaurante con amigos, almorzando, cuando de reojo vio pasar a su hijo por la ventana. Se asombr\u00f3, ya que su hijo viv\u00eda a kil\u00f3metros de distancia, y sali\u00f3 corriendo para verlo. Cuando lleg\u00f3 afuera, no lo encontr\u00f3 y pens\u00f3 que se habr\u00eda perdido entre la multitud. Estaba desconcertada, as\u00ed que fue a un tel\u00e9fono y marc\u00f3 su n\u00famero. Cuando la atendieron, la esposa de su hijo estaba llorando, dici\u00e9ndole que hab\u00eda intentado llamarla para informarle que su hijo hab\u00eda tenido un accidente de moto y estaba inconsciente. El hijo sobrevivi\u00f3 y, asombrosamente, le cont\u00f3 que mientras estaba inconsciente hab\u00eda tenido un \"sue\u00f1o\" en el que ve\u00eda a su madre comiendo en un restaurante. La mujer nunca hab\u00eda tenido una experiencia similar y lo atribuy\u00f3 al hecho de que ella y su hijo siempre hab\u00edan sido muy cercanos\".<\/p><p>A pesar de que existen muchos casos bien documentados de telepat\u00eda, muchos cient\u00edficos a\u00fan dudan de su existencia. Pero con el paso del tiempo, la percepci\u00f3n extrasensorial (ESP) est\u00e1 siendo tomada cada vez m\u00e1s en serio. Existen diversas teor\u00edas sobre lo que realmente es la telepat\u00eda. En un intento por explicarlo, la destacada investigadora ps\u00edquica Dame Edith Lyttelton dijo una vez: \"La telepat\u00eda no solo cruza el espacio, lo aniquila; el espacio se vuelve irrelevante\".<br \/>Curioso, justo iba a decir eso\u2026<\/p><p><strong>C\u00f3mo enviar un mensaje telep\u00e1tico<\/strong><br \/>Convertirse en telep\u00e1tico probablemente ser\u00e1 un proceso gradual. Si nunca has tenido experiencia con la telepat\u00eda, probablemente no suceder\u00e1 de la noche a la ma\u00f1ana. Sin embargo, si deseas intentar desarrollar tus habilidades telep\u00e1ticas, debes comenzar probando alguna forma de comunicaci\u00f3n mente a mente. Aqu\u00ed te explicamos c\u00f3mo\u2026<\/p><ul><li>Si deseas contactar a otra persona telep\u00e1ticamente, no basta con solo pensar en ella. En su libro How To Develop Your ESP (C\u00f3mo desarrollar su percepci\u00f3n extrasensorial) (Harper-Collins), Zak Martin dice: \"Primero, trata de establecer un v\u00ednculo emocional con esa persona. No te servir\u00e1 de nada sentarte y 'concentrarte' en \u00e9l o ella. De alguna manera, debes despertar alg\u00fan sentimiento, ya sea sobre el mensaje que deseas enviar o, mejor a\u00fan, sobre la persona a la que intentas contactar\".<\/li><li>A continuaci\u00f3n, visualiza a la persona. Piensa en c\u00f3mo se ve, en el tipo de ropa que podr\u00eda llevar, en la expresi\u00f3n que tiene en el rostro. (Si tienes una foto de ella, esto ayudar\u00e1. Col\u00f3cala frente a ti y enfoca tu atenci\u00f3n en ella.)<\/li><li>Recuerda cualquier otra cosa que puedas sobre ella: su aroma, la forma en que camina, el sonido de su voz o su risa.<\/li><li>Visualiza su ubicaci\u00f3n e intenta imaginar lo que podr\u00eda estar haciendo.<\/li><li>Dedica unos minutos, pensando realmente en la persona (en lugar de concentrarte en ella). Si compartes recuerdos con esa persona, rev\u00edvelos.<\/li><li>Si es posible, di tu mensaje en voz alta. (No es necesario que imites una voz extra\u00f1a, al estilo de las pel\u00edculas de terror, \u00a1con tu voz normal es suficiente!) Si las circunstancias no permiten hablar en voz alta, simplemente piensa el mensaje.<\/li><li>Una vez que hayas hecho eso, olv\u00eddalo. Como explica Zak Martin: \"Si te concentras demasiado en el contenido de tu mensaje, la informaci\u00f3n ser\u00e1 asimilada y absorbida por tu propio proceso mental, en lugar de ser transmitida a nivel ps\u00edquico\".<\/li><li>Si descubres que este m\u00e9todo no funciona, puedes intentar escribir tu mensaje en un pedazo de papel y, en lugar de hablarlo o pensarlo hacia la persona que intentas contactar, \u00a1qu\u00e9malo! Mientras se quema, piensa en la persona de la misma manera que se describi\u00f3 anteriormente. Con algo de pr\u00e1ctica, \u00a1pronto estar\u00e1s ahorrando una fortuna en facturas telef\u00f3nicas!<\/li><\/ul><p><br \/>\u00a9 Jacqui Deevoy<\/p><div align=\"right\">\u00a0<\/div>\t\t\t\t\t\t\t\t<\/div>\n\t\t\t\t<\/div>\n\t\t\t\t\t<\/div>\n\t\t\t\t<\/div>\n\t\t\t\t<\/div>","protected":false},"excerpt":{"rendered":"<p>Are You Telepathic? by Jacqui Deevoy If you&#8217;ve ever felt able to read someone&#8217;s thoughts, had a strong &#8220;feeling&#8221; about someone, or just &#8220;known&#8221; that something is about to happen shortly before it does, then you&#8217;re probably telepathic. But what is telepathy exactly? Is it for real or is it all just in the mind?Scenario&#8230;<\/p>","protected":false},"author":1,"featured_media":0,"parent":0,"menu_order":0,"comment_status":"closed","ping_status":"closed","template":"elementor_header_footer","meta":{"_kad_post_transparent":"","_kad_post_title":"","_kad_post_layout":"","_kad_post_sidebar_id":"","_kad_post_content_style":"","_kad_post_vertical_padding":"","_kad_post_feature":"","_kad_post_feature_position":"","_kad_post_header":false,"_kad_post_footer":false,"footnotes":""},"class_list":["post-3792","page","type-page","status-publish","hentry"],"_links":{"self":[{"href":"https:\/\/zakmartin.com\/es\/wp-json\/wp\/v2\/pages\/3792","targetHints":{"allow":["GET"]}}],"collection":[{"href":"https:\/\/zakmartin.com\/es\/wp-json\/wp\/v2\/pages"}],"about":[{"href":"https:\/\/zakmartin.com\/es\/wp-json\/wp\/v2\/types\/page"}],"author":[{"embeddable":true,"href":"https:\/\/zakmartin.com\/es\/wp-json\/wp\/v2\/users\/1"}],"replies":[{"embeddable":true,"href":"https:\/\/zakmartin.com\/es\/wp-json\/wp\/v2\/comments?post=3792"}],"version-history":[{"count":7,"href":"https:\/\/zakmartin.com\/es\/wp-json\/wp\/v2\/pages\/3792\/revisions"}],"predecessor-version":[{"id":3872,"href":"https:\/\/zakmartin.com\/es\/wp-json\/wp\/v2\/pages\/3792\/revisions\/3872"}],"wp:attachment":[{"href":"https:\/\/zakmartin.com\/es\/wp-json\/wp\/v2\/media?parent=3792"}],"curies":[{"name":"wp","href":"https:\/\/api.w.org\/{rel}","templated":true}]}}