{"id":3784,"date":"2025-04-09T15:25:05","date_gmt":"2025-04-09T15:25:05","guid":{"rendered":"https:\/\/zakmartin.com\/?page_id=3784"},"modified":"2025-04-09T17:50:48","modified_gmt":"2025-04-09T17:50:48","slug":"paranormal_world","status":"publish","type":"page","link":"https:\/\/zakmartin.com\/es\/paranormal_world\/","title":{"rendered":"El mundo paranormal de Zak Martin"},"content":{"rendered":"<div data-elementor-type=\"wp-page\" data-elementor-id=\"3784\" class=\"elementor elementor-3784\" data-elementor-post-type=\"page\">\n\t\t\t\t<div class=\"elementor-element elementor-element-71579b6 e-flex e-con-boxed e-con e-parent\" data-id=\"71579b6\" data-element_type=\"container\" data-settings=\"{&quot;background_background&quot;:&quot;classic&quot;}\">\n\t\t\t\t\t<div class=\"e-con-inner\">\n\t\t<div class=\"elementor-element elementor-element-c5b90a0 e-con-full e-flex e-con e-child\" data-id=\"c5b90a0\" data-element_type=\"container\">\n\t\t\t\t<div class=\"elementor-element elementor-element-1372351 elementor-widget elementor-widget-heading\" data-id=\"1372351\" data-element_type=\"widget\" data-widget_type=\"heading.default\">\n\t\t\t\t<div class=\"elementor-widget-container\">\n\t\t\t\t\t<h2 class=\"elementor-heading-title elementor-size-default\">El mundo paranormal de Zak Martin<\/h2>\t\t\t\t<\/div>\n\t\t\t\t<\/div>\n\t\t\t\t<div class=\"elementor-element elementor-element-b66421c elementor-widget elementor-widget-heading\" data-id=\"b66421c\" data-element_type=\"widget\" data-widget_type=\"heading.default\">\n\t\t\t\t<div class=\"elementor-widget-container\">\n\t\t\t\t\t<h2 class=\"elementor-heading-title elementor-size-default\">por Lara Goldman<\/h2>\t\t\t\t<\/div>\n\t\t\t\t<\/div>\n\t\t\t\t<\/div>\n\t\t\t\t\t<\/div>\n\t\t\t\t<\/div>\n\t\t<div class=\"elementor-element elementor-element-4225306 e-flex e-con-boxed e-con e-parent\" data-id=\"4225306\" data-element_type=\"container\" data-settings=\"{&quot;background_background&quot;:&quot;classic&quot;}\">\n\t\t\t\t\t<div class=\"e-con-inner\">\n\t\t\t\t<div class=\"elementor-element elementor-element-3469d3b elementor-widget elementor-widget-text-editor\" data-id=\"3469d3b\" data-element_type=\"widget\" data-widget_type=\"text-editor.default\">\n\t\t\t\t<div class=\"elementor-widget-container\">\n\t\t\t\t\t\t\t\t\t<p><strong>Zak Martin ten\u00eda solo siete a\u00f1os cuando se dio cuenta de sus habilidades ps\u00edquicas, o como \u00e9l lo dice, \"me di cuenta de que otras personas no pod\u00edan hacer algunas de las cosas que yo pod\u00eda hacer\". Cosas como ver el futuro, saber lo que otras personas estaban a punto de decir o hacer y mucho m\u00e1s. Los visitantes a su casa a menudo se quedaban asombrados cuando \u00e9l era capaz de decirles cosas sobre ellos mismos que no ten\u00eda manera de saber, incluyendo eventos pasados y futuros.<\/strong><\/p><p>\u201cEn ese momento, para m\u00ed era solo un juego\u201d, recuerda ahora, \u201cpero la gente realmente se asustaba por mis poderes, algo que no me di cuenta hasta a\u00f1os despu\u00e9s\u201d.<br \/>Sus habilidades paranormales tambi\u00e9n le causaron problemas en la escuela:<br \/>\u201cAunque era muy malo en matem\u00e1ticas, a menudo pod\u00eda resolver problemas matem\u00e1ticos dif\u00edciles en el instante en que los pon\u00edan en la pizarra. Las soluciones correctas simplemente aparec\u00edan en mi cabeza y las dec\u00eda en voz alta\u201d, recuerda, \u201cpero mis profesores sospechaban bastante cuando no pod\u00eda explicar c\u00f3mo hab\u00eda llegado a mis respuestas\u201d.<\/p><p>Desde aquellos d\u00edas, Zak Martin ha sido considerado uno de los ps\u00edquicos m\u00e1s importantes del mundo y una figura destacada del movimiento New Age.<\/p><p>Zak Martin se dio a conocer al p\u00fablico mientras era estudiante en University College, Dubl\u00edn, cuando particip\u00f3 en una partida de ajedrez por telepat\u00eda con otro estudiante, un evento ampliamente reportado en los medios. Esto dio lugar a una serie de entrevistas con la prensa y art\u00edculos que trataban sobre su inter\u00e9s en la investigaci\u00f3n ps\u00edquica y sus propias habilidades notables en este campo. Comenz\u00f3 a dar charlas p\u00fablicas y demostraciones de PES, y se involucr\u00f3 en la b\u00fasqueda de una joven llamada Elizabeth Plunkett, que hab\u00eda desaparecido en circunstancias sospechosas mientras estaba de vacaciones en la localidad costera irlandesa de Brittas Bay. Tras una b\u00fasqueda nacional que no logr\u00f3 encontrar el paradero de la chica, llamaron a Martin para que ayudara. Les dijo a la polic\u00eda que cre\u00eda que la chica estaba muerta y les dio detalles sobre su asesinato y una descripci\u00f3n de los dos hombres que hab\u00edan cometido el crimen. Tambi\u00e9n les dijo que cre\u00eda que los hombres hab\u00edan secuestrado a una segunda chica, a quien tambi\u00e9n pudo describir. Finalmente, fue capaz de se\u00f1alar el paradero de los asesinos, cerca del centro de la ciudad de Galway, donde, pocas horas despu\u00e9s, fueron localizados y arrestados. El cuerpo de una segunda v\u00edctima, Mary Duffy, fue posteriormente encontrado en un lago. Los asesinos de las chicas, Geoffrey Evans y John Shaw, ambos de Lancashire en Inglaterra, donde eran buscados en relaci\u00f3n con una serie de violaciones, fueron condenados por ambos asesinatos (admitieron ante la polic\u00eda, cuando fueron capturados, que ya hab\u00edan apuntado a una tercera v\u00edctima) y condenados a cadena perpetua.<\/p><div align=\"right\">\u00a0<\/div>\t\t\t\t\t\t\t\t<\/div>\n\t\t\t\t<\/div>\n\t\t\t\t\t<\/div>\n\t\t\t\t<\/div>\n\t\t<div class=\"elementor-element elementor-element-c9db8e0 e-flex e-con-boxed e-con e-parent\" data-id=\"c9db8e0\" data-element_type=\"container\" data-settings=\"{&quot;background_background&quot;:&quot;classic&quot;}\">\n\t\t\t\t\t<div class=\"e-con-inner\">\n\t\t\t\t<div class=\"elementor-element elementor-element-1015f3a elementor-widget elementor-widget-video\" data-id=\"1015f3a\" data-element_type=\"widget\" data-settings=\"{&quot;youtube_url&quot;:&quot;https:\\\/\\\/www.youtube.com\\\/watch?v=xyr65HF9sxk&amp;embeds_referring_euri=https%3A%2F%2Fwww.zakmartin.com%2F&amp;source_ve_path=Mjg2NjY&quot;,&quot;video_type&quot;:&quot;youtube&quot;,&quot;controls&quot;:&quot;yes&quot;}\" data-widget_type=\"video.default\">\n\t\t\t\t<div class=\"elementor-widget-container\">\n\t\t\t\t\t\t\t<div class=\"elementor-wrapper elementor-open-inline\">\n\t\t\t<div class=\"elementor-video\"><\/div>\t\t<\/div>\n\t\t\t\t\t\t<\/div>\n\t\t\t\t<\/div>\n\t\t\t\t\t<\/div>\n\t\t\t\t<\/div>\n\t\t<div class=\"elementor-element elementor-element-2b727be e-flex e-con-boxed e-con e-parent\" data-id=\"2b727be\" data-element_type=\"container\">\n\t\t\t\t\t<div class=\"e-con-inner\">\n\t\t\t\t<div class=\"elementor-element elementor-element-5108dd7 elementor-widget elementor-widget-text-editor\" data-id=\"5108dd7\" data-element_type=\"widget\" data-widget_type=\"text-editor.default\">\n\t\t\t\t<div class=\"elementor-widget-container\">\n\t\t\t\t\t\t\t\t\t<p>Desde ese caso, el talento \u00fanico de Zak Martin para la detecci\u00f3n ps\u00edquica ha sido solicitado por fuerzas policiales de todo el mundo, y se le atribuye la resoluci\u00f3n de varios casos desconcertantes de asesinatos y personas desaparecidas. Ha sido consultado por Scotland Yard en varias ocasiones, especialmente en el caso del \"Violador de Notting Hill\", cuando ayud\u00f3 a localizar a un violador violento que hab\u00eda aterrorizado a las mujeres en la zona de Notting Hill en Londres durante un per\u00edodo de cinco a\u00f1os. Su participaci\u00f3n en la exitosa caza del violador de Notting Hill hizo titulares en la prensa brit\u00e1nica.<\/p><p>Usando la psicometr\u00eda, la t\u00e9cnica de captar impresiones ps\u00edquicas al tocar o sostener objetos personales como joyas, ropa, etc., en la investigaci\u00f3n del violador de Notting Hill, la polic\u00eda le permiti\u00f3 manejar un cuchillo que hab\u00eda sido usado por el violador en uno de los ataques. Martin pudo proporcionar informaci\u00f3n, incluida una descripci\u00f3n del hombre buscado. Las habilidades de Zak fueron puestas a prueba por los detectives de Scotland Yard durante la primera sesi\u00f3n de psicometr\u00eda. Se le proporcionaron cuatro objetos para psicometrizar: tres tiras id\u00e9nticas de tela que, seg\u00fan la polic\u00eda, hab\u00edan sido usadas por el violador para atar a una de sus v\u00edctimas, y un cuchillo que hab\u00eda utilizado para amenazar a varias mujeres. Al manejar las dos primeras tiras de tela, Zak Martin dio una serie de impresiones que incluyeron una descripci\u00f3n f\u00edsica y psicol\u00f3gica del violador. Sin embargo, cuando le dieron la tercera tira de tela, pareci\u00f3 quedar completamente en blanco, y despu\u00e9s de manejar el objeto durante varios minutos tratando de captar impresiones ps\u00edquicas de \u00e9l, finalmente dijo: \u201cMe temo que no puedo captar nada de este\u2026 Est\u00e1 limpio de impresiones. No parece tener sentido, pero no siento que este objeto est\u00e9 relacionado con los otros, \u00bfest\u00e1n completamente seguros de que es suyo?\u201d<br \/>Un oficial de polic\u00eda de alto rango dijo entonces: \u201cNo, tienes raz\u00f3n. Ese no es suyo.\u201d<br \/>El oficial se disculp\u00f3 y admiti\u00f3 que hab\u00edan incluido un objeto \u201cde se\u00f1uelo\u201d con los dem\u00e1s para poner a prueba las habilidades del ps\u00edquico. (La transcripci\u00f3n completa de la grabaci\u00f3n de esta reuni\u00f3n fue publicada en Psychic News)<\/p><p>A lo largo de los a\u00f1os, Zak Martin ha ayudado a fuerzas policiales de todo el mundo a resolver cr\u00edmenes y localizar a personas desaparecidas o buscadas. En un caso, utiliz\u00f3 la PES para rastrear a un empresario de Londres que hab\u00eda desaparecido de su casa cuatro a\u00f1os antes, en circunstancias que llevaron a su familia y amigos a creer que pudo haberse suicidado. Usando una combinaci\u00f3n de radiestesia y psicometr\u00eda, Martin pudo rastrear al hombre desaparecido hasta un pueblo en Italia, donde se hab\u00eda casado big\u00e1micamente con una mujer local y hab\u00eda comenzado una nueva vida para s\u00ed mismo.<\/p><p>En otro caso, Zak Martin pudo localizar a un ni\u00f1o desaparecido usando un p\u00e9ndulo de radiestesia sobre un mapa de Europa. Trabajando desde su oficina en Londres y con solo una fotograf\u00eda del joven desaparecido como v\u00ednculo ps\u00edquico, Martin se\u00f1al\u00f3 un pueblo en el sur de Francia. La polic\u00eda francesa fue contactada y, en unas pocas horas, el ni\u00f1o, que se hab\u00eda fugado de casa, fue encontrado y llevado bajo custodia. En otra ocasi\u00f3n, Zak Martin fue capaz de proporcionar a la polic\u00eda japonesa pistas importantes en un caso de m\u00faltiples violaciones y asesinatos.<\/p><p>Tras estos primeros casos, que hicieron titulares en los peri\u00f3dicos brit\u00e1nicos e irlandeses, Zak Martin adopt\u00f3 una pol\u00edtica de \"sin comentarios y sin publicidad\" como condici\u00f3n previa para su asistencia en casos de este tipo.<\/p><p><br \/><strong>\u00a9 Lara Goldman, 2009<\/strong><\/p>\t\t\t\t\t\t\t\t<\/div>\n\t\t\t\t<\/div>\n\t\t\t\t\t<\/div>\n\t\t\t\t<\/div>\n\t\t\t\t<\/div>","protected":false},"excerpt":{"rendered":"<p>The Paranormal World of Zak Martin by Lara Goldman Zak Martin was just seven years old when he became aware of his psychic abilities &#8211; or, as he puts it, &#8220;realized that other people couldn\u2019t do some of the things I was able to do&#8221;. Things like seeing into the future, knowing what other people&#8230;<\/p>","protected":false},"author":1,"featured_media":0,"parent":0,"menu_order":0,"comment_status":"closed","ping_status":"closed","template":"elementor_header_footer","meta":{"_kad_post_transparent":"","_kad_post_title":"","_kad_post_layout":"","_kad_post_sidebar_id":"","_kad_post_content_style":"","_kad_post_vertical_padding":"","_kad_post_feature":"","_kad_post_feature_position":"","_kad_post_header":false,"_kad_post_footer":false,"footnotes":""},"class_list":["post-3784","page","type-page","status-publish","hentry"],"_links":{"self":[{"href":"https:\/\/zakmartin.com\/es\/wp-json\/wp\/v2\/pages\/3784","targetHints":{"allow":["GET"]}}],"collection":[{"href":"https:\/\/zakmartin.com\/es\/wp-json\/wp\/v2\/pages"}],"about":[{"href":"https:\/\/zakmartin.com\/es\/wp-json\/wp\/v2\/types\/page"}],"author":[{"embeddable":true,"href":"https:\/\/zakmartin.com\/es\/wp-json\/wp\/v2\/users\/1"}],"replies":[{"embeddable":true,"href":"https:\/\/zakmartin.com\/es\/wp-json\/wp\/v2\/comments?post=3784"}],"version-history":[{"count":7,"href":"https:\/\/zakmartin.com\/es\/wp-json\/wp\/v2\/pages\/3784\/revisions"}],"predecessor-version":[{"id":3895,"href":"https:\/\/zakmartin.com\/es\/wp-json\/wp\/v2\/pages\/3784\/revisions\/3895"}],"wp:attachment":[{"href":"https:\/\/zakmartin.com\/es\/wp-json\/wp\/v2\/media?parent=3784"}],"curies":[{"name":"wp","href":"https:\/\/api.w.org\/{rel}","templated":true}]}}