{"id":3578,"date":"2025-04-03T19:21:53","date_gmt":"2025-04-03T19:21:53","guid":{"rendered":"https:\/\/zakmartin.com\/?page_id=3578"},"modified":"2025-04-09T17:51:41","modified_gmt":"2025-04-09T17:51:41","slug":"zak-martin-demonstrates-telekinesis","status":"publish","type":"page","link":"https:\/\/zakmartin.com\/es\/zak-martin-demonstrates-telekinesis\/","title":{"rendered":"zak Martin Demonstrates Telekinesis"},"content":{"rendered":"<div data-elementor-type=\"wp-page\" data-elementor-id=\"3578\" class=\"elementor elementor-3578\" data-elementor-post-type=\"page\">\n\t\t\t\t<div class=\"elementor-element elementor-element-16d59b9 e-flex e-con-boxed e-con e-parent\" data-id=\"16d59b9\" data-element_type=\"container\">\n\t\t\t\t\t<div class=\"e-con-inner\">\n\t\t\t\t<div class=\"elementor-element elementor-element-8655503 elementor-widget elementor-widget-heading\" data-id=\"8655503\" data-element_type=\"widget\" data-widget_type=\"heading.default\">\n\t\t\t\t<div class=\"elementor-widget-container\">\n\t\t\t\t\t<h2 class=\"elementor-heading-title elementor-size-default\">El misterio de la fuerza que mueve<\/h2>\t\t\t\t<\/div>\n\t\t\t\t<\/div>\n\t\t<div class=\"elementor-element elementor-element-9b0a69c e-con-full e-flex e-con e-child\" data-id=\"9b0a69c\" data-element_type=\"container\">\n\t\t\t\t<div class=\"elementor-element elementor-element-882a08b elementor-widget elementor-widget-text-editor\" data-id=\"882a08b\" data-element_type=\"widget\" data-widget_type=\"text-editor.default\">\n\t\t\t\t<div class=\"elementor-widget-container\">\n\t\t\t\t\t\t\t\t\t<p>Daily Mirror, UK.<\/p>\t\t\t\t\t\t\t\t<\/div>\n\t\t\t\t<\/div>\n\t\t\t\t<div class=\"elementor-element elementor-element-0219781 elementor-widget elementor-widget-image\" data-id=\"0219781\" data-element_type=\"widget\" data-widget_type=\"image.default\">\n\t\t\t\t<div class=\"elementor-widget-container\">\n\t\t\t\t\t\t\t\t\t\t\t\t\t\t\t<img fetchpriority=\"high\" decoding=\"async\" width=\"768\" height=\"1302\" src=\"https:\/\/zakmartin.com\/wp-content\/uploads\/2025\/04\/zak_martin_telekinesis-768x1302.png\" class=\"attachment-medium_large size-medium_large wp-image-3584\" alt=\"\" srcset=\"https:\/\/zakmartin.com\/wp-content\/uploads\/2025\/04\/zak_martin_telekinesis-768x1302.png 768w, https:\/\/zakmartin.com\/wp-content\/uploads\/2025\/04\/zak_martin_telekinesis-177x300.png 177w, https:\/\/zakmartin.com\/wp-content\/uploads\/2025\/04\/zak_martin_telekinesis-604x1024.png 604w, https:\/\/zakmartin.com\/wp-content\/uploads\/2025\/04\/zak_martin_telekinesis.png 885w\" sizes=\"(max-width: 768px) 100vw, 768px\" \/>\t\t\t\t\t\t\t\t\t\t\t\t\t\t\t<\/div>\n\t\t\t\t<\/div>\n\t\t\t\t<div class=\"elementor-element elementor-element-ea9ebdf elementor-widget elementor-widget-text-editor\" data-id=\"ea9ebdf\" data-element_type=\"widget\" data-widget_type=\"text-editor.default\">\n\t\t\t\t<div class=\"elementor-widget-container\">\n\t\t\t\t\t\t\t\t\t<p>LENTAMENTE, y luego con creciente velocidad, una pelota de tenis de mesa se movi\u00f3 de un lado a otro, y gir\u00f3 de un lado a otro, sobre una mesa de cristal transparente.<br \/>Lo mismo ocurri\u00f3 con un tubo de cigarro, un trozo de tiza y una pluma fuente. Nadie los toc\u00f3. Nada los motiv\u00f3. Excepto, aparentemente, el poder mental del ps\u00edquico Zak Martin.<br \/>\u00c9l estaba demostrando PK \u2013 o psicoquinesis \u2013 el poder de la mente, o de fuerzas inexplicadas, sobre la materia.<\/p><p>MANOS<\/p><p>Fotografiado constantemente por el camar\u00f3grafo del Mirror, Bill Rowntree, y observado por un redactor del Mirror, pas\u00f3 m\u00e1s de dos horas demostrando PK.<br \/>Primero sostuvo los objetos contra su frente, luego los coloc\u00f3 sobre la mesa y se concentr\u00f3 en ellos.<br \/>Lentamente, movi\u00f3 las manos alrededor de los objetos, sin tocarlos ni una sola vez... y comenzaron a moverse por la mesa.<br \/>La pelota de tenis de mesa fue la m\u00e1s activa, movi\u00e9ndose constantemente por la mesa a su \u201cvoluntad\u201d.<br \/>\u00bfPodr\u00eda ser hecho mediante trucos?<br \/>\u201cHay varias formas en las que puede hacerse,\u201d nos dijeron. \u201cPor fuerza magn\u00e9tica, por hilos ocultos\u2026 o simplemente con respiraci\u00f3n controlada sobre los objetos.\u201d<br \/>Pero no vimos imanes, ni hilos, ni respiraci\u00f3n controlada.<\/p><p>MOVIMIENTO<\/p><p>\u201cEstoy convencido de que lo hace sin ayuda,\u201d dijo m\u00e1s tarde el camar\u00f3grafo Rowntree. \u201cFue una demostraci\u00f3n muy impresionante.\u201d<br \/>Zak Martin dijo: \u201cNo hay nada sobrenatural en la habilidad de mover objetos. Pero demuestra que hay un poder oculto dentro de nosotros que puede ser utilizado para la sanaci\u00f3n y cosas similares.\u201d<\/p>\t\t\t\t\t\t\t\t<\/div>\n\t\t\t\t<\/div>\n\t\t\t\t<\/div>\n\t\t\t\t\t<\/div>\n\t\t\t\t<\/div>\n\t\t\t\t<\/div>","protected":false},"excerpt":{"rendered":"<p>Mystery of the Force that Moves Daily Mirror, UK. SLOWLY, and then with increasing speed, a table-tennis ball moved back and forth, and swirled from side to side, on top of a transparent glass table.So, in turn, did a cigar tube, a piece of chalk and a fountain pen. No one touched them. Nothing motivated&#8230;<\/p>","protected":false},"author":2,"featured_media":0,"parent":0,"menu_order":0,"comment_status":"closed","ping_status":"closed","template":"elementor_header_footer","meta":{"_kad_post_transparent":"","_kad_post_title":"hide","_kad_post_layout":"fullwidth","_kad_post_sidebar_id":"","_kad_post_content_style":"unboxed","_kad_post_vertical_padding":"hide","_kad_post_feature":"hide","_kad_post_feature_position":"","_kad_post_header":false,"_kad_post_footer":false,"footnotes":""},"class_list":["post-3578","page","type-page","status-publish","hentry"],"_links":{"self":[{"href":"https:\/\/zakmartin.com\/es\/wp-json\/wp\/v2\/pages\/3578","targetHints":{"allow":["GET"]}}],"collection":[{"href":"https:\/\/zakmartin.com\/es\/wp-json\/wp\/v2\/pages"}],"about":[{"href":"https:\/\/zakmartin.com\/es\/wp-json\/wp\/v2\/types\/page"}],"author":[{"embeddable":true,"href":"https:\/\/zakmartin.com\/es\/wp-json\/wp\/v2\/users\/2"}],"replies":[{"embeddable":true,"href":"https:\/\/zakmartin.com\/es\/wp-json\/wp\/v2\/comments?post=3578"}],"version-history":[{"count":10,"href":"https:\/\/zakmartin.com\/es\/wp-json\/wp\/v2\/pages\/3578\/revisions"}],"predecessor-version":[{"id":3886,"href":"https:\/\/zakmartin.com\/es\/wp-json\/wp\/v2\/pages\/3578\/revisions\/3886"}],"wp:attachment":[{"href":"https:\/\/zakmartin.com\/es\/wp-json\/wp\/v2\/media?parent=3578"}],"curies":[{"name":"wp","href":"https:\/\/api.w.org\/{rel}","templated":true}]}}