{"id":2359,"date":"2025-03-26T18:53:24","date_gmt":"2025-03-26T18:53:24","guid":{"rendered":"https:\/\/zakmartin.com\/?page_id=2359"},"modified":"2025-04-12T17:35:53","modified_gmt":"2025-04-12T17:35:53","slug":"zak_martin_artwork","status":"publish","type":"page","link":"https:\/\/zakmartin.com\/es\/zak_martin_artwork\/","title":{"rendered":"Paintings and Drawings by Zak Martin"},"content":{"rendered":"<div data-elementor-type=\"wp-page\" data-elementor-id=\"2359\" class=\"elementor elementor-2359\" data-elementor-post-type=\"page\">\n\t\t\t\t<div class=\"elementor-element elementor-element-71579b6 e-flex e-con-boxed e-con e-parent\" data-id=\"71579b6\" data-element_type=\"container\" data-settings=\"{&quot;background_background&quot;:&quot;classic&quot;}\">\n\t\t\t\t\t<div class=\"e-con-inner\">\n\t\t<div class=\"elementor-element elementor-element-c5b90a0 e-con-full e-flex e-con e-child\" data-id=\"c5b90a0\" data-element_type=\"container\">\n\t\t\t\t<div class=\"elementor-element elementor-element-1372351 elementor-widget elementor-widget-heading\" data-id=\"1372351\" data-element_type=\"widget\" data-widget_type=\"heading.default\">\n\t\t\t\t<div class=\"elementor-widget-container\">\n\t\t\t\t\t<h2 class=\"elementor-heading-title elementor-size-default\">Arte<\/h2>\t\t\t\t<\/div>\n\t\t\t\t<\/div>\n\t\t\t\t<div class=\"elementor-element elementor-element-10829bf elementor-widget elementor-widget-text-editor\" data-id=\"10829bf\" data-element_type=\"widget\" data-widget_type=\"text-editor.default\">\n\t\t\t\t<div class=\"elementor-widget-container\">\n\t\t\t\t\t\t\t\t\t<p>Los dibujos y caricaturas surrealistas de Zak Martin han generado una gran demanda, celebrados por sus l\u00edneas audaces, yuxtaposiciones inesperadas y narrativas provocadoras que desaf\u00edan las perspectivas convencionales. Cada obra en la colecci\u00f3n de Zak invita a la exploraci\u00f3n, ofreciendo un vistazo al subconsciente a trav\u00e9s de una lente tanto l\u00fadica como profunda, consolidando su reputaci\u00f3n como una voz distintiva en el surrealismo moderno.<\/p>\t\t\t\t\t\t\t\t<\/div>\n\t\t\t\t<\/div>\n\t\t\t\t<\/div>\n\t\t\t\t\t<\/div>\n\t\t\t\t<\/div>\n\t\t<div class=\"elementor-element elementor-element-b51ba30 e-flex e-con-boxed e-con e-parent\" data-id=\"b51ba30\" data-element_type=\"container\" data-settings=\"{&quot;background_background&quot;:&quot;classic&quot;}\">\n\t\t\t\t\t<div class=\"e-con-inner\">\n\t\t<div class=\"elementor-element elementor-element-cd19f6c e-con-full e-flex e-con e-child\" data-id=\"cd19f6c\" data-element_type=\"container\">\n\t\t\t\t<div class=\"elementor-element elementor-element-fd2a4d7 elementor-widget elementor-widget-image\" data-id=\"fd2a4d7\" data-element_type=\"widget\" data-widget_type=\"image.default\">\n\t\t\t\t<div class=\"elementor-widget-container\">\n\t\t\t\t\t\t\t\t\t\t\t\t\t\t\t<img fetchpriority=\"high\" decoding=\"async\" width=\"349\" height=\"480\" src=\"https:\/\/zakmartin.com\/wp-content\/uploads\/2025\/03\/foreverman.png\" class=\"attachment-large size-large wp-image-2820\" alt=\"\" srcset=\"https:\/\/zakmartin.com\/wp-content\/uploads\/2025\/03\/foreverman.png 349w, https:\/\/zakmartin.com\/wp-content\/uploads\/2025\/03\/foreverman-218x300.png 218w\" sizes=\"(max-width: 349px) 100vw, 349px\" \/>\t\t\t\t\t\t\t\t\t\t\t\t\t\t\t<\/div>\n\t\t\t\t<\/div>\n\t\t\t\t<div class=\"elementor-element elementor-element-8c647d9 elementor-widget elementor-widget-text-editor\" data-id=\"8c647d9\" data-element_type=\"widget\" data-widget_type=\"text-editor.default\">\n\t\t\t\t<div class=\"elementor-widget-container\">\n\t\t\t\t\t\t\t\t\tForeverman\nPen drawing\n30 W x 21 H cm\n<font color=\"#cc0000\">SOLD<\/font> \/ <a href=\"https:\/\/www.artpal.com\/?s=zak%20martin&amp;f_ss=1&amp;i=11674-4\" target=\"_blank\" rel=\"noopener\">Buy print<\/a>\t\t\t\t\t\t\t\t<\/div>\n\t\t\t\t<\/div>\n\t\t\t\t<\/div>\n\t\t<div class=\"elementor-element elementor-element-91bda80 e-con-full e-flex e-con e-child\" data-id=\"91bda80\" data-element_type=\"container\">\n\t\t\t\t<div class=\"elementor-element elementor-element-9493025 elementor-widget elementor-widget-image\" data-id=\"9493025\" data-element_type=\"widget\" data-widget_type=\"image.default\">\n\t\t\t\t<div class=\"elementor-widget-container\">\n\t\t\t\t\t\t\t\t\t\t\t\t\t\t\t<img decoding=\"async\" width=\"345\" height=\"346\" src=\"https:\/\/zakmartin.com\/wp-content\/uploads\/2025\/03\/sketch_7.png\" class=\"attachment-large size-large wp-image-2825\" alt=\"\" srcset=\"https:\/\/zakmartin.com\/wp-content\/uploads\/2025\/03\/sketch_7.png 345w, https:\/\/zakmartin.com\/wp-content\/uploads\/2025\/03\/sketch_7-300x300.png 300w, https:\/\/zakmartin.com\/wp-content\/uploads\/2025\/03\/sketch_7-150x150.png 150w\" sizes=\"(max-width: 345px) 100vw, 345px\" \/>\t\t\t\t\t\t\t\t\t\t\t\t\t\t\t<\/div>\n\t\t\t\t<\/div>\n\t\t\t\t<div class=\"elementor-element elementor-element-1b15004 elementor-widget elementor-widget-text-editor\" data-id=\"1b15004\" data-element_type=\"widget\" data-widget_type=\"text-editor.default\">\n\t\t\t\t<div class=\"elementor-widget-container\">\n\t\t\t\t\t\t\t\t\t<p>Sketch 31<br \/>Black felt pen<br \/>26 W x 26 H cm<\/p>\t\t\t\t\t\t\t\t<\/div>\n\t\t\t\t<\/div>\n\t\t\t\t<\/div>\n\t\t<div class=\"elementor-element elementor-element-244b6b0 e-con-full e-flex e-con e-child\" data-id=\"244b6b0\" data-element_type=\"container\">\n\t\t\t\t<div class=\"elementor-element elementor-element-27cdb7c elementor-widget elementor-widget-image\" data-id=\"27cdb7c\" data-element_type=\"widget\" data-widget_type=\"image.default\">\n\t\t\t\t<div class=\"elementor-widget-container\">\n\t\t\t\t\t\t\t\t\t\t\t\t\t\t\t<img decoding=\"async\" width=\"344\" height=\"417\" src=\"https:\/\/zakmartin.com\/wp-content\/uploads\/2025\/03\/sketch8.png\" class=\"attachment-large size-large wp-image-2845\" alt=\"\" srcset=\"https:\/\/zakmartin.com\/wp-content\/uploads\/2025\/03\/sketch8.png 344w, https:\/\/zakmartin.com\/wp-content\/uploads\/2025\/03\/sketch8-247x300.png 247w\" sizes=\"(max-width: 344px) 100vw, 344px\" \/>\t\t\t\t\t\t\t\t\t\t\t\t\t\t\t<\/div>\n\t\t\t\t<\/div>\n\t\t\t\t<div class=\"elementor-element elementor-element-6e5c590 elementor-widget elementor-widget-text-editor\" data-id=\"6e5c590\" data-element_type=\"widget\" data-widget_type=\"text-editor.default\">\n\t\t\t\t<div class=\"elementor-widget-container\">\n\t\t\t\t\t\t\t\t\tSketch 44\nFelt pen\n20 W x 20 H cm\n<font color=\"#cc0000\">SOLD<\/font> \/ <a href=\"https:\/\/www.artpal.com\/?s=zak%20martin&amp;f_ss=1&amp;i=11674-2\" target=\"_blank\" rel=\"noopener\">Buy print<\/a>\t\t\t\t\t\t\t\t<\/div>\n\t\t\t\t<\/div>\n\t\t\t\t<\/div>\n\t\t\t\t\t<\/div>\n\t\t\t\t<\/div>\n\t\t<div class=\"elementor-element elementor-element-96b68c1 e-flex e-con-boxed e-con e-parent\" data-id=\"96b68c1\" data-element_type=\"container\" data-settings=\"{&quot;background_background&quot;:&quot;classic&quot;}\">\n\t\t\t\t\t<div class=\"e-con-inner\">\n\t\t<div class=\"elementor-element elementor-element-61e8dde e-con-full e-flex e-con e-child\" data-id=\"61e8dde\" data-element_type=\"container\">\n\t\t\t\t<div class=\"elementor-element elementor-element-f607715 elementor-widget elementor-widget-image\" data-id=\"f607715\" data-element_type=\"widget\" data-widget_type=\"image.default\">\n\t\t\t\t<div class=\"elementor-widget-container\">\n\t\t\t\t\t\t\t\t\t\t\t\t\t\t\t<img loading=\"lazy\" decoding=\"async\" width=\"800\" height=\"731\" src=\"https:\/\/zakmartin.com\/wp-content\/uploads\/2025\/03\/zsketch4a.png\" class=\"attachment-large size-large wp-image-2855\" alt=\"\" srcset=\"https:\/\/zakmartin.com\/wp-content\/uploads\/2025\/03\/zsketch4a.png 800w, https:\/\/zakmartin.com\/wp-content\/uploads\/2025\/03\/zsketch4a-300x274.png 300w, https:\/\/zakmartin.com\/wp-content\/uploads\/2025\/03\/zsketch4a-768x702.png 768w\" sizes=\"(max-width: 800px) 100vw, 800px\" \/>\t\t\t\t\t\t\t\t\t\t\t\t\t\t\t<\/div>\n\t\t\t\t<\/div>\n\t\t\t\t<div class=\"elementor-element elementor-element-f59792e elementor-widget elementor-widget-text-editor\" data-id=\"f59792e\" data-element_type=\"widget\" data-widget_type=\"text-editor.default\">\n\t\t\t\t<div class=\"elementor-widget-container\">\n\t\t\t\t\t\t\t\t\t<p>I See You<br \/>Blue Biro<br \/>20 W x 20 H cm<\/p>\t\t\t\t\t\t\t\t<\/div>\n\t\t\t\t<\/div>\n\t\t\t\t<\/div>\n\t\t<div class=\"elementor-element elementor-element-6ad1f1d e-con-full e-flex e-con e-child\" data-id=\"6ad1f1d\" data-element_type=\"container\">\n\t\t\t\t<div class=\"elementor-element elementor-element-6e56866 elementor-widget elementor-widget-image\" data-id=\"6e56866\" data-element_type=\"widget\" data-widget_type=\"image.default\">\n\t\t\t\t<div class=\"elementor-widget-container\">\n\t\t\t\t\t\t\t\t\t\t\t\t\t\t\t<img loading=\"lazy\" decoding=\"async\" width=\"350\" height=\"494\" src=\"https:\/\/zakmartin.com\/wp-content\/uploads\/2025\/03\/zsketch5.jpg\" class=\"attachment-large size-large wp-image-2393\" alt=\"\" srcset=\"https:\/\/zakmartin.com\/wp-content\/uploads\/2025\/03\/zsketch5.jpg 350w, https:\/\/zakmartin.com\/wp-content\/uploads\/2025\/03\/zsketch5-213x300.jpg 213w\" sizes=\"(max-width: 350px) 100vw, 350px\" \/>\t\t\t\t\t\t\t\t\t\t\t\t\t\t\t<\/div>\n\t\t\t\t<\/div>\n\t\t\t\t<div class=\"elementor-element elementor-element-29fdcaf elementor-widget elementor-widget-text-editor\" data-id=\"29fdcaf\" data-element_type=\"widget\" data-widget_type=\"text-editor.default\">\n\t\t\t\t<div class=\"elementor-widget-container\">\n\t\t\t\t\t\t\t\t\t<p>Sketch 34<br \/>Quill pen<br \/>21 W x 30 H cm<\/p>\t\t\t\t\t\t\t\t<\/div>\n\t\t\t\t<\/div>\n\t\t\t\t<\/div>\n\t\t\t\t\t<\/div>\n\t\t\t\t<\/div>\n\t\t<div class=\"elementor-element elementor-element-7e4ba76 e-flex e-con-boxed e-con e-parent\" data-id=\"7e4ba76\" data-element_type=\"container\" data-settings=\"{&quot;background_background&quot;:&quot;classic&quot;}\">\n\t\t\t\t\t<div class=\"e-con-inner\">\n\t\t<div class=\"elementor-element elementor-element-f8afb16 e-con-full e-flex e-con e-child\" data-id=\"f8afb16\" data-element_type=\"container\">\n\t\t\t\t<div class=\"elementor-element elementor-element-fcaf825 elementor-widget elementor-widget-image\" data-id=\"fcaf825\" data-element_type=\"widget\" data-widget_type=\"image.default\">\n\t\t\t\t<div class=\"elementor-widget-container\">\n\t\t\t\t\t\t\t\t\t\t\t\t\t\t\t<img loading=\"lazy\" decoding=\"async\" width=\"350\" height=\"463\" src=\"https:\/\/zakmartin.com\/wp-content\/uploads\/2025\/03\/zsketch8.jpg\" class=\"attachment-large size-large wp-image-2396\" alt=\"\" srcset=\"https:\/\/zakmartin.com\/wp-content\/uploads\/2025\/03\/zsketch8.jpg 350w, https:\/\/zakmartin.com\/wp-content\/uploads\/2025\/03\/zsketch8-227x300.jpg 227w\" sizes=\"(max-width: 350px) 100vw, 350px\" \/>\t\t\t\t\t\t\t\t\t\t\t\t\t\t\t<\/div>\n\t\t\t\t<\/div>\n\t\t\t\t<div class=\"elementor-element elementor-element-ccd8fe1 elementor-widget elementor-widget-text-editor\" data-id=\"ccd8fe1\" data-element_type=\"widget\" data-widget_type=\"text-editor.default\">\n\t\t\t\t<div class=\"elementor-widget-container\">\n\t\t\t\t\t\t\t\t\tSketch 12\nFelt pen\n21 W x 30 H cm<br>\n<font color=\"#CC0000\">SOLD<\/font> \/ <a href=\"https:\/\/www.artpal.com\/?s=zak%20martin&amp;f_ss=1&amp;i=11674-6\" target=\"_blank\" rel=\"noopener\">Buy print<\/a>\n\n&nbsp;\t\t\t\t\t\t\t\t<\/div>\n\t\t\t\t<\/div>\n\t\t\t\t<\/div>\n\t\t<div class=\"elementor-element elementor-element-cfa3158 e-con-full e-flex e-con e-child\" data-id=\"cfa3158\" data-element_type=\"container\">\n\t\t\t\t<div class=\"elementor-element elementor-element-50ad8b7 elementor-widget elementor-widget-image\" data-id=\"50ad8b7\" data-element_type=\"widget\" data-widget_type=\"image.default\">\n\t\t\t\t<div class=\"elementor-widget-container\">\n\t\t\t\t\t\t\t\t\t\t\t\t\t\t\t<img loading=\"lazy\" decoding=\"async\" width=\"409\" height=\"438\" src=\"https:\/\/zakmartin.com\/wp-content\/uploads\/2025\/03\/sketch_8.png\" class=\"attachment-large size-large wp-image-2865\" alt=\"\" srcset=\"https:\/\/zakmartin.com\/wp-content\/uploads\/2025\/03\/sketch_8.png 409w, https:\/\/zakmartin.com\/wp-content\/uploads\/2025\/03\/sketch_8-280x300.png 280w\" sizes=\"(max-width: 409px) 100vw, 409px\" \/>\t\t\t\t\t\t\t\t\t\t\t\t\t\t\t<\/div>\n\t\t\t\t<\/div>\n\t\t\t\t<div class=\"elementor-element elementor-element-7126ac1 elementor-widget elementor-widget-text-editor\" data-id=\"7126ac1\" data-element_type=\"widget\" data-widget_type=\"text-editor.default\">\n\t\t\t\t<div class=\"elementor-widget-container\">\n\t\t\t\t\t\t\t\t\t<p>Sketch 52<br \/>Black pen<br \/>30 W x 30 H cm<\/p>\t\t\t\t\t\t\t\t<\/div>\n\t\t\t\t<\/div>\n\t\t\t\t<\/div>\n\t\t<div class=\"elementor-element elementor-element-6d7fd2c e-con-full e-flex e-con e-child\" data-id=\"6d7fd2c\" data-element_type=\"container\">\n\t\t\t\t<div class=\"elementor-element elementor-element-3481078 elementor-widget elementor-widget-image\" data-id=\"3481078\" data-element_type=\"widget\" data-widget_type=\"image.default\">\n\t\t\t\t<div class=\"elementor-widget-container\">\n\t\t\t\t\t\t\t\t\t\t\t\t\t\t\t<img loading=\"lazy\" decoding=\"async\" width=\"206\" height=\"206\" src=\"https:\/\/zakmartin.com\/wp-content\/uploads\/2025\/04\/zak-sketch.jpg\" class=\"attachment-large size-large wp-image-3473\" alt=\"\" srcset=\"https:\/\/zakmartin.com\/wp-content\/uploads\/2025\/04\/zak-sketch.jpg 206w, https:\/\/zakmartin.com\/wp-content\/uploads\/2025\/04\/zak-sketch-150x150.jpg 150w\" sizes=\"(max-width: 206px) 100vw, 206px\" \/>\t\t\t\t\t\t\t\t\t\t\t\t\t\t\t<\/div>\n\t\t\t\t<\/div>\n\t\t\t\t<div class=\"elementor-element elementor-element-ebb4802 elementor-widget elementor-widget-text-editor\" data-id=\"ebb4802\" data-element_type=\"widget\" data-widget_type=\"text-editor.default\">\n\t\t\t\t<div class=\"elementor-widget-container\">\n\t\t\t\t\t\t\t\t\t<p>Sketch 17<br \/>Black pen<br \/>10 W x 10 H cm<\/p>\t\t\t\t\t\t\t\t<\/div>\n\t\t\t\t<\/div>\n\t\t\t\t<\/div>\n\t\t\t\t\t<\/div>\n\t\t\t\t<\/div>\n\t\t<div class=\"elementor-element elementor-element-3ba9daf e-flex e-con-boxed e-con e-parent\" data-id=\"3ba9daf\" data-element_type=\"container\" data-settings=\"{&quot;background_background&quot;:&quot;classic&quot;}\">\n\t\t\t\t\t<div class=\"e-con-inner\">\n\t\t<div class=\"elementor-element elementor-element-1e07097 e-con-full e-flex e-con e-child\" data-id=\"1e07097\" data-element_type=\"container\">\n\t\t\t\t<div class=\"elementor-element elementor-element-91604fe elementor-widget elementor-widget-image\" data-id=\"91604fe\" data-element_type=\"widget\" data-widget_type=\"image.default\">\n\t\t\t\t<div class=\"elementor-widget-container\">\n\t\t\t\t\t\t\t\t\t\t\t\t\t\t\t<img loading=\"lazy\" decoding=\"async\" width=\"632\" height=\"420\" src=\"https:\/\/zakmartin.com\/wp-content\/uploads\/2025\/03\/waking_up.png\" class=\"attachment-full size-full wp-image-2397\" alt=\"\" srcset=\"https:\/\/zakmartin.com\/wp-content\/uploads\/2025\/03\/waking_up.png 632w, https:\/\/zakmartin.com\/wp-content\/uploads\/2025\/03\/waking_up-300x199.png 300w\" sizes=\"(max-width: 632px) 100vw, 632px\" \/>\t\t\t\t\t\t\t\t\t\t\t\t\t\t\t<\/div>\n\t\t\t\t<\/div>\n\t\t\t\t<div class=\"elementor-element elementor-element-ae14894 elementor-widget elementor-widget-text-editor\" data-id=\"ae14894\" data-element_type=\"widget\" data-widget_type=\"text-editor.default\">\n\t\t\t\t<div class=\"elementor-widget-container\">\n\t\t\t\t\t\t\t\t\t<p>Rise<br \/>Black Biro<br \/>30 W x 21 H cm<\/p>\t\t\t\t\t\t\t\t<\/div>\n\t\t\t\t<\/div>\n\t\t\t\t<\/div>\n\t\t\t\t\t<\/div>\n\t\t\t\t<\/div>\n\t\t\t\t<\/div>","protected":false},"excerpt":{"rendered":"<p>Artwork Zak Martin&#8217;s surrealistic cartoons and drawings have garnered significant demand, celebrated for their bold lines, unexpected juxtapositions, and thought-provoking narratives that challenge conventional perspectives. Each piece in Zak\u2019s collection invites exploration, offering a glimpse into the subconscious through a lens that is both playful and profound, cementing his reputation as a distinctive voice in&#8230;<\/p>","protected":false},"author":1,"featured_media":0,"parent":0,"menu_order":0,"comment_status":"closed","ping_status":"closed","template":"elementor_header_footer","meta":{"_kad_post_transparent":"","_kad_post_title":"","_kad_post_layout":"","_kad_post_sidebar_id":"","_kad_post_content_style":"","_kad_post_vertical_padding":"","_kad_post_feature":"","_kad_post_feature_position":"","_kad_post_header":false,"_kad_post_footer":false,"footnotes":""},"class_list":["post-2359","page","type-page","status-publish","hentry"],"_links":{"self":[{"href":"https:\/\/zakmartin.com\/es\/wp-json\/wp\/v2\/pages\/2359","targetHints":{"allow":["GET"]}}],"collection":[{"href":"https:\/\/zakmartin.com\/es\/wp-json\/wp\/v2\/pages"}],"about":[{"href":"https:\/\/zakmartin.com\/es\/wp-json\/wp\/v2\/types\/page"}],"author":[{"embeddable":true,"href":"https:\/\/zakmartin.com\/es\/wp-json\/wp\/v2\/users\/1"}],"replies":[{"embeddable":true,"href":"https:\/\/zakmartin.com\/es\/wp-json\/wp\/v2\/comments?post=2359"}],"version-history":[{"count":209,"href":"https:\/\/zakmartin.com\/es\/wp-json\/wp\/v2\/pages\/2359\/revisions"}],"predecessor-version":[{"id":3959,"href":"https:\/\/zakmartin.com\/es\/wp-json\/wp\/v2\/pages\/2359\/revisions\/3959"}],"wp:attachment":[{"href":"https:\/\/zakmartin.com\/es\/wp-json\/wp\/v2\/media?parent=2359"}],"curies":[{"name":"wp","href":"https:\/\/api.w.org\/{rel}","templated":true}]}}