{"id":2342,"date":"2025-03-26T18:38:08","date_gmt":"2025-03-26T18:38:08","guid":{"rendered":"https:\/\/zakmartin.com\/?page_id=2342"},"modified":"2025-04-14T10:21:31","modified_gmt":"2025-04-14T10:21:31","slug":"visions_of_the_future","status":"publish","type":"page","link":"https:\/\/zakmartin.com\/es\/visions_of_the_future\/","title":{"rendered":"Visiones del futuro"},"content":{"rendered":"<div data-elementor-type=\"wp-page\" data-elementor-id=\"2342\" class=\"elementor elementor-2342\" data-elementor-post-type=\"page\">\n\t\t\t\t<div class=\"elementor-element elementor-element-71579b6 e-flex e-con-boxed e-con e-parent\" data-id=\"71579b6\" data-element_type=\"container\" data-settings=\"{&quot;background_background&quot;:&quot;classic&quot;}\">\n\t\t\t\t\t<div class=\"e-con-inner\">\n\t\t<div class=\"elementor-element elementor-element-c5b90a0 e-con-full e-flex e-con e-child\" data-id=\"c5b90a0\" data-element_type=\"container\">\n\t\t\t\t<div class=\"elementor-element elementor-element-1372351 elementor-widget elementor-widget-heading\" data-id=\"1372351\" data-element_type=\"widget\" data-widget_type=\"heading.default\">\n\t\t\t\t<div class=\"elementor-widget-container\">\n\t\t\t\t\t<h2 class=\"elementor-heading-title elementor-size-default\">\nVisiones del futuro<\/h2>\t\t\t\t<\/div>\n\t\t\t\t<\/div>\n\t\t\t\t<\/div>\n\t\t\t\t\t<\/div>\n\t\t\t\t<\/div>\n\t\t<div class=\"elementor-element elementor-element-21735e8 e-flex e-con-boxed e-con e-parent\" data-id=\"21735e8\" data-element_type=\"container\" data-settings=\"{&quot;background_background&quot;:&quot;classic&quot;}\">\n\t\t\t\t\t<div class=\"e-con-inner\">\n\t\t<div class=\"elementor-element elementor-element-dc4bcc4 e-con-full e-flex e-con e-child\" data-id=\"dc4bcc4\" data-element_type=\"container\">\n\t\t\t\t<div class=\"elementor-element elementor-element-a7ca13a elementor-widget elementor-widget-video\" data-id=\"a7ca13a\" data-element_type=\"widget\" data-settings=\"{&quot;youtube_url&quot;:&quot;https:\\\/\\\/youtu.be\\\/kvYu6lsgC5M&quot;,&quot;video_type&quot;:&quot;youtube&quot;,&quot;controls&quot;:&quot;yes&quot;}\" data-widget_type=\"video.default\">\n\t\t\t\t<div class=\"elementor-widget-container\">\n\t\t\t\t\t\t\t<div class=\"elementor-wrapper elementor-open-inline\">\n\t\t\t<div class=\"elementor-video\"><\/div>\t\t<\/div>\n\t\t\t\t\t\t<\/div>\n\t\t\t\t<\/div>\n\t\t\t\t<div class=\"elementor-element elementor-element-98c4824 elementor-widget elementor-widget-text-editor\" data-id=\"98c4824\" data-element_type=\"widget\" data-widget_type=\"text-editor.default\">\n\t\t\t\t<div class=\"elementor-widget-container\">\n\t\t\t\t\t\t\t\t\t<p>Desde la infancia, Zak Martin ha experimentado sue\u00f1os prof\u00e9ticos y visiones del futuro. Durante muchos a\u00f1os, sus predicciones sobre acontecimientos mundiales se publicaron anualmente en forma de calendario y fueron rese\u00f1adas en peri\u00f3dicos y revistas de todo el mundo. Entre sus predicciones documentadas \u2014es decir, publicadas antes de que ocurrieran los hechos\u2014 se incluyen:<\/p>\t\t\t\t\t\t\t\t<\/div>\n\t\t\t\t<\/div>\n\t\t\t\t<div class=\"elementor-element elementor-element-55eedcb elementor-widget elementor-widget-image\" data-id=\"55eedcb\" data-element_type=\"widget\" data-widget_type=\"image.default\">\n\t\t\t\t<div class=\"elementor-widget-container\">\n\t\t\t\t\t\t\t\t\t\t\t\t\t\t\t<img decoding=\"async\" width=\"250\" height=\"183\" src=\"https:\/\/zakmartin.com\/wp-content\/uploads\/2025\/03\/predictionlist.gif\" class=\"attachment-large size-large wp-image-2552\" alt=\"\" \/>\t\t\t\t\t\t\t\t\t\t\t\t\t\t\t<\/div>\n\t\t\t\t<\/div>\n\t\t\t\t<div class=\"elementor-element elementor-element-2d713d6 elementor-widget elementor-widget-image\" data-id=\"2d713d6\" data-element_type=\"widget\" data-widget_type=\"image.default\">\n\t\t\t\t<div class=\"elementor-widget-container\">\n\t\t\t\t\t\t\t\t\t\t\t\t\t\t\t<img fetchpriority=\"high\" decoding=\"async\" width=\"350\" height=\"190\" src=\"https:\/\/zakmartin.com\/wp-content\/uploads\/2025\/03\/911.gif\" class=\"attachment-large size-large wp-image-2546\" alt=\"\" \/>\t\t\t\t\t\t\t\t\t\t\t\t\t\t\t<\/div>\n\t\t\t\t<\/div>\n\t\t\t\t<div class=\"elementor-element elementor-element-e15ae46 elementor-widget elementor-widget-text-editor\" data-id=\"e15ae46\" data-element_type=\"widget\" data-widget_type=\"text-editor.default\">\n\t\t\t\t<div class=\"elementor-widget-container\">\n\t\t\t\t\t\t\t\t\t<p>\u201cHe tenido una premonici\u00f3n v\u00edvida de un avi\u00f3n de pasajeros estrell\u00e1ndose contra un rascacielos y explotando en llamas\u2026\u201d \u2013 5 de septiembre de 2001<\/p>\t\t\t\t\t\t\t\t<\/div>\n\t\t\t\t<\/div>\n\t\t\t\t<div class=\"elementor-element elementor-element-7fdfd2d elementor-widget elementor-widget-text-editor\" data-id=\"7fdfd2d\" data-element_type=\"widget\" data-widget_type=\"text-editor.default\">\n\t\t\t\t<div class=\"elementor-widget-container\">\n\t\t\t\t\t\t\t\t\t<p>Tambi\u00e9n ha predicho con precisi\u00f3n tendencias pol\u00edticas, econ\u00f3micas, de moda y musicales a nivel global, as\u00ed como avances m\u00e9dicos y cient\u00edficos.<\/p>\t\t\t\t\t\t\t\t<\/div>\n\t\t\t\t<\/div>\n\t\t\t\t<div class=\"elementor-element elementor-element-3daca73 elementor-widget elementor-widget-heading\" data-id=\"3daca73\" data-element_type=\"widget\" data-widget_type=\"heading.default\">\n\t\t\t\t<div class=\"elementor-widget-container\">\n\t\t\t\t\t<h2 class=\"elementor-heading-title elementor-size-default\">Lo que dec\u00edan los peri\u00f3dicos sobre los poderes prof\u00e9ticos de Zak Martin<\/h2>\t\t\t\t<\/div>\n\t\t\t\t<\/div>\n\t\t\t\t<div class=\"elementor-element elementor-element-28fe8eb elementor-widget elementor-widget-text-editor\" data-id=\"28fe8eb\" data-element_type=\"widget\" data-widget_type=\"text-editor.default\">\n\t\t\t\t<div class=\"elementor-widget-container\">\n\t\t\t\t\t\t\t\t\t<p>\u201c\u00bfQui\u00e9n en su sano juicio habr\u00eda predicho hace diez a\u00f1os que el Muro de Berl\u00edn desaparecer\u00eda, que el Tel\u00f3n de Acero caer\u00eda y que una nueva enfermedad de transmisi\u00f3n sexual se extender\u00eda por todo el mundo? El ps\u00edquico irland\u00e9s Zak Martin lo hizo, en un calendario de predicciones publicado all\u00e1 por 1979.\u201d (<strong>Sunday World<\/strong>, 14 de enero de 1990)<\/p>\t\t\t\t\t\t\t\t<\/div>\n\t\t\t\t<\/div>\n\t\t\t\t<div class=\"elementor-element elementor-element-2c482ad elementor-widget elementor-widget-image\" data-id=\"2c482ad\" data-element_type=\"widget\" data-widget_type=\"image.default\">\n\t\t\t\t<div class=\"elementor-widget-container\">\n\t\t\t\t\t\t\t\t\t\t\t\t\t\t\t<img decoding=\"async\" width=\"310\" height=\"112\" src=\"https:\/\/zakmartin.com\/wp-content\/uploads\/2025\/03\/gorbachev2.jpg\" class=\"attachment-large size-large wp-image-2550\" alt=\"\" srcset=\"https:\/\/zakmartin.com\/wp-content\/uploads\/2025\/03\/gorbachev2.jpg 310w, https:\/\/zakmartin.com\/wp-content\/uploads\/2025\/03\/gorbachev2-300x108.jpg 300w\" sizes=\"(max-width: 310px) 100vw, 310px\" \/>\t\t\t\t\t\t\t\t\t\t\t\t\t\t\t<\/div>\n\t\t\t\t<\/div>\n\t\t\t\t<div class=\"elementor-element elementor-element-27290b7 elementor-widget elementor-widget-text-editor\" data-id=\"27290b7\" data-element_type=\"widget\" data-widget_type=\"text-editor.default\">\n\t\t\t\t<div class=\"elementor-widget-container\">\n\t\t\t\t\t\t\t\t\t<p><strong>\u201cZak predice \u2014\u00a1y hasta ahora ha acertado!\u201d (<em>Evening Herald<\/em>, 23 de julio de 1987)<\/strong><\/p><p>&#8220;As Zak&#8217;s predictions for this year were accurate, I await the year ahead with interest&#8221; (<strong>The London<\/strong> <strong>Evening Standard<\/strong>, 11 de diciembre de 1984)<\/p><p><strong>\u201cNunca me han impresionado demasiado las personas que dicen tener la capacidad de \u2018ver\u2019 el futuro, pero al observar el historial de Zak Martin, debo admitir que parece saber de lo que habla. A principios de los a\u00f1os 80 hizo algunas predicciones asombrosas. Por ejemplo, afirm\u00f3 que una enfermedad de transmisi\u00f3n sexual mortal se extender\u00eda por el mundo; que un reformista llegar\u00eda al poder en el Kremlin, lo que llevar\u00eda al colapso del Muro de Berl\u00edn y del Tel\u00f3n de Acero; y que surgir\u00eda una nueva preocupaci\u00f3n por el medio ambiente.\u201d<em>Irish Press<\/em>, 5 de enero de 1991)<\/strong><\/p>\t\t\t\t\t\t\t\t<\/div>\n\t\t\t\t<\/div>\n\t\t\t\t<div class=\"elementor-element elementor-element-e610357 elementor-widget elementor-widget-text-editor\" data-id=\"e610357\" data-element_type=\"widget\" data-widget_type=\"text-editor.default\">\n\t\t\t\t<div class=\"elementor-widget-container\">\n\t\t\t\t\t\t\t\t\t<p><img loading=\"lazy\" decoding=\"async\" class=\"size-full wp-image-2553 alignleft\" src=\"https:\/\/zakmartin.com\/wp-content\/uploads\/2025\/03\/premonitions911.jpg\" alt=\"\" width=\"39\" height=\"60\" \/>La premonici\u00f3n de Zak Martin sobre el 11-S se analiza en<br \/>in <strong>Premonitions of September 11<\/strong>,<br \/>de John Marquardt (Lightning Source Books)<\/p>\t\t\t\t\t\t\t\t<\/div>\n\t\t\t\t<\/div>\n\t\t\t\t<div class=\"elementor-element elementor-element-3e5667d elementor-widget elementor-widget-text-editor\" data-id=\"3e5667d\" data-element_type=\"widget\" data-widget_type=\"text-editor.default\">\n\t\t\t\t<div class=\"elementor-widget-container\">\n\t\t\t\t\t\t\t\t\t<p><img loading=\"lazy\" decoding=\"async\" class=\"size-full wp-image-2560 alignleft\" src=\"https:\/\/zakmartin.com\/wp-content\/uploads\/2025\/03\/superint.png\" alt=\"\" width=\"81\" height=\"100\" \/>La premonici\u00f3n de Zak Martin sobre el 11-S comentada en la revista portuguesa <strong>SUPERinteressante<\/strong> (portugu\u00e9s)<br \/>&#8220;Premoni\u00e7\u00e3o: Farejando desgra\u00e7as&#8221;,<br \/>de Leandro Steiw<\/p>\t\t\t\t\t\t\t\t<\/div>\n\t\t\t\t<\/div>\n\t\t\t\t<div class=\"elementor-element elementor-element-11765c8 elementor-widget elementor-widget-text-editor\" data-id=\"11765c8\" data-element_type=\"widget\" data-widget_type=\"text-editor.default\">\n\t\t\t\t<div class=\"elementor-widget-container\">\n\t\t\t\t\t\t\t\t\t<p>\u201cEl ps\u00edquico m\u00e1s dotado del Reino Unido, Zak Martin, ha predicho con precisi\u00f3n acontecimientos mundiales, incluidos el desastre a\u00e9reo de Tenerife y el ganador del Grand National en siete ocasiones consecutivas.\u201d (<strong>Daily Mirror<\/strong>, 10 de mayo de 1983)<\/p>\t\t\t\t\t\t\t\t<\/div>\n\t\t\t\t<\/div>\n\t\t\t\t<div class=\"elementor-element elementor-element-a80f6bc elementor-widget elementor-widget-text-editor\" data-id=\"a80f6bc\" data-element_type=\"widget\" data-widget_type=\"text-editor.default\">\n\t\t\t\t<div class=\"elementor-widget-container\">\n\t\t\t\t\t\t\t\t\t<p>\u201cPero si su predicci\u00f3n sobre Sinn F\u00e9in se cumple, todos nos iremos en barco\u2026 \u00e9l ve que Sinn F\u00e9in ganar\u00e1 popularidad en las pr\u00f3ximas d\u00e9cadas hasta convertirse en \u2018una fuerza pol\u00edtica importante en la pol\u00edtica irlandesa\u2019.\u201d<br \/>John Boland, Dubliner&#8217;s Diary, <strong>Irish Press<\/strong> , 3 de marzo de 1988.<\/p>\t\t\t\t\t\t\t\t<\/div>\n\t\t\t\t<\/div>\n\t\t\t\t<\/div>\n\t\t<div class=\"elementor-element elementor-element-fa1bb11 e-con-full e-flex e-con e-child\" data-id=\"fa1bb11\" data-element_type=\"container\">\n\t\t\t\t<div class=\"elementor-element elementor-element-2d71142 elementor-widget elementor-widget-text-editor\" data-id=\"2d71142\" data-element_type=\"widget\" data-widget_type=\"text-editor.default\">\n\t\t\t\t<div class=\"elementor-widget-container\">\n\t\t\t\t\t\t\t\t\t<p>\u201cEs asombroso repasar las predicciones de Zak Martin para los a\u00f1os 80: \u2018un nuevo l\u00edder carism\u00e1tico surgir\u00e1 de una lucha de poder en el Kremlin, el Tel\u00f3n de Acero y el Muro de Berl\u00edn desaparecer\u00e1n, surgir\u00e1 una enfermedad mortal de transmisi\u00f3n sexual, habr\u00e1 un desastre espacial en 1984, y una nueva preocupaci\u00f3n por el medio ambiente.\u2019\u201d<strong>Evening Herald<\/strong>, 9 de enero de 1990)<\/p><p>\u201c\u00bfC\u00f3mo se pueden evaluar las predicciones del a\u00f1o, si no es en retrospectiva? Las predicciones de Zak Martin han resultado sorprendentemente acertadas.\u201d (<strong>What&#8217;s On In London<\/strong>, 7 de marzo de 1983)<\/p><p>\u201cOs dejo a vosotros decidir qu\u00e9 pensar al respecto. Pero un n\u00famero sorprendente de las predicciones que Zak Martin hizo a principios de a\u00f1o en Ad Lib se han cumplido\u2026\u201d\n(<strong>Evening Herald<\/strong>, 23 de julio de 1987)<\/p>\t\t\t\t\t\t\t\t<\/div>\n\t\t\t\t<\/div>\n\t\t<div class=\"elementor-element elementor-element-887a78e e-con-full e-flex e-con e-child\" data-id=\"887a78e\" data-element_type=\"container\">\n\t\t\t\t<div class=\"elementor-element elementor-element-90751d1 elementor-widget elementor-widget-text-editor\" data-id=\"90751d1\" data-element_type=\"widget\" data-widget_type=\"text-editor.default\">\n\t\t\t\t<div class=\"elementor-widget-container\">\n\t\t\t\t\t\t\t\t\t<p><img loading=\"lazy\" decoding=\"async\" class=\"size-full wp-image-2557 alignleft\" src=\"https:\/\/zakmartin.com\/wp-content\/uploads\/2025\/03\/sineadoconnor.jpg\" alt=\"\" width=\"51\" height=\"66\" \/>\u201cLa relaci\u00f3n del grupo con el ps\u00edquico irland\u00e9s Zak Martin probablemente ha influido en parte de esto: incluso incluyeron una canci\u00f3n basada en las predicciones anuales de Zak, que inclu\u00eda un presagio del bombardeo estadounidense de Tr\u00edpoli, cuatro meses antes del suceso, sin mencionar la destrucci\u00f3n de cierto muro muy conocido en Europa central.\u201d\n\u2013 Sin\u00e9ad O\u2019Connor, So Different (Omnibus Press, 1998)<\/p>\t\t\t\t\t\t\t\t<\/div>\n\t\t\t\t<\/div>\n\t\t\t\t<div class=\"elementor-element elementor-element-8cdcf90 elementor-widget elementor-widget-text-editor\" data-id=\"8cdcf90\" data-element_type=\"widget\" data-widget_type=\"text-editor.default\">\n\t\t\t\t<div class=\"elementor-widget-container\">\n\t\t\t\t\t\t\t\t\t<p>\u201cZak Martin ha hecho predicciones asombrosas.\u201d (London Alternative Magazine, 7 de septiembre de 1982)<\/p>\t\t\t\t\t\t\t\t<\/div>\n\t\t\t\t<\/div>\n\t\t\t\t<div class=\"elementor-element elementor-element-80dc46f elementor-widget elementor-widget-text-editor\" data-id=\"80dc46f\" data-element_type=\"widget\" data-widget_type=\"text-editor.default\">\n\t\t\t\t<div class=\"elementor-widget-container\">\n\t\t\t\t\t\t\t\t\t<p><img loading=\"lazy\" decoding=\"async\" class=\"size-full wp-image-2558 alignleft\" src=\"https:\/\/zakmartin.com\/wp-content\/uploads\/2025\/03\/super.gif\" alt=\"\" width=\"152\" height=\"58\" \/>\u201cEl 5 de septiembre de 2001, el ps\u00edquico irland\u00e9s Zak Martin describi\u00f3 una visi\u00f3n aterradora: \u2018La semana pasada tuve una premonici\u00f3n muy v\u00edvida de un avi\u00f3n \u2014como un avi\u00f3n comercial de pasajeros\u2014 estrell\u00e1ndose contra un rascacielos y estallando en llamas\u2019. Seis d\u00edas despu\u00e9s, no uno, sino dos aviones comerciales se estrellaron contra las Torres Gemelas del World Trade Center en Nueva York.\u201d\n(Super Interessante, mayo de 2005)<\/p>\t\t\t\t\t\t\t\t<\/div>\n\t\t\t\t<\/div>\n\t\t\t\t<\/div>\n\t\t\t\t<div class=\"elementor-element elementor-element-5eecee3 elementor-widget elementor-widget-text-editor\" data-id=\"5eecee3\" data-element_type=\"widget\" data-widget_type=\"text-editor.default\">\n\t\t\t\t<div class=\"elementor-widget-container\">\n\t\t\t\t\t\t\t\t\t<p>\u201cZak predijo el accidente a\u00e9reo de Tenerife, el desastre de Chern\u00f3bil y la llegada de la perestroika.\u201d\n(Psychic News, 27 de enero de 1990)<\/p>\t\t\t\t\t\t\t\t<\/div>\n\t\t\t\t<\/div>\n\t\t\t\t<div class=\"elementor-element elementor-element-c6c6b86 elementor-widget elementor-widget-text-editor\" data-id=\"c6c6b86\" data-element_type=\"widget\" data-widget_type=\"text-editor.default\">\n\t\t\t\t<div class=\"elementor-widget-container\">\n\t\t\t\t\t\t\t\t\t<h5><img loading=\"lazy\" decoding=\"async\" class=\"size-medium wp-image-2569 alignleft\" src=\"https:\/\/zakmartin.com\/wp-content\/uploads\/2025\/03\/diandcharles-300x78.jpg\" alt=\"\" width=\"300\" height=\"78\" srcset=\"https:\/\/zakmartin.com\/wp-content\/uploads\/2025\/03\/diandcharles-300x78.jpg 300w, https:\/\/zakmartin.com\/wp-content\/uploads\/2025\/03\/diandcharles.jpg 340w\" sizes=\"(max-width: 300px) 100vw, 300px\" \/><strong>Diana y Carlos<\/strong><\/h5><p><strong>\u201cEl \u2018cuento de hadas\u2019 del matrimonio entre Carlos y Diana comenzar\u00e1 a desmoronarse en el a\u00f1o que viene. Como dije en mis calendarios anteriores, preveo que este matrimonio terminar\u00e1 de forma prematura y tr\u00e1gica.\u201d\n(Calendario de Predicciones de Zak Martin para 1986)<\/strong><\/p><p>\u201cEste detective ps\u00edquico ha hecho algunas predicciones muy precisas. Predijo correctamente la recuperaci\u00f3n econ\u00f3mica de este a\u00f1o, as\u00ed como la ruptura entre el Pr\u00edncipe Carlos y la Princesa Diana, que \u00e9l sigue afirmando con firmeza que no es una invenci\u00f3n de la prensa sensacionalista.\u201d\n(Irish Press, 29 de diciembre de 1987)<\/p><p><strong>\u201cUna aura de negatividad rodea actualmente a la familia real brit\u00e1nica. La ruptura entre Carlos y Diana \u2014que predije el a\u00f1o pasado\u2014 se agudizar\u00e1 en el pr\u00f3ximo a\u00f1o, e incluso existir\u00e1 la posibilidad de que uno de los dos se involucre con una tercera persona.\u201d\n(In Dublin Annual, 1987\u20131988)<\/strong><\/p>\t\t\t\t\t\t\t\t<\/div>\n\t\t\t\t<\/div>\n\t\t\t\t<div class=\"elementor-element elementor-element-5edf035 elementor-widget elementor-widget-text-editor\" data-id=\"5edf035\" data-element_type=\"widget\" data-widget_type=\"text-editor.default\">\n\t\t\t\t<div class=\"elementor-widget-container\">\n\t\t\t\t\t\t\t\t\t<p>\u201cEl clarividente m\u00e1s famoso del Reino Unido \u2014aterradoramente preciso.\u201d\n(Mark Hallilay, London Capital Radio, 28 de diciembre de 1983)<\/p>\t\t\t\t\t\t\t\t<\/div>\n\t\t\t\t<\/div>\n\t\t\t\t<div class=\"elementor-element elementor-element-ad1871e elementor-widget elementor-widget-text-editor\" data-id=\"ad1871e\" data-element_type=\"widget\" data-widget_type=\"text-editor.default\">\n\t\t\t\t<div class=\"elementor-widget-container\">\n\t\t\t\t\t\t\t\t\t<p><img loading=\"lazy\" decoding=\"async\" class=\"size-full wp-image-2555 alignleft\" src=\"https:\/\/zakmartin.com\/wp-content\/uploads\/2025\/03\/sashafenton1.jpg\" alt=\"\" width=\"51\" height=\"66\" \/>\u201cSin la percepci\u00f3n aguda de Zak a mi favor, jam\u00e1s habr\u00eda llegado a ser autora profesional. Desde su visi\u00f3n de mi futuro, he escrito m\u00e1s de 100 libros, vendidos y traducidos en muchos pa\u00edses del mundo.\u201d \u2013 Sasha Fenton, personalidad televisiva y autora superventas.<\/p>\t\t\t\t\t\t\t\t<\/div>\n\t\t\t\t<\/div>\n\t\t\t\t<div class=\"elementor-element elementor-element-bacd44a elementor-widget elementor-widget-image\" data-id=\"bacd44a\" data-element_type=\"widget\" data-widget_type=\"image.default\">\n\t\t\t\t<div class=\"elementor-widget-container\">\n\t\t\t\t\t\t\t\t\t\t\t\t\t\t\t<img loading=\"lazy\" decoding=\"async\" width=\"350\" height=\"280\" src=\"https:\/\/zakmartin.com\/wp-content\/uploads\/2025\/03\/cutting8b-1.gif\" class=\"attachment-large size-large wp-image-2570\" alt=\"\" \/>\t\t\t\t\t\t\t\t\t\t\t\t\t\t\t<\/div>\n\t\t\t\t<\/div>\n\t\t\t\t<\/div>\n\t\t\t\t\t<\/div>\n\t\t\t\t<\/div>\n\t\t\t\t<\/div>","protected":false},"excerpt":{"rendered":"<p>Visions of the future https:\/\/youtu.be\/kvYu6lsgC5M Since early childhood, Zak Martin has experienced prophetic dreams and visions of the future. His predictions on world events were published each year in calendar form for many years and reviewed in newspapers and magazines throughout the world. His documented predictions &#8211; that is, published before the event took place&#8230;<\/p>","protected":false},"author":1,"featured_media":0,"parent":0,"menu_order":0,"comment_status":"closed","ping_status":"closed","template":"elementor_header_footer","meta":{"_kad_post_transparent":"","_kad_post_title":"","_kad_post_layout":"","_kad_post_sidebar_id":"","_kad_post_content_style":"","_kad_post_vertical_padding":"","_kad_post_feature":"","_kad_post_feature_position":"","_kad_post_header":false,"_kad_post_footer":false,"footnotes":""},"class_list":["post-2342","page","type-page","status-publish","hentry"],"_links":{"self":[{"href":"https:\/\/zakmartin.com\/es\/wp-json\/wp\/v2\/pages\/2342","targetHints":{"allow":["GET"]}}],"collection":[{"href":"https:\/\/zakmartin.com\/es\/wp-json\/wp\/v2\/pages"}],"about":[{"href":"https:\/\/zakmartin.com\/es\/wp-json\/wp\/v2\/types\/page"}],"author":[{"embeddable":true,"href":"https:\/\/zakmartin.com\/es\/wp-json\/wp\/v2\/users\/1"}],"replies":[{"embeddable":true,"href":"https:\/\/zakmartin.com\/es\/wp-json\/wp\/v2\/comments?post=2342"}],"version-history":[{"count":55,"href":"https:\/\/zakmartin.com\/es\/wp-json\/wp\/v2\/pages\/2342\/revisions"}],"predecessor-version":[{"id":3968,"href":"https:\/\/zakmartin.com\/es\/wp-json\/wp\/v2\/pages\/2342\/revisions\/3968"}],"wp:attachment":[{"href":"https:\/\/zakmartin.com\/es\/wp-json\/wp\/v2\/media?parent=2342"}],"curies":[{"name":"wp","href":"https:\/\/api.w.org\/{rel}","templated":true}]}}