{"id":2315,"date":"2025-03-26T17:04:31","date_gmt":"2025-03-26T17:04:31","guid":{"rendered":"https:\/\/zakmartin.com\/?page_id=2315"},"modified":"2025-11-19T23:24:05","modified_gmt":"2025-11-19T23:24:05","slug":"music-and-songwriting","status":"publish","type":"page","link":"https:\/\/zakmartin.com\/es\/music-and-songwriting\/","title":{"rendered":"Music and songwriting"},"content":{"rendered":"<div data-elementor-type=\"wp-page\" data-elementor-id=\"2315\" class=\"elementor elementor-2315\" data-elementor-post-type=\"page\">\n\t\t\t\t<div class=\"elementor-element elementor-element-71579b6 e-flex e-con-boxed e-con e-parent\" data-id=\"71579b6\" data-element_type=\"container\" data-settings=\"{&quot;background_background&quot;:&quot;classic&quot;}\">\n\t\t\t\t\t<div class=\"e-con-inner\">\n\t\t<div class=\"elementor-element elementor-element-c5b90a0 e-con-full e-flex e-con e-child\" data-id=\"c5b90a0\" data-element_type=\"container\">\n\t\t\t\t<div class=\"elementor-element elementor-element-1372351 elementor-widget elementor-widget-heading\" data-id=\"1372351\" data-element_type=\"widget\" data-widget_type=\"heading.default\">\n\t\t\t\t<div class=\"elementor-widget-container\">\n\t\t\t\t\t<h2 class=\"elementor-heading-title elementor-size-default\">\nMusic &amp; Songwriting <\/h2>\t\t\t\t<\/div>\n\t\t\t\t<\/div>\n\t\t\t\t<\/div>\n\t\t\t\t\t<\/div>\n\t\t\t\t<\/div>\n\t\t<div class=\"elementor-element elementor-element-8f54cc0 e-flex e-con-boxed e-con e-parent\" data-id=\"8f54cc0\" data-element_type=\"container\" data-settings=\"{&quot;background_background&quot;:&quot;classic&quot;}\">\n\t\t\t\t\t<div class=\"e-con-inner\">\n\t\t<div class=\"elementor-element elementor-element-aabeb88 e-con-full e-flex e-con e-child\" data-id=\"aabeb88\" data-element_type=\"container\">\n\t\t\t\t<div class=\"elementor-element elementor-element-215889b elementor-widget elementor-widget-text-editor\" data-id=\"215889b\" data-element_type=\"widget\" data-widget_type=\"text-editor.default\">\n\t\t\t\t<div class=\"elementor-widget-container\">\n\t\t\t\t\t\t\t\t\t<p><strong>Desde ni\u00f1o, Zak Martin fue un prodigio musical, capaz de tocar pr\u00e1cticamente cualquier instrumento con maestr\u00eda, a pesar de no haber recibido formaci\u00f3n musical de ning\u00fan tipo.<\/strong><\/p><p>A lo largo de los a\u00f1os, ha colaborado musical y creativamente con algunos de los cantantes y m\u00fasicos m\u00e1s aclamados del mundo, especialmente en su natal Irlanda.<\/p>\t\t\t\t\t\t\t\t<\/div>\n\t\t\t\t<\/div>\n\t\t\t\t<\/div>\n\t\t<div class=\"elementor-element elementor-element-af06463 e-con-full e-flex e-con e-child\" data-id=\"af06463\" data-element_type=\"container\">\n\t\t\t\t<div class=\"elementor-element elementor-element-2f76fea elementor-widget elementor-widget-image\" data-id=\"2f76fea\" data-element_type=\"widget\" data-widget_type=\"image.default\">\n\t\t\t\t<div class=\"elementor-widget-container\">\n\t\t\t\t\t\t\t\t\t\t\t\t\t\t\t<img fetchpriority=\"high\" decoding=\"async\" width=\"296\" height=\"300\" src=\"https:\/\/zakmartin.com\/wp-content\/uploads\/2025\/03\/zak_mic-296x300.png\" class=\"attachment-medium size-medium wp-image-3208\" alt=\"\" srcset=\"https:\/\/zakmartin.com\/wp-content\/uploads\/2025\/03\/zak_mic-296x300.png 296w, https:\/\/zakmartin.com\/wp-content\/uploads\/2025\/03\/zak_mic-768x779.png 768w, https:\/\/zakmartin.com\/wp-content\/uploads\/2025\/03\/zak_mic.png 876w\" sizes=\"(max-width: 296px) 100vw, 296px\" \/>\t\t\t\t\t\t\t\t\t\t\t\t\t\t\t<\/div>\n\t\t\t\t<\/div>\n\t\t\t\t<\/div>\n\t\t\t\t\t<\/div>\n\t\t\t\t<\/div>\n\t\t<div class=\"elementor-element elementor-element-4e37406 e-flex e-con-boxed e-con e-parent\" data-id=\"4e37406\" data-element_type=\"container\" data-settings=\"{&quot;background_background&quot;:&quot;classic&quot;}\">\n\t\t\t\t\t<div class=\"e-con-inner\">\n\t\t<div class=\"elementor-element elementor-element-0455244 e-con-full e-flex e-con e-child\" data-id=\"0455244\" data-element_type=\"container\">\n\t\t\t\t<div class=\"elementor-element elementor-element-856dc88 elementor-widget elementor-widget-text-editor\" data-id=\"856dc88\" data-element_type=\"widget\" data-widget_type=\"text-editor.default\">\n\t\t\t\t<div class=\"elementor-widget-container\">\n\t\t\t\t\t\t\t\t\t<p>Entre los artistas con los que ha trabajado se encuentran <a href=\"https:\/\/www.youtube.com\/watch?si=X5DW2u0-NXGk4-4B&amp;v=Ta3YkTdIQqE&amp;feature=youtu.be\" target=\"_blank\" rel=\"noopener\">Phil Lynott<\/a> (Thin Lizzy), <a href=\"https:\/\/es.wikipedia.org\/wiki\/Phil_Chevron\" target=\"_blank\" rel=\"noopener\">Phil Chevron<\/a> (The Pogues, The Radiators from Space), <a href=\"https:\/\/www.youtube.com\/watch?v=XEJw2ROkJmw\" rel=\"nofollow noopener\" target=\"_blank\">Sam Obernik<\/a> (Tim Deluxe, Linus Love, Tomcraft), Sin\u00e9ad O&#8217;Connor, Eurovision singer <a href=\"https:\/\/www.youtube.com\/watch?v=Srwt1QgXJ9g\" rel=\"nofollow noopener\" target=\"_blank\">Una Gibney<\/a> (quien grab\u00f3 su canci\u00f3n \u201cTelescope\u201d para Polygram), la banda irlandesa femenina <a href=\"https:\/\/www.facebook.com\/thecolleens\/\" target=\"_blank\" rel=\"noopener\">The Colleens<\/a> y muchos otros.<\/p>\t\t\t\t\t\t\t\t<\/div>\n\t\t\t\t<\/div>\n\t\t\t\t<\/div>\n\t\t<div class=\"elementor-element elementor-element-6417454 e-con-full e-flex e-con e-child\" data-id=\"6417454\" data-element_type=\"container\">\n\t\t\t\t<div class=\"elementor-element elementor-element-1e98956 elementor-widget elementor-widget-image\" data-id=\"1e98956\" data-element_type=\"widget\" data-widget_type=\"image.default\">\n\t\t\t\t<div class=\"elementor-widget-container\">\n\t\t\t\t\t\t\t\t\t\t\t\t\t\t\t<img decoding=\"async\" width=\"273\" height=\"300\" src=\"https:\/\/zakmartin.com\/wp-content\/uploads\/2025\/03\/zak-martin-music-273x300.png\" class=\"attachment-medium size-medium wp-image-3212\" alt=\"\" srcset=\"https:\/\/zakmartin.com\/wp-content\/uploads\/2025\/03\/zak-martin-music-273x300.png 273w, https:\/\/zakmartin.com\/wp-content\/uploads\/2025\/03\/zak-martin-music.png 715w\" sizes=\"(max-width: 273px) 100vw, 273px\" \/>\t\t\t\t\t\t\t\t\t\t\t\t\t\t\t<\/div>\n\t\t\t\t<\/div>\n\t\t\t\t<\/div>\n\t\t\t\t\t<\/div>\n\t\t\t\t<\/div>\n\t\t<div class=\"elementor-element elementor-element-6c9b74f e-flex e-con-boxed e-con e-parent\" data-id=\"6c9b74f\" data-element_type=\"container\" data-settings=\"{&quot;background_background&quot;:&quot;classic&quot;}\">\n\t\t\t\t\t<div class=\"e-con-inner\">\n\t\t\t\t<div class=\"elementor-element elementor-element-ad65163 elementor-widget elementor-widget-text-editor\" data-id=\"ad65163\" data-element_type=\"widget\" data-widget_type=\"text-editor.default\">\n\t\t\t\t<div class=\"elementor-widget-container\">\n\t\t\t\t\t\t\t\t\t<p><img decoding=\"async\" class=\"size-medium wp-image-3112 alignright\" src=\"https:\/\/zakmartin.com\/wp-content\/uploads\/2025\/03\/unblurimageai_upscaler_zak_tv-183x300.png\" alt=\"\" width=\"183\" height=\"300\" srcset=\"https:\/\/zakmartin.com\/wp-content\/uploads\/2025\/03\/unblurimageai_upscaler_zak_tv-183x300.png 183w, https:\/\/zakmartin.com\/wp-content\/uploads\/2025\/03\/unblurimageai_upscaler_zak_tv.png 456w\" sizes=\"(max-width: 183px) 100vw, 183px\" \/><br \/>Su trabajo como compositor abarca una amplia gama de g\u00e9neros, incluyendo pop, rock, grunge, country, folk, blues, jazz y m\u00fasica cl\u00e1sica. \u201cDance\u201d marca su primera incursi\u00f3n en el g\u00e9nero Dance\/House.<\/p>\t\t\t\t\t\t\t\t<\/div>\n\t\t\t\t<\/div>\n\t\t\t\t\t<\/div>\n\t\t\t\t<\/div>\n\t\t<div class=\"elementor-element elementor-element-c3120f7 e-flex e-con-boxed e-con e-parent\" data-id=\"c3120f7\" data-element_type=\"container\" data-settings=\"{&quot;background_background&quot;:&quot;classic&quot;}\">\n\t\t\t\t\t<div class=\"e-con-inner\">\n\t\t\t\t<div class=\"elementor-element elementor-element-5b78775 elementor-widget elementor-widget-image\" data-id=\"5b78775\" data-element_type=\"widget\" data-widget_type=\"image.default\">\n\t\t\t\t<div class=\"elementor-widget-container\">\n\t\t\t\t\t\t\t\t\t\t\t\t\t\t\t<img loading=\"lazy\" decoding=\"async\" width=\"300\" height=\"286\" src=\"https:\/\/zakmartin.com\/wp-content\/uploads\/2025\/03\/zballyer-removebg-preview1-300x286.png\" class=\"attachment-medium size-medium wp-image-3108\" alt=\"\" srcset=\"https:\/\/zakmartin.com\/wp-content\/uploads\/2025\/03\/zballyer-removebg-preview1-300x286.png 300w, https:\/\/zakmartin.com\/wp-content\/uploads\/2025\/03\/zballyer-removebg-preview1.png 511w\" sizes=\"(max-width: 300px) 100vw, 300px\" \/>\t\t\t\t\t\t\t\t\t\t\t\t\t\t\t<\/div>\n\t\t\t\t<\/div>\n\t\t\t\t<div class=\"elementor-element elementor-element-012a537 elementor-widget elementor-widget-image\" data-id=\"012a537\" data-element_type=\"widget\" data-widget_type=\"image.default\">\n\t\t\t\t<div class=\"elementor-widget-container\">\n\t\t\t\t\t\t\t\t\t\t\t\t\t\t\t\t<a href=\"https:\/\/www.youtube.com\/@zakmartinmusicchannel515\" target=\"_blank\" rel=\"noopener\">\n\t\t\t\t\t\t\t<img loading=\"lazy\" decoding=\"async\" width=\"458\" height=\"120\" src=\"https:\/\/zakmartin.com\/wp-content\/uploads\/2025\/03\/zak_music.png\" class=\"attachment-large size-large wp-image-2330\" alt=\"\" srcset=\"https:\/\/zakmartin.com\/wp-content\/uploads\/2025\/03\/zak_music.png 458w, https:\/\/zakmartin.com\/wp-content\/uploads\/2025\/03\/zak_music-300x79.png 300w\" sizes=\"(max-width: 458px) 100vw, 458px\" \/>\t\t\t\t\t\t\t\t<\/a>\n\t\t\t\t\t\t\t\t\t\t\t\t\t\t\t<\/div>\n\t\t\t\t<\/div>\n\t\t\t\t\t<\/div>\n\t\t\t\t<\/div>\n\t\t\t\t<\/div>","protected":false},"excerpt":{"rendered":"<p>Music &amp; Songwriting As a child, Zak Martin was a musical prodigy, able to play virtually every instrument expertly, despite never having received musical training of any kind. Over the years he has collaborated musically and creatively with some of the world&#8217;s most highly acclaimed singers and musicians, particularly in his native Ireland. Artists he&#8230;<\/p>","protected":false},"author":1,"featured_media":0,"parent":0,"menu_order":0,"comment_status":"closed","ping_status":"closed","template":"elementor_header_footer","meta":{"_kad_post_transparent":"","_kad_post_title":"","_kad_post_layout":"","_kad_post_sidebar_id":"","_kad_post_content_style":"","_kad_post_vertical_padding":"","_kad_post_feature":"","_kad_post_feature_position":"","_kad_post_header":false,"_kad_post_footer":false,"footnotes":""},"class_list":["post-2315","page","type-page","status-publish","hentry"],"_links":{"self":[{"href":"https:\/\/zakmartin.com\/es\/wp-json\/wp\/v2\/pages\/2315","targetHints":{"allow":["GET"]}}],"collection":[{"href":"https:\/\/zakmartin.com\/es\/wp-json\/wp\/v2\/pages"}],"about":[{"href":"https:\/\/zakmartin.com\/es\/wp-json\/wp\/v2\/types\/page"}],"author":[{"embeddable":true,"href":"https:\/\/zakmartin.com\/es\/wp-json\/wp\/v2\/users\/1"}],"replies":[{"embeddable":true,"href":"https:\/\/zakmartin.com\/es\/wp-json\/wp\/v2\/comments?post=2315"}],"version-history":[{"count":164,"href":"https:\/\/zakmartin.com\/es\/wp-json\/wp\/v2\/pages\/2315\/revisions"}],"predecessor-version":[{"id":4430,"href":"https:\/\/zakmartin.com\/es\/wp-json\/wp\/v2\/pages\/2315\/revisions\/4430"}],"wp:attachment":[{"href":"https:\/\/zakmartin.com\/es\/wp-json\/wp\/v2\/media?parent=2315"}],"curies":[{"name":"wp","href":"https:\/\/api.w.org\/{rel}","templated":true}]}}