{"id":2023,"date":"2025-03-23T22:11:05","date_gmt":"2025-03-23T22:11:05","guid":{"rendered":"https:\/\/zakmartin.com\/?page_id=2023"},"modified":"2025-05-05T15:40:20","modified_gmt":"2025-05-05T15:40:20","slug":"the-trouble-with-dna-evidence","status":"publish","type":"page","link":"https:\/\/zakmartin.com\/es\/the-trouble-with-dna-evidence\/","title":{"rendered":"The Trouble With DNA Evidence"},"content":{"rendered":"<div data-elementor-type=\"wp-page\" data-elementor-id=\"2023\" class=\"elementor elementor-2023\" data-elementor-post-type=\"page\">\n\t\t\t\t<div class=\"elementor-element elementor-element-71579b6 e-flex e-con-boxed e-con e-parent\" data-id=\"71579b6\" data-element_type=\"container\" data-settings=\"{&quot;background_background&quot;:&quot;classic&quot;}\">\n\t\t\t\t\t<div class=\"e-con-inner\">\n\t\t<div class=\"elementor-element elementor-element-c5b90a0 e-con-full e-flex e-con e-child\" data-id=\"c5b90a0\" data-element_type=\"container\">\n\t\t\t\t<div class=\"elementor-element elementor-element-1372351 elementor-widget elementor-widget-heading\" data-id=\"1372351\" data-element_type=\"widget\" data-widget_type=\"heading.default\">\n\t\t\t\t<div class=\"elementor-widget-container\">\n\t\t\t\t\t<h2 class=\"elementor-heading-title elementor-size-default\">El problema con las pruebas de ADN<\/h2>\t\t\t\t<\/div>\n\t\t\t\t<\/div>\n\t\t\t\t<\/div>\n\t\t\t\t\t<\/div>\n\t\t\t\t<\/div>\n\t\t<div class=\"elementor-element elementor-element-2283f10 e-flex e-con-boxed e-con e-parent\" data-id=\"2283f10\" data-element_type=\"container\" data-settings=\"{&quot;background_background&quot;:&quot;classic&quot;}\">\n\t\t\t\t\t<div class=\"e-con-inner\">\n\t\t\t\t<div class=\"elementor-element elementor-element-cc55a0d elementor-widget elementor-widget-text-editor\" data-id=\"cc55a0d\" data-element_type=\"widget\" data-widget_type=\"text-editor.default\">\n\t\t\t\t<div class=\"elementor-widget-container\">\n\t\t\t\t\t\t\t\t\t<p><strong>La coincidencia de ADN ha llegado a considerarse el \"est\u00e1ndar de oro\" en el perfilado forense. Incluso se ha descrito como \"la mano de Dios se\u00f1alando al culpable\" y \"la piedra angular de CSI\".<\/strong><\/p><p>No cabe duda de que la coincidencia de ADN representa un avance importante en la ciencia forense. Si se encuentra el ADN de un sospechoso en la escena de un crimen, se prueba sin lugar a dudas que esa persona estuvo all\u00ed.<\/p><p>\u00bfO no?<\/p><p>En realidad, no. Solo demuestra que su ADN estuvo all\u00ed. Y ese es el elefante en la habitaci\u00f3n de la evidencia de ADN. Un elefante cuya presencia tanto la polic\u00eda como los investigadores forenses han sido reacios a reconocer.<\/p><p>A diferencia de las huellas dactilares, el ADN puede ser trasladarse de un lugar a otro, ya sea accidentalmente o intencionalmente. Si se encuentran las huellas dactilares de una persona en la escena de un crimen, se puede afirmar con un alto nivel de confianza que fueron dejadas all\u00ed por esa persona. Pero el ADN puede ser transferido de un lugar a otro, o depositado en un objeto \u2014como un arma homicida, por ejemplo\u2014 con facilidad. Y esta es una debilidad grave y potencialmente fatal de la evidencia gen\u00e9tica.<\/p>\t\t\t\t\t\t\t\t<\/div>\n\t\t\t\t<\/div>\n\t\t\t\t\t<\/div>\n\t\t\t\t<\/div>\n\t\t<div class=\"elementor-element elementor-element-360c214 e-flex e-con-boxed e-con e-parent\" data-id=\"360c214\" data-element_type=\"container\" data-settings=\"{&quot;background_background&quot;:&quot;classic&quot;}\">\n\t\t\t\t\t<div class=\"e-con-inner\">\n\t\t\t\t<div class=\"elementor-element elementor-element-35db531 elementor-widget elementor-widget-image\" data-id=\"35db531\" data-element_type=\"widget\" data-widget_type=\"image.default\">\n\t\t\t\t<div class=\"elementor-widget-container\">\n\t\t\t\t\t\t\t\t\t\t\t\t\t\t\t<img fetchpriority=\"high\" decoding=\"async\" width=\"600\" height=\"332\" src=\"https:\/\/zakmartin.com\/wp-content\/uploads\/2025\/05\/e3c8826f-8395-4b7e-8a0a-2979eb0c67cf.jpeg\" class=\"attachment-large size-large wp-image-4045\" alt=\"\" srcset=\"https:\/\/zakmartin.com\/wp-content\/uploads\/2025\/05\/e3c8826f-8395-4b7e-8a0a-2979eb0c67cf.jpeg 600w, https:\/\/zakmartin.com\/wp-content\/uploads\/2025\/05\/e3c8826f-8395-4b7e-8a0a-2979eb0c67cf-300x166.jpeg 300w, https:\/\/zakmartin.com\/wp-content\/uploads\/2025\/05\/e3c8826f-8395-4b7e-8a0a-2979eb0c67cf-18x10.jpeg 18w\" sizes=\"(max-width: 600px) 100vw, 600px\" \/>\t\t\t\t\t\t\t\t\t\t\t\t\t\t\t<\/div>\n\t\t\t\t<\/div>\n\t\t\t\t\t<\/div>\n\t\t\t\t<\/div>\n\t\t<div class=\"elementor-element elementor-element-a6c712a e-flex e-con-boxed e-con e-parent\" data-id=\"a6c712a\" data-element_type=\"container\" data-settings=\"{&quot;background_background&quot;:&quot;classic&quot;}\">\n\t\t\t\t\t<div class=\"e-con-inner\">\n\t\t\t\t<div class=\"elementor-element elementor-element-c187a93 elementor-widget elementor-widget-text-editor\" data-id=\"c187a93\" data-element_type=\"widget\" data-widget_type=\"text-editor.default\">\n\t\t\t\t<div class=\"elementor-widget-container\">\n\t\t\t\t\t\t\t\t\t<p>En cierto modo, resulta sorprendente que las pruebas de ADN hayan llegado a aceptarse y a confiarse tan ampliamente como lo han hecho. Al principio, los miembros de los jurados eran muy esc\u00e9pticos con respecto a la evidencia gen\u00e9tica. Desconfiaban de ella porque no comprend\u00edan la ciencia que hab\u00eda detr\u00e1s y porque se basaba en estad\u00edsticas, no en hechos concretos. Les costaba creer que una min\u00fascula muestra de tejido pudiera identificarse de forma inequ\u00edvoca como procedente de una persona en particular. Los abogados defensores se aprovechaban de esa falta de conocimientos cient\u00edficos para sembrar dudas sobre la fiabilidad de las coincidencias de ADN, y muchos acusados fueron absueltos a pesar de que, hoy en d\u00eda, las pruebas de su culpabilidad se considerar\u00edan abrumadoras.<\/p><p>En realidad, las pruebas de ADN distan mucho del bombo que se les ha dado. Para hacerse una idea de lo d\u00e9biles que pueden ser, basta imaginar qu\u00e9 pasar\u00eda si los delincuentes descubrieran una forma de transferir huellas dactilares de un lugar a otro, o de un objeto a otro, con la misma facilidad con que puede transferirse el ADN. Un abogado defensor solo tendr\u00eda que se\u00f1alar que las huellas podr\u00edan haber sido colocadas intencionadamente para que el caso se desestimara, o al menos para que esa prueba fuera invalidada. Y, sin embargo, eso es exactamente lo que ocurre ahora con las pruebas de ADN. Se da por hecho autom\u00e1ticamente que la muestra presentada como evidencia no ha sido movida ni alterada de ning\u00fan modo. Si un abogado defensor intenta plantear la posibilidad de que el ADN de su cliente fue colocado en la escena del crimen con la intenci\u00f3n de incriminarlo, esta defensa suele considerarse como un \u00faltimo recurso desesperado.<\/p>\t\t\t\t\t\t\t\t<\/div>\n\t\t\t\t<\/div>\n\t\t\t\t\t<\/div>\n\t\t\t\t<\/div>\n\t\t<div class=\"elementor-element elementor-element-0db9653 e-flex e-con-boxed e-con e-parent\" data-id=\"0db9653\" data-element_type=\"container\" data-settings=\"{&quot;background_background&quot;:&quot;classic&quot;}\">\n\t\t\t\t\t<div class=\"e-con-inner\">\n\t\t\t\t<div class=\"elementor-element elementor-element-e767201 elementor-widget elementor-widget-image\" data-id=\"e767201\" data-element_type=\"widget\" data-widget_type=\"image.default\">\n\t\t\t\t<div class=\"elementor-widget-container\">\n\t\t\t\t\t\t\t\t\t\t\t\t\t\t\t<img decoding=\"async\" width=\"182\" height=\"245\" src=\"https:\/\/zakmartin.com\/wp-content\/uploads\/2025\/05\/74b80018-95ee-422e-b4bd-1208184887ce.jpeg\" class=\"attachment-large size-large wp-image-4043\" alt=\"\" srcset=\"https:\/\/zakmartin.com\/wp-content\/uploads\/2025\/05\/74b80018-95ee-422e-b4bd-1208184887ce.jpeg 182w, https:\/\/zakmartin.com\/wp-content\/uploads\/2025\/05\/74b80018-95ee-422e-b4bd-1208184887ce-9x12.jpeg 9w\" sizes=\"(max-width: 182px) 100vw, 182px\" \/>\t\t\t\t\t\t\t\t\t\t\t\t\t\t\t<\/div>\n\t\t\t\t<\/div>\n\t\t\t\t\t<\/div>\n\t\t\t\t<\/div>\n\t\t<div class=\"elementor-element elementor-element-b94acd0 e-flex e-con-boxed e-con e-parent\" data-id=\"b94acd0\" data-element_type=\"container\" data-settings=\"{&quot;background_background&quot;:&quot;classic&quot;}\">\n\t\t\t\t\t<div class=\"e-con-inner\">\n\t\t\t\t<div class=\"elementor-element elementor-element-2779946 elementor-widget elementor-widget-text-editor\" data-id=\"2779946\" data-element_type=\"widget\" data-widget_type=\"text-editor.default\">\n\t\t\t\t<div class=\"elementor-widget-container\">\n\t\t\t\t\t\t\t\t\t<p>El ADN por s\u00ed mismo no es evidencia de nada. Solo se convierte en evidencia cuando la persona de quien proviene niega haber estado alguna vez en el lugar donde se encontr\u00f3 o haber tenido contacto con el objeto sobre el que fue hallado. En la mayor\u00eda de los casos \u2014y especialmente en los casos de delitos sexuales hist\u00f3ricos\u2014 el valor de la evidencia de ADN depende de que la polic\u00eda logre enga\u00f1ar a su sospechoso para que haga una negaci\u00f3n antes de informarle que existe ADN que lo vincula al crimen. Sin esa negaci\u00f3n previa, la mayor\u00eda del ADN no tiene valor probatorio.<\/p>\t\t\t\t\t\t\t\t<\/div>\n\t\t\t\t<\/div>\n\t\t\t\t\t<\/div>\n\t\t\t\t<\/div>\n\t\t<div class=\"elementor-element elementor-element-3b0cc9b e-flex e-con-boxed e-con e-parent\" data-id=\"3b0cc9b\" data-element_type=\"container\" data-settings=\"{&quot;background_background&quot;:&quot;classic&quot;}\">\n\t\t\t\t\t<div class=\"e-con-inner\">\n\t\t\t\t<div class=\"elementor-element elementor-element-aaf0f64 elementor-widget elementor-widget-image\" data-id=\"aaf0f64\" data-element_type=\"widget\" data-widget_type=\"image.default\">\n\t\t\t\t<div class=\"elementor-widget-container\">\n\t\t\t\t\t\t\t\t\t\t\t\t\t\t\t<img decoding=\"async\" width=\"189\" height=\"255\" src=\"https:\/\/zakmartin.com\/wp-content\/uploads\/2025\/05\/8f04e237-5046-474e-9f28-bee99f043404.jpeg\" class=\"attachment-large size-large wp-image-4044\" alt=\"\" srcset=\"https:\/\/zakmartin.com\/wp-content\/uploads\/2025\/05\/8f04e237-5046-474e-9f28-bee99f043404.jpeg 189w, https:\/\/zakmartin.com\/wp-content\/uploads\/2025\/05\/8f04e237-5046-474e-9f28-bee99f043404-9x12.jpeg 9w\" sizes=\"(max-width: 189px) 100vw, 189px\" \/>\t\t\t\t\t\t\t\t\t\t\t\t\t\t\t<\/div>\n\t\t\t\t<\/div>\n\t\t\t\t\t<\/div>\n\t\t\t\t<\/div>\n\t\t<div class=\"elementor-element elementor-element-e8b85bd e-flex e-con-boxed e-con e-parent\" data-id=\"e8b85bd\" data-element_type=\"container\" data-settings=\"{&quot;background_background&quot;:&quot;classic&quot;}\">\n\t\t\t\t\t<div class=\"e-con-inner\">\n\t\t\t\t<div class=\"elementor-element elementor-element-f82493a elementor-widget elementor-widget-text-editor\" data-id=\"f82493a\" data-element_type=\"widget\" data-widget_type=\"text-editor.default\">\n\t\t\t\t<div class=\"elementor-widget-container\">\n\t\t\t\t\t\t\t\t\t<p>Aunque el perfilado de ADN puede ser decisivo en un peque\u00f1o n\u00famero de casos, particularmente en aquellos que involucran violaci\u00f3n o asesinato, estos casos son estad\u00edsticamente raros. Los cr\u00edmenes violentos representan solo el 1% de los delitos denunciados, y la evidencia de ADN se presenta solo en el 2% de los juicios derivados de esos cr\u00edmenes. En la mayor\u00eda de estos casos, el ADN no es el elemento clave para la condena \u2014por lo general, existen otras pruebas m\u00e1s s\u00f3lidas. El verdadero porcentaje de cr\u00edmenes graves en los que el ADN juega un papel crucial probablemente sea alrededor del 0.1%, o uno de cada mil.<\/p><p>Estas limitaciones no invalidan el an\u00e1lisis forense de ADN. Al contrario, en el peque\u00f1o n\u00famero de casos en los que es relevante, puede ser decisivo. Ha exonerado a los inocentes y ha llevado a la justicia a delincuentes que hab\u00edan permanecido ocultos durante mucho tiempo. Pero su contribuci\u00f3n global a la resoluci\u00f3n de cr\u00edmenes ha sido enormemente sobrevalorada por el p\u00fablico en general y exagerada por los medios de comunicaci\u00f3n.<\/p>\t\t\t\t\t\t\t\t<\/div>\n\t\t\t\t<\/div>\n\t\t\t\t\t<\/div>\n\t\t\t\t<\/div>\n\t\t<div class=\"elementor-element elementor-element-7558c28 e-flex e-con-boxed e-con e-parent\" data-id=\"7558c28\" data-element_type=\"container\" data-settings=\"{&quot;background_background&quot;:&quot;classic&quot;}\">\n\t\t\t\t\t<div class=\"e-con-inner\">\n\t\t\t\t<div class=\"elementor-element elementor-element-57b3b53 elementor-widget elementor-widget-text-editor\" data-id=\"57b3b53\" data-element_type=\"widget\" data-widget_type=\"text-editor.default\">\n\t\t\t\t<div class=\"elementor-widget-container\">\n\t\t\t\t\t\t\t\t\t<p>Adaptado de <em>Detr\u00e1s del cord\u00f3n policial <\/em>\u00a9 2025 Zak Martin<\/p>\t\t\t\t\t\t\t\t<\/div>\n\t\t\t\t<\/div>\n\t\t\t\t\t<\/div>\n\t\t\t\t<\/div>\n\t\t\t\t<\/div>","protected":false},"excerpt":{"rendered":"<p>The Trouble with DNA Evidence DNA matching has come to be regarded as the \u201cgold standard\u201d in forensic profiling. It has even been described as \u201cthe hand of God pointing down at the guilty person\u201d, and \u201cthe cornerstone of CSI\u201d. There is no doubt that DNA matching represents an important advance in forensic science. If&#8230;<\/p>","protected":false},"author":1,"featured_media":0,"parent":0,"menu_order":0,"comment_status":"closed","ping_status":"closed","template":"elementor_header_footer","meta":{"_kad_post_transparent":"","_kad_post_title":"","_kad_post_layout":"","_kad_post_sidebar_id":"","_kad_post_content_style":"","_kad_post_vertical_padding":"","_kad_post_feature":"","_kad_post_feature_position":"","_kad_post_header":false,"_kad_post_footer":false,"footnotes":""},"class_list":["post-2023","page","type-page","status-publish","hentry"],"_links":{"self":[{"href":"https:\/\/zakmartin.com\/es\/wp-json\/wp\/v2\/pages\/2023","targetHints":{"allow":["GET"]}}],"collection":[{"href":"https:\/\/zakmartin.com\/es\/wp-json\/wp\/v2\/pages"}],"about":[{"href":"https:\/\/zakmartin.com\/es\/wp-json\/wp\/v2\/types\/page"}],"author":[{"embeddable":true,"href":"https:\/\/zakmartin.com\/es\/wp-json\/wp\/v2\/users\/1"}],"replies":[{"embeddable":true,"href":"https:\/\/zakmartin.com\/es\/wp-json\/wp\/v2\/comments?post=2023"}],"version-history":[{"count":61,"href":"https:\/\/zakmartin.com\/es\/wp-json\/wp\/v2\/pages\/2023\/revisions"}],"predecessor-version":[{"id":4060,"href":"https:\/\/zakmartin.com\/es\/wp-json\/wp\/v2\/pages\/2023\/revisions\/4060"}],"wp:attachment":[{"href":"https:\/\/zakmartin.com\/es\/wp-json\/wp\/v2\/media?parent=2023"}],"curies":[{"name":"wp","href":"https:\/\/api.w.org\/{rel}","templated":true}]}}