{"id":2007,"date":"2025-03-23T21:56:11","date_gmt":"2025-03-23T21:56:11","guid":{"rendered":"https:\/\/zakmartin.com\/?page_id=2007"},"modified":"2025-05-12T22:15:54","modified_gmt":"2025-05-12T22:15:54","slug":"profiling","status":"publish","type":"page","link":"https:\/\/zakmartin.com\/es\/profiling\/","title":{"rendered":"Perfilaci\u00f3n"},"content":{"rendered":"<div data-elementor-type=\"wp-page\" data-elementor-id=\"2007\" class=\"elementor elementor-2007\" data-elementor-post-type=\"page\">\n\t\t\t\t<div class=\"elementor-element elementor-element-71579b6 e-flex e-con-boxed e-con e-parent\" data-id=\"71579b6\" data-element_type=\"container\" data-settings=\"{&quot;background_background&quot;:&quot;classic&quot;}\">\n\t\t\t\t\t<div class=\"e-con-inner\">\n\t\t<div class=\"elementor-element elementor-element-c5b90a0 e-con-full e-flex e-con e-child\" data-id=\"c5b90a0\" data-element_type=\"container\">\n\t\t\t\t<div class=\"elementor-element elementor-element-1372351 elementor-widget elementor-widget-heading\" data-id=\"1372351\" data-element_type=\"widget\" data-widget_type=\"heading.default\">\n\t\t\t\t<div class=\"elementor-widget-container\">\n\t\t\t\t\t<h2 class=\"elementor-heading-title elementor-size-default\">Perfilaci\u00f3n<\/h2>\t\t\t\t<\/div>\n\t\t\t\t<\/div>\n\t\t\t\t<\/div>\n\t\t\t\t\t<\/div>\n\t\t\t\t<\/div>\n\t\t<div class=\"elementor-element elementor-element-3a9b4eb e-flex e-con-boxed e-con e-parent\" data-id=\"3a9b4eb\" data-element_type=\"container\" data-settings=\"{&quot;background_background&quot;:&quot;classic&quot;}\">\n\t\t\t\t\t<div class=\"e-con-inner\">\n\t\t\t\t<div class=\"elementor-element elementor-element-55fdff2 elementor-widget elementor-widget-video\" data-id=\"55fdff2\" data-element_type=\"widget\" data-settings=\"{&quot;youtube_url&quot;:&quot;https:\\\/\\\/youtu.be\\\/VwTHonvUU2I&quot;,&quot;video_type&quot;:&quot;youtube&quot;,&quot;controls&quot;:&quot;yes&quot;}\" data-widget_type=\"video.default\">\n\t\t\t\t<div class=\"elementor-widget-container\">\n\t\t\t\t\t\t\t<div class=\"elementor-wrapper elementor-open-inline\">\n\t\t\t<div class=\"elementor-video\"><\/div>\t\t<\/div>\n\t\t\t\t\t\t<\/div>\n\t\t\t\t<\/div>\n\t\t\t\t\t<\/div>\n\t\t\t\t<\/div>\n\t\t<div class=\"elementor-element elementor-element-a938aca e-flex e-con-boxed e-con e-parent\" data-id=\"a938aca\" data-element_type=\"container\" data-settings=\"{&quot;background_background&quot;:&quot;classic&quot;}\">\n\t\t\t\t\t<div class=\"e-con-inner\">\n\t\t\t\t<div class=\"elementor-element elementor-element-3f633bb elementor-widget elementor-widget-text-editor\" data-id=\"3f633bb\" data-element_type=\"widget\" data-widget_type=\"text-editor.default\">\n\t\t\t\t<div class=\"elementor-widget-container\">\n\t\t\t\t\t\t\t\t\t<p><strong>Zak Martin es famoso por sus habilidades de detecci\u00f3n ps\u00edquica y perfilado criminal, y ha sido consultado por fuerzas policiales de todo el mundo en numerosos casos de desapariciones y asesinatos. Cada semana recibe solicitudes para asistir en casos en los que los m\u00e9todos de investigaci\u00f3n tradicionales no han dado resultados. Aunque hace todo lo posible por responder a tantas solicitudes como sea posible, lamenta no poder responder a todas ellas. Si planea ponerse en contacto con Zak en relaci\u00f3n con un caso de este tipo, por favor lea y tenga en cuenta los siguientes puntos.<\/strong><\/p>\t\t\t\t\t\t\t\t<\/div>\n\t\t\t\t<\/div>\n\t\t\t\t\t<\/div>\n\t\t\t\t<\/div>\n\t\t<div class=\"elementor-element elementor-element-4225306 e-flex e-con-boxed e-con e-parent\" data-id=\"4225306\" data-element_type=\"container\" data-settings=\"{&quot;background_background&quot;:&quot;classic&quot;}\">\n\t\t\t\t\t<div class=\"e-con-inner\">\n\t\t\t\t<div class=\"elementor-element elementor-element-3469d3b elementor-widget elementor-widget-text-editor\" data-id=\"3469d3b\" data-element_type=\"widget\" data-widget_type=\"text-editor.default\">\n\t\t\t\t<div class=\"elementor-widget-container\">\n\t\t\t\t\t\t\t\t\t<ul>\n \t<li>Zak Martin utiliza una combinaci\u00f3n de t\u00e9cnicas ps\u00edquicas y psicol\u00f3gicas para investigar cr\u00edmenes, desapariciones, etc. Obtiene los mejores resultados trabajando en cooperaci\u00f3n con equipos policiales, con acceso a registros policiales, testigos y pruebas.\n<br><br><\/li>\n\n \t<li>Si el caso es objeto de una investigaci\u00f3n policial activa, Zak solo considerar\u00e1 responder a solicitudes de ayuda que provengan del inspector a cargo del caso o de los familiares del desaparecido o asesinado, o de su representante legal, y solo si la polic\u00eda ha aprobado su participaci\u00f3n y ha indicado que est\u00e1n dispuestos a cooperar con \u00e9l. (En la mayor\u00eda de las jurisdicciones, es ilegal realizar una investigaci\u00f3n privada sobre un caso que est\u00e1 siendo investigado por la polic\u00eda).<\/li><br><li>Zak Martin tiene una pol\u00edtica de confidencialidad y \"sin publicidad\" en lo que respecta a los casos en los que se le consulta. No revelar\u00e1 ni discutir\u00e1 detalles de un caso, ni durante la investigaci\u00f3n ni en una fecha posterior, con representantes de los medios de comunicaci\u00f3n. La excepci\u00f3n a esta regla son los casos de personas desaparecidas y asesinatos donde la publicidad puede ser ventajosa, ya que puede ofrecer la oportunidad de volver a emitir fotograf\u00edas o una descripci\u00f3n de la persona desaparecida o asesinada y as\u00ed reavivar el inter\u00e9s p\u00fablico en el caso. Tambi\u00e9n puede motivar a la polic\u00eda a redoblar sus esfuerzos para resolver el caso o hacer que revisen un caso que ha sido archivado como \"caso fr\u00edo\". Sin embargo, la decisi\u00f3n de hacer p\u00fablica su participaci\u00f3n en un caso depende completamente de la polic\u00eda y la familia de la persona desaparecida o asesinada.\n<br><br>\n<\/li>\n<li>Zak Martin no responder\u00e1 a solicitudes de ayuda para localizar personas que no han sido denunciadas a la polic\u00eda como desaparecidas, por ejemplo, individuos que simplemente han perdido el contacto con familiares o amigos, y donde no hay razones para sospechar que han sido v\u00edctimas de un crimen.<br><br>\n<\/li>\n\n \t<li>Zak Martin lamenta no poder responder a solicitudes de ayuda para localizar mascotas perdidas, anillos de compromiso desaparecidos, etc.\n<br><br><\/li>\n \t<li>Zak Martin trabaja en casos de asesinatos y personas desaparecidas de forma pro bono, y no solicita ni acepta donaciones.<\/li>\n<\/ul>\n<div align=\"right\"><\/div>\t\t\t\t\t\t\t\t<\/div>\n\t\t\t\t<\/div>\n\t\t\t\t\t<\/div>\n\t\t\t\t<\/div>\n\t\t<div class=\"elementor-element elementor-element-f6c7a9c e-flex e-con-boxed e-con e-parent\" data-id=\"f6c7a9c\" data-element_type=\"container\" data-settings=\"{&quot;background_background&quot;:&quot;classic&quot;}\">\n\t\t\t\t\t<div class=\"e-con-inner\">\n\t\t\t\t<div class=\"elementor-element elementor-element-398a9c9 elementor-widget elementor-widget-image\" data-id=\"398a9c9\" data-element_type=\"widget\" data-widget_type=\"image.default\">\n\t\t\t\t<div class=\"elementor-widget-container\">\n\t\t\t\t\t\t\t\t\t\t\t\t\t\t\t<img fetchpriority=\"high\" decoding=\"async\" width=\"300\" height=\"200\" src=\"https:\/\/zakmartin.com\/wp-content\/uploads\/2025\/03\/detection-1-300x200.jpg\" class=\"attachment-medium size-medium wp-image-2899\" alt=\"\" srcset=\"https:\/\/zakmartin.com\/wp-content\/uploads\/2025\/03\/detection-1-300x200.jpg 300w, https:\/\/zakmartin.com\/wp-content\/uploads\/2025\/03\/detection-1.jpg 600w\" sizes=\"(max-width: 300px) 100vw, 300px\" \/>\t\t\t\t\t\t\t\t\t\t\t\t\t\t\t<\/div>\n\t\t\t\t<\/div>\n\t\t\t\t<div class=\"elementor-element elementor-element-947b482 elementor-widget elementor-widget-heading\" data-id=\"947b482\" data-element_type=\"widget\" data-widget_type=\"heading.default\">\n\t\t\t\t<div class=\"elementor-widget-container\">\n\t\t\t\t\t<h2 class=\"elementor-heading-title elementor-size-default\">Detecci\u00f3n remota<\/h2>\t\t\t\t<\/div>\n\t\t\t\t<\/div>\n\t\t\t\t<div class=\"elementor-element elementor-element-c94dc6f elementor-widget elementor-widget-text-editor\" data-id=\"c94dc6f\" data-element_type=\"widget\" data-widget_type=\"text-editor.default\">\n\t\t\t\t<div class=\"elementor-widget-container\">\n\t\t\t\t\t\t\t\t\t<p>Es importante hacer una distinci\u00f3n entre la detecci\u00f3n ps\u00edquica en el lugar y la detecci\u00f3n ps\u00edquica remota, es decir, casos en los que Zak tiene la oportunidad de visitar el lugar del asesinato o desaparici\u00f3n, manejar elementos de evidencia, entrevistar a testigos, etc., y casos en los que intenta resolver a distancia, trabajando con mapas, fotograf\u00edas, etc. Aunque en ocasiones ha sido capaz de proporcionar informaci\u00f3n crucial trabajando de manera remota, en general, este es un enfoque menos satisfactorio, y hoy en d\u00eda est\u00e1 m\u00e1s inclinado a aceptar casos en los que es posible visitarlo y pasar tiempo en la escena. Debe se\u00f1alarse que, aunque los medios tienden a centrarse en los aspectos ps\u00edquicos de su trabajo, Zak Martin es, ante todo, un psic\u00f3logo que se basa principalmente en t\u00e9cnicas est\u00e1ndar de perfilado psicol\u00f3gico para analizar y resolver casos, y considera sus habilidades ps\u00edquicas como complementarias a su conocimiento y experiencia en el campo de la psicolog\u00eda criminal. Sus impresiones ps\u00edquicas ocasionalmente le permiten hacer \"saltos cu\u00e1nticos\" hacia hechos y conclusiones que ser\u00edan dif\u00edciles o imposibles de alcanzar mediante m\u00e9todos convencionales de detecci\u00f3n y an\u00e1lisis.<\/p><p>Para solicitar la ayuda de Zak Martin en un caso de persona desaparecida o asesinato, por favor env\u00edele un correo electr\u00f3nico, en primera instancia, a info@zakmartin.com, proporcionando tantos detalles como sea posible sobre el caso, y adjuntando, si es posible, una foto reciente de la persona desaparecida o asesinada.<\/p><div align=\"right\">\u00a0<\/div>\t\t\t\t\t\t\t\t<\/div>\n\t\t\t\t<\/div>\n\t\t\t\t\t<\/div>\n\t\t\t\t<\/div>\n\t\t<div class=\"elementor-element elementor-element-3c2fb42 e-flex e-con-boxed e-con e-parent\" data-id=\"3c2fb42\" data-element_type=\"container\" data-settings=\"{&quot;background_background&quot;:&quot;classic&quot;}\">\n\t\t\t\t\t<div class=\"e-con-inner\">\n\t\t\t\t<div class=\"elementor-element elementor-element-748ac93 elementor-widget elementor-widget-heading\" data-id=\"748ac93\" data-element_type=\"widget\" data-widget_type=\"heading.default\">\n\t\t\t\t<div class=\"elementor-widget-container\">\n\t\t\t\t\t<h2 class=\"elementor-heading-title elementor-size-default\">RESOLUCI\u00d3N DE CASOS FR\u00cdOS<\/h2>\t\t\t\t<\/div>\n\t\t\t\t<\/div>\n\t\t\t\t<div class=\"elementor-element elementor-element-d0c7125 elementor-widget elementor-widget-text-editor\" data-id=\"d0c7125\" data-element_type=\"widget\" data-widget_type=\"text-editor.default\">\n\t\t\t\t<div class=\"elementor-widget-container\">\n\t\t\t\t\t\t\t\t\t<p><a href=\"https:\/\/zakmartin.com\/es\/zak_martin_profiler_2\/\"><strong>Trabajar con la polic\u00eda<\/strong><\/a> \u2013 Zak Martin explica los pormenores de la asistencia en una investigaci\u00f3n policial.<\/p><p><a href=\"https:\/\/zakmartin.com\/es\/the-trouble-with-dna-evidence\/\"><strong>El problema con las pruebas de ADN<\/strong><\/a> \u2013 Evaluaci\u00f3n del valor del an\u00e1lisis forense del ADN.<\/p><p><a href=\"https:\/\/zakmartin.com\/es\/the_perfect_murder\/\"><strong>El crimen perfecto<\/strong><\/a> \u2013 \u00bfEst\u00e1 llegando a ser imposible que alguien salga impune de un asesinato?<\/p><p><a href=\"https:\/\/zakmartin.com\/es\/trevor_deely_disappearance\/\"><strong>La desaparici\u00f3n de Trevor Deely<\/strong><\/a> \u2013 Uno de los casos m\u00e1s misteriosos de desapariciones en Irlanda.<\/p><p><a href=\"https:\/\/zakmartin.com\/es\/alistair_wilson_murder\/\"><strong>El asesinato en la puerta<\/strong><\/a> \u2013 Zak Martin investiga el asesinato m\u00e1s famoso sin resolver de Escocia.<\/p><p><strong>La Desaparici\u00f3n de Madeleine McCann<\/strong> \u2013 Pr\u00f3ximamente\u2026<\/p>\t\t\t\t\t\t\t\t<\/div>\n\t\t\t\t<\/div>\n\t\t\t\t\t<\/div>\n\t\t\t\t<\/div>\n\t\t\t\t<\/div>","protected":false},"excerpt":{"rendered":"<p>Profiling https:\/\/youtu.be\/VwTHonvUU2I Zak Martin is famous for his psychic detection and criminal profiling skills, and he has been consulted by police forces around the world on scores of missing persons and murder cases. Every week he receives requests to assist in cases in which traditional investigative methods have failed to produce results. While he does&#8230;<\/p>","protected":false},"author":1,"featured_media":0,"parent":0,"menu_order":0,"comment_status":"closed","ping_status":"closed","template":"elementor_header_footer","meta":{"_kad_post_transparent":"","_kad_post_title":"","_kad_post_layout":"","_kad_post_sidebar_id":"","_kad_post_content_style":"","_kad_post_vertical_padding":"","_kad_post_feature":"","_kad_post_feature_position":"","_kad_post_header":false,"_kad_post_footer":false,"footnotes":""},"class_list":["post-2007","page","type-page","status-publish","hentry"],"_links":{"self":[{"href":"https:\/\/zakmartin.com\/es\/wp-json\/wp\/v2\/pages\/2007","targetHints":{"allow":["GET"]}}],"collection":[{"href":"https:\/\/zakmartin.com\/es\/wp-json\/wp\/v2\/pages"}],"about":[{"href":"https:\/\/zakmartin.com\/es\/wp-json\/wp\/v2\/types\/page"}],"author":[{"embeddable":true,"href":"https:\/\/zakmartin.com\/es\/wp-json\/wp\/v2\/users\/1"}],"replies":[{"embeddable":true,"href":"https:\/\/zakmartin.com\/es\/wp-json\/wp\/v2\/comments?post=2007"}],"version-history":[{"count":109,"href":"https:\/\/zakmartin.com\/es\/wp-json\/wp\/v2\/pages\/2007\/revisions"}],"predecessor-version":[{"id":4107,"href":"https:\/\/zakmartin.com\/es\/wp-json\/wp\/v2\/pages\/2007\/revisions\/4107"}],"wp:attachment":[{"href":"https:\/\/zakmartin.com\/es\/wp-json\/wp\/v2\/media?parent=2007"}],"curies":[{"name":"wp","href":"https:\/\/api.w.org\/{rel}","templated":true}]}}