{"id":1917,"date":"2025-03-23T00:08:32","date_gmt":"2025-03-23T00:08:32","guid":{"rendered":"https:\/\/zakmartin.com\/?page_id=1917"},"modified":"2025-09-10T15:29:02","modified_gmt":"2025-09-10T15:29:02","slug":"develop_your_psychic_abilities","status":"publish","type":"page","link":"https:\/\/zakmartin.com\/es\/develop_your_psychic_abilities\/","title":{"rendered":"Develop Your Psychic Abilities"},"content":{"rendered":"<div data-elementor-type=\"wp-page\" data-elementor-id=\"1917\" class=\"elementor elementor-1917\" data-elementor-post-type=\"page\">\n\t\t\t\t<div class=\"elementor-element elementor-element-28cce43 e-con-full e-flex e-con e-parent\" data-id=\"28cce43\" data-element_type=\"container\" data-e-type=\"container\" data-settings=\"{&quot;background_background&quot;:&quot;classic&quot;}\">\n\t\t\t\t<div class=\"elementor-element elementor-element-96a3dee elementor-widget__width-inherit elementor-widget elementor-widget-image\" data-id=\"96a3dee\" data-element_type=\"widget\" data-e-type=\"widget\" data-widget_type=\"image.default\">\n\t\t\t\t<div class=\"elementor-widget-container\">\n\t\t\t\t\t\t\t\t\t\t\t\t\t\t\t<img fetchpriority=\"high\" decoding=\"async\" width=\"1200\" height=\"655\" src=\"https:\/\/zakmartin.com\/wp-content\/uploads\/2025\/03\/zener-superintuition2.png\" class=\"attachment-full size-full wp-image-2619\" alt=\"\" srcset=\"https:\/\/zakmartin.com\/wp-content\/uploads\/2025\/03\/zener-superintuition2.png 1200w, https:\/\/zakmartin.com\/wp-content\/uploads\/2025\/03\/zener-superintuition2-300x164.png 300w, https:\/\/zakmartin.com\/wp-content\/uploads\/2025\/03\/zener-superintuition2-1024x559.png 1024w, https:\/\/zakmartin.com\/wp-content\/uploads\/2025\/03\/zener-superintuition2-768x419.png 768w\" sizes=\"(max-width: 1200px) 100vw, 1200px\" \/>\t\t\t\t\t\t\t\t\t\t\t\t\t\t\t<\/div>\n\t\t\t\t<\/div>\n\t\t\t\t<\/div>\n\t\t<div class=\"elementor-element elementor-element-e569960 e-flex e-con-boxed e-con e-parent\" data-id=\"e569960\" data-element_type=\"container\" data-e-type=\"container\" data-settings=\"{&quot;background_background&quot;:&quot;classic&quot;}\">\n\t\t\t\t\t<div class=\"e-con-inner\">\n\t\t<div class=\"elementor-element elementor-element-bda2a06 e-con-full e-flex e-con e-child\" data-id=\"bda2a06\" data-element_type=\"container\" data-e-type=\"container\">\n\t\t\t\t<div class=\"elementor-element elementor-element-d903503 elementor-widget elementor-widget-heading\" data-id=\"d903503\" data-element_type=\"widget\" data-e-type=\"widget\" data-widget_type=\"heading.default\">\n\t\t\t\t<div class=\"elementor-widget-container\">\n\t\t\t\t\t<h2 class=\"elementor-heading-title elementor-size-default\">Desarrolla tus habilidades S\u00daPERINTUITIVAS<\/h2>\t\t\t\t<\/div>\n\t\t\t\t<\/div>\n\t\t\t\t<\/div>\n\t\t\t\t\t<\/div>\n\t\t\t\t<\/div>\n\t\t<div class=\"elementor-element elementor-element-b36524e e-flex e-con-boxed e-con e-parent\" data-id=\"b36524e\" data-element_type=\"container\" data-e-type=\"container\" data-settings=\"{&quot;background_background&quot;:&quot;classic&quot;}\">\n\t\t\t\t\t<div class=\"e-con-inner\">\n\t\t<div class=\"elementor-element elementor-element-d82d8c7 e-con-full e-flex e-con e-child\" data-id=\"d82d8c7\" data-element_type=\"container\" data-e-type=\"container\">\n\t\t\t\t<div class=\"elementor-element elementor-element-ac97b6e elementor-widget elementor-widget-heading\" data-id=\"ac97b6e\" data-element_type=\"widget\" data-e-type=\"widget\" data-widget_type=\"heading.default\">\n\t\t\t\t<div class=\"elementor-widget-container\">\n\t\t\t\t\t<h2 class=\"elementor-heading-title elementor-size-default\">Bajo la gu\u00eda experta del clarividente m\u00e1s reconocido del Reino Unido<\/h2>\t\t\t\t<\/div>\n\t\t\t\t<\/div>\n\t\t\t\t<\/div>\n\t\t\t\t\t<\/div>\n\t\t\t\t<\/div>\n\t\t<div class=\"elementor-element elementor-element-a938aca e-flex e-con-boxed e-con e-parent\" data-id=\"a938aca\" data-element_type=\"container\" data-e-type=\"container\" data-settings=\"{&quot;background_background&quot;:&quot;classic&quot;}\">\n\t\t\t\t\t<div class=\"e-con-inner\">\n\t\t\t\t<div class=\"elementor-element elementor-element-3f633bb elementor-widget elementor-widget-text-editor\" data-id=\"3f633bb\" data-element_type=\"widget\" data-e-type=\"widget\" data-widget_type=\"text-editor.default\">\n\t\t\t\t<div class=\"elementor-widget-container\">\n\t\t\t\t\t\t\t\t\t<p class=\"space\"><span style=\"color: #666666; font-family: trebuchet MS,arial; font-size: large;\"> La percepci\u00f3n extrasensorial (ESP) es una habilidad natural que todas las personas poseen en cierta medida y que puede desarrollarse con el entrenamiento adecuado. El grado en que una persona puede desarrollar cualquier habilidad depende de su aptitud natural. En este curso aprender\u00e1s a activar tus capacidades ps\u00edquicas latentes y desarrollarlas al m\u00e1ximo. <\/span><\/p><p class=\"space\"><span style=\"color: #666666; font-family: trebuchet MS,arial; font-size: large;\"> Como explico en la introducci\u00f3n de este curso, la vida de las personas est\u00e1 influenciada por factores ps\u00edquicos en mucha mayor medida de lo que imaginan, y de formas que rara vez se sospechan. La ESP es un factor importante en temas de salud, creatividad, \u201csuerte\u201d y relaciones personales. <\/span><\/p>\t\t\t\t\t\t\t\t<\/div>\n\t\t\t\t<\/div>\n\t\t\t\t\t<\/div>\n\t\t\t\t<\/div>\n\t\t<div class=\"elementor-element elementor-element-70a8ad9 e-flex e-con-boxed e-con e-parent\" data-id=\"70a8ad9\" data-element_type=\"container\" data-e-type=\"container\" data-settings=\"{&quot;background_background&quot;:&quot;classic&quot;}\">\n\t\t\t\t\t<div class=\"e-con-inner\">\n\t\t\t\t<div class=\"elementor-element elementor-element-8740a77 elementor-widget elementor-widget-video\" data-id=\"8740a77\" data-element_type=\"widget\" data-e-type=\"widget\" data-settings=\"{&quot;youtube_url&quot;:&quot;https:\\\/\\\/youtu.be\\\/vZ9mylATMJM&quot;,&quot;video_type&quot;:&quot;youtube&quot;,&quot;controls&quot;:&quot;yes&quot;}\" data-widget_type=\"video.default\">\n\t\t\t\t<div class=\"elementor-widget-container\">\n\t\t\t\t\t\t\t<div class=\"elementor-wrapper elementor-open-inline\">\n\t\t\t<div class=\"elementor-video\"><\/div>\t\t<\/div>\n\t\t\t\t\t\t<\/div>\n\t\t\t\t<\/div>\n\t\t\t\t\t<\/div>\n\t\t\t\t<\/div>\n\t\t<div class=\"elementor-element elementor-element-4225306 e-flex e-con-boxed e-con e-parent\" data-id=\"4225306\" data-element_type=\"container\" data-e-type=\"container\" data-settings=\"{&quot;background_background&quot;:&quot;classic&quot;}\">\n\t\t\t\t\t<div class=\"e-con-inner\">\n\t\t\t\t<div class=\"elementor-element elementor-element-3469d3b elementor-widget elementor-widget-text-editor\" data-id=\"3469d3b\" data-element_type=\"widget\" data-e-type=\"widget\" data-widget_type=\"text-editor.default\">\n\t\t\t\t<div class=\"elementor-widget-container\">\n\t\t\t\t\t\t\t\t\t<p class=\"space\"><span style=\"color: #666666; font-family: trebuchet MS,arial; font-size: large;\"> Las t\u00e9cnicas presentadas aqu\u00ed se basan en mi experiencia personal y en mis investigaciones en este campo, as\u00ed como en los resultados de miles de pruebas y experimentos en los que he participado o que he llevado a cabo durante los \u00faltimos treinta a\u00f1os. <\/span><\/p><p class=\"space\"><span style=\"color: #666666; font-family: trebuchet MS,arial; font-size: large;\"> Una vez activado, este poder intuitivo puede transformar los eventos m\u00e1s mundanos en experiencias extraordinarias. Todo el campo del estudio y desarrollo ps\u00edquico abre nuevas posibilidades en la b\u00fasqueda del autoconocimiento y la exploraci\u00f3n de la conciencia. Hay un universo de poder sin explotar, un recurso infinito, al alcance ps\u00edquico de toda persona, sin importar sus circunstancias actuales. <\/span><\/p><p class=\"space\"><span style=\"color: #666666; font-family: trebuchet MS,arial; font-size: large;\"> Cuando aprendes a conectar con tu propia fuente ps\u00edquica, la amplitud y profundidad de tu percepci\u00f3n aumentar\u00e1n, y tendr\u00e1s acceso a informaci\u00f3n y conceptos que de otro modo permanecer\u00edan fuera de tu alcance. <\/span><\/p><p class=\"space\"><span style=\"color: #666666; font-family: trebuchet MS,arial; font-size: large;\"> El mundo ps\u00edquico no es una realidad separada; es una extensi\u00f3n de la realidad que todos compartimos, y los conocimientos que obtendr\u00e1s mediante una mayor conciencia ps\u00edquica contribuir\u00e1n positivamente a la calidad de tu vida cotidiana en todos los niveles. <\/span><\/p><p class=\"space\"><span style=\"color: #666666; font-family: trebuchet MS,arial; font-size: large;\"> A medida que tus habilidades ps\u00edquicas emerjan y mejoren, tambi\u00e9n lo har\u00e1n tus capacidades de expresi\u00f3n creativa, tu habilidad para \u201cleer\u201d a otras personas, y tu capacidad para tomar decisiones perspicaces que transformen tu vida. <\/span><\/p><p class=\"space\"><span style=\"color: #666666; font-family: trebuchet MS,arial; font-size: large;\"> Una vez que hayas comprendido y dominado los principios expuestos en este curso, descubrir\u00e1s que existen infinitas formas en que este poder puede usarse para enriquecer y mejorar tu vida, y ayudarte a alcanzar tus objetivos, ya sean espirituales, art\u00edsticos o materiales. <\/span><\/p><div align=\"right\">\u00a0<\/div>\t\t\t\t\t\t\t\t<\/div>\n\t\t\t\t<\/div>\n\t\t\t\t\t<\/div>\n\t\t\t\t<\/div>\n\t\t<div class=\"elementor-element elementor-element-ab36184 e-flex e-con-boxed e-con e-parent\" data-id=\"ab36184\" data-element_type=\"container\" data-e-type=\"container\" data-settings=\"{&quot;background_background&quot;:&quot;classic&quot;}\">\n\t\t\t\t\t<div class=\"e-con-inner\">\n\t\t\t\t<div class=\"elementor-element elementor-element-fdd4283 elementor-widget elementor-widget-heading\" data-id=\"fdd4283\" data-element_type=\"widget\" data-e-type=\"widget\" data-widget_type=\"heading.default\">\n\t\t\t\t<div class=\"elementor-widget-container\">\n\t\t\t\t\t<h2 class=\"elementor-heading-title elementor-size-default\">Libera el poder transformador de tu mente subconsciente <\/h2>\t\t\t\t<\/div>\n\t\t\t\t<\/div>\n\t\t\t\t<div class=\"elementor-element elementor-element-efaaee7 elementor-widget elementor-widget-text-editor\" data-id=\"efaaee7\" data-element_type=\"widget\" data-e-type=\"widget\" data-widget_type=\"text-editor.default\">\n\t\t\t\t<div class=\"elementor-widget-container\">\n\t\t\t\t\t\t\t\t\t<p><span style=\"color: #666666; font-family: trebuchet MS,arial; font-size: large;\"><img decoding=\"async\" class=\"alignleft wp-image-2710 size-full\" src=\"https:\/\/zakmartin.com\/wp-content\/uploads\/2025\/03\/panel10-1.png\" alt=\"\" width=\"193\" height=\"507\" srcset=\"https:\/\/zakmartin.com\/wp-content\/uploads\/2025\/03\/panel10-1.png 193w, https:\/\/zakmartin.com\/wp-content\/uploads\/2025\/03\/panel10-1-114x300.png 114w\" sizes=\"(max-width: 193px) 100vw, 193px\" \/>Un programa dise\u00f1ado para ayudarte a desarrollar tu m\u00e1ximo potencial ps\u00edquico, creado por el reconocido ps\u00edquico y perfilador Zak Martin. Este curso presenta, de forma clara y sencilla, t\u00e9cnicas probadas para desarrollar la percepci\u00f3n extrasensorial en sus m\u00faltiples formas, incluyendo:<\/span><\/p><ul><li><b><span style=\"color: #548dd4; font-family: verdana,trebuchet MS,arial; font-size: large;\">Adivinaci\u00f3n<\/span><\/b><\/li><li><b><span style=\"color: #548dd4; font-family: verdana,trebuchet MS,arial; font-size: large;\">Precognici\u00f3n <\/span><\/b><\/li><li><b><span style=\"color: #548dd4; font-family: verdana,trebuchet MS,arial; font-size: large;\">Clarividencia <\/span><\/b><\/li><li><b><span style=\"color: #548dd4; font-family: verdana,trebuchet MS,arial; font-size: large;\">Psicometr\u00eda <\/span><\/b><\/li><li><b><span style=\"color: #548dd4; font-family: verdana,trebuchet MS,arial; font-size: large;\">Interpretaci\u00f3n de sue\u00f1os<\/span><\/b><\/li><li><b><span style=\"color: #548dd4; font-family: verdana,trebuchet MS,arial; font-size: large;\">Radiestesia para la salud<\/span><\/b><\/li><li><b><span style=\"color: #548dd4; font-family: verdana,trebuchet MS,arial; font-size: large;\">Visi\u00f3n remota<\/span><\/b><\/li><\/ul>\t\t\t\t\t\t\t\t<\/div>\n\t\t\t\t<\/div>\n\t\t\t\t\t<\/div>\n\t\t\t\t<\/div>\n\t\t<div class=\"elementor-element elementor-element-3c2fb42 e-flex e-con-boxed e-con e-parent\" data-id=\"3c2fb42\" data-element_type=\"container\" data-e-type=\"container\" data-settings=\"{&quot;background_background&quot;:&quot;classic&quot;}\">\n\t\t\t\t\t<div class=\"e-con-inner\">\n\t\t\t\t<div class=\"elementor-element elementor-element-d0c7125 elementor-widget elementor-widget-text-editor\" data-id=\"d0c7125\" data-element_type=\"widget\" data-e-type=\"widget\" data-widget_type=\"text-editor.default\">\n\t\t\t\t<div class=\"elementor-widget-container\">\n\t\t\t\t\t\t\t\t\t<p><b><span style=\"color: #666666; font-family: trebuchet MS,arial; font-size: large;\">El programa de Zak Martin te ayudar\u00e1 r\u00e1pidamente a desarrollar tus dones naturales al m\u00e1ximo.<\/span><\/b><\/p>\t\t\t\t\t\t\t\t<\/div>\n\t\t\t\t<\/div>\n\t\t\t\t\t<\/div>\n\t\t\t\t<\/div>\n\t\t<div class=\"elementor-element elementor-element-05c98c9 e-flex e-con-boxed e-con e-parent\" data-id=\"05c98c9\" data-element_type=\"container\" data-e-type=\"container\" data-settings=\"{&quot;background_background&quot;:&quot;classic&quot;}\">\n\t\t\t\t\t<div class=\"e-con-inner\">\n\t\t\t\t<div class=\"elementor-element elementor-element-308a37b elementor-widget elementor-widget-text-editor\" data-id=\"308a37b\" data-element_type=\"widget\" data-e-type=\"widget\" data-widget_type=\"text-editor.default\">\n\t\t\t\t<div class=\"elementor-widget-container\">\n\t\t\t\t\t\t\t\t\t<center><b><span style=\"color: #666666; font-family: trebuchet MS,arial; font-size: x-large;\"> Detalles del curso<\/span><\/b><\/center><p class=\"translation-block\"><span style=\"color: #666666;font-family: trebuchet MS,arial;font-size: large\"> El <b>curso  <i>SuperINTUITION<\/i> de Zak Martin<\/b> consta de 45 m\u00f3dulos y puede tomarte hasta 100 horas completarlo desde casa. No hay l\u00edmite de tiempo para finalizar el curso; puedes estudiarlo a tu propio ritmo, en el momento que desees. <\/span><\/p><p>El curso est\u00e1 principalmente en formato de texto (en ingl\u00e9s), pero incluye im\u00e1genes, videoclips, diapositivas, pruebas, experimentos, descargas y gr\u00e1ficos imprimibles. Al completar las evaluaciones del curso, tendr\u00e1s la opci\u00f3n de descargar un <b>Certificado de finalizaci\u00f3n<\/b> del <b>Zak Martin Institute of Psychic Studies<\/b>. <\/p>\t\t\t\t\t\t\t\t<\/div>\n\t\t\t\t<\/div>\n\t\t\t\t\t<\/div>\n\t\t\t\t<\/div>\n\t\t<div class=\"elementor-element elementor-element-54bea16 e-flex e-con-boxed e-con e-parent\" data-id=\"54bea16\" data-element_type=\"container\" data-e-type=\"container\" data-settings=\"{&quot;background_background&quot;:&quot;classic&quot;}\">\n\t\t\t\t\t<div class=\"e-con-inner\">\n\t\t\t\t<div class=\"elementor-element elementor-element-352f181 elementor-widget elementor-widget-heading\" data-id=\"352f181\" data-element_type=\"widget\" data-e-type=\"widget\" data-widget_type=\"heading.default\">\n\t\t\t\t<div class=\"elementor-widget-container\">\n\t\t\t\t\t<h2 class=\"elementor-heading-title elementor-size-default\">Sobre Zak Martin<\/h2>\t\t\t\t<\/div>\n\t\t\t\t<\/div>\n\t\t\t\t<div class=\"elementor-element elementor-element-e4c6b6b elementor-widget elementor-widget-text-editor\" data-id=\"e4c6b6b\" data-element_type=\"widget\" data-e-type=\"widget\" data-widget_type=\"text-editor.default\">\n\t\t\t\t<div class=\"elementor-widget-container\">\n\t\t\t\t\t\t\t\t\t<div align=\"center\"><table border=\"0\" width=\"70%\" cellspacing=\"0\" cellpadding=\"0\"><tbody><tr><td><p class=\"space\"><span style=\"color: #666666; font-family: trebuchet MS,arial; font-size: large;\"><img decoding=\"async\" class=\"size-full wp-image-2617 alignleft\" src=\"https:\/\/zakmartin.com\/wp-content\/uploads\/2025\/03\/zak_round2.png\" alt=\"\" width=\"150\" height=\"141\" \/>Zak Martin, nacido en Irlanda, es uno de los ps\u00edquicos m\u00e1s destacados del mundo y autor superventas de HarperCollins, con libros traducidos a veinte idiomas. Recientemente fue votado como el ps\u00edquico n\u00famero uno del Reino Unido y nombrado uno de los cinco mejores ps\u00edquicos del mundo en una encuesta internacional. Sus seminarios de desarrollo ps\u00edquico, organizados en diversas ciudades del mundo, se agotan con meses de antelaci\u00f3n.<\/span><\/p><p class=\"space\"><span style=\"color: #666666; font-family: trebuchet MS,arial; font-size: large;\"> Alcanz\u00f3 reconocimiento internacional no solo como asesor ps\u00edquico de celebridades del pop y estrellas de cine de Hollywood, sino tambi\u00e9n como escritor, pintor, m\u00fasico y compositor. De ni\u00f1o fue un prodigio musical, capaz de tocar casi cualquier instrumento con maestr\u00eda, a pesar de no haber recibido formaci\u00f3n musical formal. <\/span><\/p><p><img loading=\"lazy\" decoding=\"async\" class=\"wp-image-2616 size-full aligncenter\" src=\"https:\/\/zakmartin.com\/wp-content\/uploads\/2025\/03\/esp_workshop.png\" alt=\"\" width=\"1000\" height=\"265\" srcset=\"https:\/\/zakmartin.com\/wp-content\/uploads\/2025\/03\/esp_workshop.png 1000w, https:\/\/zakmartin.com\/wp-content\/uploads\/2025\/03\/esp_workshop-300x80.png 300w, https:\/\/zakmartin.com\/wp-content\/uploads\/2025\/03\/esp_workshop-768x204.png 768w\" sizes=\"(max-width: 1000px) 100vw, 1000px\" \/><\/p><p class=\"space\"><span style=\"color: #666666; font-family: trebuchet MS,arial; font-size: large;\"> Realiz\u00f3 su primera demostraci\u00f3n p\u00fablica del \u201csexto sentido\u201d siendo a\u00fan adolescente. En los a\u00f1os posteriores, sus demostraciones de ESP, precognici\u00f3n y control mental sorprendieron a la prensa nacional. <\/span><\/p><p class=\"space\"><span style=\"color: #666666; font-family: trebuchet MS,arial; font-size: large;\"> Tambi\u00e9n es reconocido por sus habilidades de detecci\u00f3n ps\u00edquica y perfilaci\u00f3n criminal, colaborando con fuerzas policiales de todo el mundo. Recibe continuamente solicitudes para ayudar en casos de asesinatos sin resolver y personas desaparecidas. Salt\u00f3 a los titulares en el Reino Unido por su trabajo de detecci\u00f3n ps\u00edquica con Scotland Yard. <\/span><\/p><\/td><\/tr><\/tbody><\/table><\/div>\t\t\t\t\t\t\t\t<\/div>\n\t\t\t\t<\/div>\n\t\t\t\t\t<\/div>\n\t\t\t\t<\/div>\n\t\t<div class=\"elementor-element elementor-element-a85d3d3 e-flex e-con-boxed e-con e-parent\" data-id=\"a85d3d3\" data-element_type=\"container\" data-e-type=\"container\" data-settings=\"{&quot;background_background&quot;:&quot;classic&quot;}\">\n\t\t\t\t\t<div class=\"e-con-inner\">\n\t\t\t\t<div class=\"elementor-element elementor-element-dae5d55 elementor-align-center elementor-widget elementor-widget-button\" data-id=\"dae5d55\" data-element_type=\"widget\" data-e-type=\"widget\" data-widget_type=\"button.default\">\n\t\t\t\t<div class=\"elementor-widget-container\">\n\t\t\t\t\t\t\t\t\t<div class=\"elementor-button-wrapper\">\n\t\t\t\t\t<a class=\"elementor-button elementor-button-link elementor-size-sm\" href=\"https:\/\/superintuition.net\/\" target=\"_blank\" rel=\"noopener\">\n\t\t\t\t\t\t<span class=\"elementor-button-content-wrapper\">\n\t\t\t\t\t\t\t\t\t<span class=\"elementor-button-text\">Apply Here<\/span>\n\t\t\t\t\t<\/span>\n\t\t\t\t\t<\/a>\n\t\t\t\t<\/div>\n\t\t\t\t\t\t\t\t<\/div>\n\t\t\t\t<\/div>\n\t\t\t\t\t<\/div>\n\t\t\t\t<\/div>\n\t\t<div class=\"elementor-element elementor-element-d40562b e-con-full e-flex e-con e-parent\" data-id=\"d40562b\" data-element_type=\"container\" data-e-type=\"container\" data-settings=\"{&quot;background_background&quot;:&quot;classic&quot;}\">\n\t\t\t\t<div class=\"elementor-element elementor-element-892a39a elementor-widget__width-inherit elementor-widget elementor-widget-image\" data-id=\"892a39a\" data-element_type=\"widget\" data-e-type=\"widget\" data-widget_type=\"image.default\">\n\t\t\t\t<div class=\"elementor-widget-container\">\n\t\t\t\t\t\t\t\t\t\t\t\t\t\t\t<img loading=\"lazy\" decoding=\"async\" width=\"1396\" height=\"604\" src=\"https:\/\/zakmartin.com\/wp-content\/uploads\/2025\/03\/zakcosmos3.png\" class=\"attachment-full size-full wp-image-2614\" alt=\"\" srcset=\"https:\/\/zakmartin.com\/wp-content\/uploads\/2025\/03\/zakcosmos3.png 1396w, https:\/\/zakmartin.com\/wp-content\/uploads\/2025\/03\/zakcosmos3-300x130.png 300w, https:\/\/zakmartin.com\/wp-content\/uploads\/2025\/03\/zakcosmos3-1024x443.png 1024w, https:\/\/zakmartin.com\/wp-content\/uploads\/2025\/03\/zakcosmos3-768x332.png 768w\" sizes=\"(max-width: 1396px) 100vw, 1396px\" \/>\t\t\t\t\t\t\t\t\t\t\t\t\t\t\t<\/div>\n\t\t\t\t<\/div>\n\t\t\t\t<\/div>\n\t\t\t\t<\/div>","protected":false},"excerpt":{"rendered":"<p>Develop Your SUPERINTUITIVE Abilities Under the expert guidance of Britain&#8217;s leading clairvoyant ESP is a natural ability, possessed in some measure by every person and capable of being developed with proper training. The degree to which a person may develop any ability is dependent on their natural aptitude. In this course you will learn how&#8230;<\/p>","protected":false},"author":1,"featured_media":0,"parent":0,"menu_order":0,"comment_status":"closed","ping_status":"closed","template":"elementor_header_footer","meta":{"_kad_post_transparent":"","_kad_post_title":"","_kad_post_layout":"","_kad_post_sidebar_id":"","_kad_post_content_style":"","_kad_post_vertical_padding":"","_kad_post_feature":"","_kad_post_feature_position":"","_kad_post_header":false,"_kad_post_footer":false,"footnotes":""},"class_list":["post-1917","page","type-page","status-publish","hentry"],"_links":{"self":[{"href":"https:\/\/zakmartin.com\/es\/wp-json\/wp\/v2\/pages\/1917","targetHints":{"allow":["GET"]}}],"collection":[{"href":"https:\/\/zakmartin.com\/es\/wp-json\/wp\/v2\/pages"}],"about":[{"href":"https:\/\/zakmartin.com\/es\/wp-json\/wp\/v2\/types\/page"}],"author":[{"embeddable":true,"href":"https:\/\/zakmartin.com\/es\/wp-json\/wp\/v2\/users\/1"}],"replies":[{"embeddable":true,"href":"https:\/\/zakmartin.com\/es\/wp-json\/wp\/v2\/comments?post=1917"}],"version-history":[{"count":212,"href":"https:\/\/zakmartin.com\/es\/wp-json\/wp\/v2\/pages\/1917\/revisions"}],"predecessor-version":[{"id":4344,"href":"https:\/\/zakmartin.com\/es\/wp-json\/wp\/v2\/pages\/1917\/revisions\/4344"}],"wp:attachment":[{"href":"https:\/\/zakmartin.com\/es\/wp-json\/wp\/v2\/media?parent=1917"}],"curies":[{"name":"wp","href":"https:\/\/api.w.org\/{rel}","templated":true}]}}