{"id":1484,"date":"2025-03-19T23:04:26","date_gmt":"2025-03-19T23:04:26","guid":{"rendered":"https:\/\/zakmartin.com\/?page_id=1484"},"modified":"2025-04-09T14:48:18","modified_gmt":"2025-04-09T14:48:18","slug":"how-to-develop-your-esp-reviews","status":"publish","type":"page","link":"https:\/\/zakmartin.com\/es\/how-to-develop-your-esp-reviews\/","title":{"rendered":"Rese\u00f1as de How to Develop your ESP (C\u00f3mo desarrollar su percepci\u00f3n extrasensorial)"},"content":{"rendered":"<div data-elementor-type=\"wp-page\" data-elementor-id=\"1484\" class=\"elementor elementor-1484\" data-elementor-post-type=\"page\">\n\t\t\t\t\t\t<section class=\"elementor-section elementor-top-section elementor-element elementor-element-b808ef1 elementor-section-boxed elementor-section-height-default elementor-section-height-default\" data-id=\"b808ef1\" data-element_type=\"section\" data-settings=\"{&quot;background_motion_fx_motion_fx_scrolling&quot;:&quot;yes&quot;,&quot;background_motion_fx_translateY_effect&quot;:&quot;yes&quot;,&quot;background_motion_fx_translateY_speed&quot;:{&quot;unit&quot;:&quot;px&quot;,&quot;size&quot;:5,&quot;sizes&quot;:[]},&quot;background_motion_fx_devices&quot;:[&quot;desktop&quot;],&quot;background_background&quot;:&quot;classic&quot;,&quot;background_motion_fx_translateY_affectedRange&quot;:{&quot;unit&quot;:&quot;%&quot;,&quot;size&quot;:&quot;&quot;,&quot;sizes&quot;:{&quot;start&quot;:0,&quot;end&quot;:100}}}\">\n\t\t\t\t\t\t\t<div class=\"elementor-background-overlay\"><\/div>\n\t\t\t\t\t\t\t<div class=\"elementor-container elementor-column-gap-default\">\n\t\t\t\t\t<div class=\"elementor-column elementor-col-100 elementor-top-column elementor-element elementor-element-f1fefaa\" data-id=\"f1fefaa\" data-element_type=\"column\">\n\t\t\t<div class=\"elementor-widget-wrap elementor-element-populated\">\n\t\t\t\t\t\t<div class=\"elementor-element elementor-element-381a9e8 elementor-widget elementor-widget-text-editor\" data-id=\"381a9e8\" data-element_type=\"widget\" data-widget_type=\"text-editor.default\">\n\t\t\t\t<div class=\"elementor-widget-container\">\n\t\t\t\t\t\t\t\t\t<p><b><span style=\"color: #666666; font-family: helvetica,arial,verdana; font-size: large;\">Rese\u00f1as de <i>How to Develop your ESP<\/i><\/span><\/b> <span style=\"color: #666666; font-family: helvetica,arial,verdana; font-size: large;\">(Harper Collins) <\/span><\/p>\t\t\t\t\t\t\t\t<\/div>\n\t\t\t\t<\/div>\n\t\t\t\t\t<\/div>\n\t\t<\/div>\n\t\t\t\t\t<\/div>\n\t\t<\/section>\n\t\t\t\t<section class=\"elementor-section elementor-top-section elementor-element elementor-element-9870812 elementor-section-boxed elementor-section-height-default elementor-section-height-default\" data-id=\"9870812\" data-element_type=\"section\">\n\t\t\t\t\t\t<div class=\"elementor-container elementor-column-gap-default\">\n\t\t\t\t\t<div class=\"elementor-column elementor-col-100 elementor-top-column elementor-element elementor-element-368498f\" data-id=\"368498f\" data-element_type=\"column\">\n\t\t\t<div class=\"elementor-widget-wrap elementor-element-populated\">\n\t\t\t\t\t\t<section class=\"elementor-section elementor-inner-section elementor-element elementor-element-77f4adb elementor-section-boxed elementor-section-height-default elementor-section-height-default\" data-id=\"77f4adb\" data-element_type=\"section\">\n\t\t\t\t\t\t<div class=\"elementor-container elementor-column-gap-default\">\n\t\t\t\t\t<div class=\"elementor-column elementor-col-100 elementor-inner-column elementor-element elementor-element-979d9ba\" data-id=\"979d9ba\" data-element_type=\"column\">\n\t\t\t<div class=\"elementor-widget-wrap elementor-element-populated\">\n\t\t\t\t\t\t<div class=\"elementor-element elementor-element-713cb14 elementor-widget elementor-widget-text-editor\" data-id=\"713cb14\" data-element_type=\"widget\" data-widget_type=\"text-editor.default\">\n\t\t\t\t<div class=\"elementor-widget-container\">\n\t\t\t\t\t\t\t\t\t<div align=\"center\"><table border=\"0\" width=\"100%\" cellspacing=\"0\" cellpadding=\"0\" bgcolor=\"#FFFFFF\"><tbody><tr><td><p class=\"big\"><span style=\"color: #666666; font-family: helvetica,arial,verdana; font-size: medium;\"> Zak Martin escribi\u00f3 <i><b>How to Develop your ESP<\/b><\/i> cuando a\u00fan era estudiante universitario en Irlanda. El libro fue publicado por HarperCollins y fue un \u00e9xito inmediato. Se tradujo y reedit\u00f3 en varios idiomas, entre ellos espa\u00f1ol, portugu\u00e9s y japon\u00e9s. Hasta la fecha, ha vendido m\u00e1s de dos millones de ejemplares en edici\u00f3n de bolsillo. Una edici\u00f3n revisada y actualizada est\u00e1 disponible en <a href=\"https:\/\/web.archive.org\/web\/20220831205310\/http:\/\/www.amazon.com\/dp\/B00EIIW99U\" target=\"_blank\" rel=\"noopener\">formato Kindle en Amazon.<\/a>. <br \/>A continuaci\u00f3n, algunas de las muchas cr\u00edticas favorables que ha recibido desde su publicaci\u00f3n: <\/span><\/p><span style=\"color: #666666; font-family: helvetica,arial,verdana; font-size: large;\"><img decoding=\"async\" src=\"https:\/\/web.archive.org\/web\/20220831205310im_\/http:\/\/www.zakmartin.com\/images\/prediction_mag.gif\" alt=\"Prediction Magazine\" width=\"65\" height=\"92\" align=\"right\" hspace=\"4\" \/><\/span><p class=\"big\"><i><b><span style=\"color: #666666; font-family: helvetica,arial,verdana; font-size: medium;\"> \u201cMuchos libros pueden ense\u00f1arte a desarrollar poderes ps\u00edquicos latentes, pero este es uno de los mejores que he le\u00eddo. Explicaciones claras, sugerencias sensatas e instrucciones precisas lo convierten en una lectura imprescindible para cualquier principiante. Recomendado.\u201d \u2013 Prediction Magazine<\/span><\/b><\/i><\/p><p class=\"big\"><i><span style=\"color: #666666; font-family: helvetica,arial,verdana; font-size: medium;\"> \u201cLo \u00fatil que puede ser un libro para desarrollar con \u00e9xito y seguridad la facultad ps\u00edquica es algo discutible, pero sin duda hay una necesidad de informaci\u00f3n clara y bien fundamentada sobre qu\u00e9 es \u2014y qu\u00e9 no es\u2014 esta facultad, y c\u00f3mo se relaciona con la condici\u00f3n humana normal. How to Develop Your ESP ofrece una introducci\u00f3n explicativa excepcional al tema, seguida de ejercicios que pondr\u00e1n a prueba la intenci\u00f3n del lector. Recomendado.\u201d \u2013 Light <\/span><\/i><\/p><p class=\"big\"><i><b><span style=\"color: #666666; font-family: helvetica,arial,verdana; font-size: medium;\"> \u201cUn cl\u00e1sico en su g\u00e9nero.\u201d \u2013 Hot Press<\/span><\/b><\/i><\/p><p class=\"big\"><i><span style=\"color: #666666; font-family: helvetica,arial,verdana; font-size: medium;\"> \u201c\u2018Si alguna vez has pensado que eres ps\u00edquico\u2019, dice la contraportada, \u2018el programa de Zak Martin te ayudar\u00e1 r\u00e1pidamente a desarrollar al m\u00e1ximo tus dones naturales. Y si crees no tener habilidades ps\u00edquicas, \u00a1lee este libro y pi\u00e9nsalo de nuevo!\u2019 \u00bfQu\u00e9 credenciales tiene el autor para ofrecer esta ense\u00f1anza? La editorial lo describe como \u2018uno de los clarividentes m\u00e1s destacados del Reino Unido\u2019. Sanador, Zak es un ps\u00edquico cuyo poder mental ha asombrado a la prensa nacional. Tambi\u00e9n ha colaborado con fuerzas policiales en casos sin resolver. Esta pr\u00e1ctica gu\u00eda abarca una asombrosa variedad de temas: cap\u00edtulos sobre sue\u00f1os y su simbolismo, radiestesia con p\u00e9ndulo, cristalomancia... Sin duda, una valiosa incorporaci\u00f3n a cualquier biblioteca ps\u00edquica.\u201d \u2013 Psychic News <\/span><\/i><\/p><p class=\"big\"><i><b><span style=\"color: #666666; font-family: helvetica,arial,verdana; font-size: medium;\"> \u201cEl t\u00edtulo del libro lo dice todo. De forma sobria, casi como un manual pr\u00e1ctico, Zak Martin ense\u00f1a al lector a convertirse en un \u2018triunfador ps\u00edquico\u2019. Cada cap\u00edtulo ofrece instrucciones f\u00e1ciles de seguir para desarrollar habilidades como la telepat\u00eda, la adivinaci\u00f3n, la precognici\u00f3n, la clarividencia y muchas otras disciplinas ocultas relacionadas. Sin desperdiciar una palabra, el autor demuestra que el desarrollo del potencial ps\u00edquico no est\u00e1 reservado a unos pocos privilegiados, sino que est\u00e1 al alcance de cualquier persona dispuesta a hacer el esfuerzo. La informaci\u00f3n es tan precisa y \u00fatil que incluso los m\u00e1s esc\u00e9pticos podr\u00edan sorprenderse al aplicar lo aprendido.\u201d \u2013 Destiny<\/span><\/b><\/i><\/p><p class=\"big\"><i><span style=\"color: #666666; font-family: helvetica,arial,verdana; font-size: medium;\"> \u201cUno de los mejores libros en su g\u00e9nero. Recomendado.\u201d \u2013 Women\u2019s World<\/span><\/i><\/p><p class=\"big\"><i><b><span style=\"color: #666666; font-family: helvetica,arial,verdana; font-size: medium;\"> \u201cUn excelente libro de Aquarian Press. Es una gu\u00eda pr\u00e1ctica para explorar tus propias habilidades ps\u00edquicas. Aunque abarca los fen\u00f3menos habituales, est\u00e1 escrito de forma amena e informativa, ofreciendo al lector\/practicante pruebas sencillas para demostrar sus capacidades ESP. Si quieres iniciarte, este libro te ser\u00e1 muy \u00fatil.\u201d \u2013 New Dimensions<\/span><\/b><\/i><\/p><p class=\"big\"><i><span style=\"color: #666666; font-family: helvetica,arial,verdana; font-size: medium;\"> \u201cUna excelente introducci\u00f3n al desarrollo ps\u00edquico y al entrenamiento mental. Muy recomendable.\u201d \u2013 American Woman<\/span><\/i><\/p><\/td><\/tr><\/tbody><\/table><\/div><p>\u00a0<\/p><div align=\"center\"><table border=\"1\" width=\"100%\" cellspacing=\"4\" cellpadding=\"6\"><tbody><tr><td bgcolor=\"#FFFFFF\" width=\"100%\"><img decoding=\"async\" src=\"https:\/\/web.archive.org\/web\/20220831205310im_\/http:\/\/www.zakmartin.com\/images\/sashafenton1.gif\" alt=\"Sasha Fenton\" width=\"59\" height=\"66\" align=\"left\" \/><div align=\"justify\"><i><span style=\"color: #444444; font-family: Arial; font-size: small;\">\u201cSin la percepci\u00f3n aguda de Zak a mi favor, jam\u00e1s habr\u00eda llegado a ser autora profesional. Desde su visi\u00f3n de mi futuro, he escrito m\u00e1s de 100 libros, vendidos y traducidos en muchos pa\u00edses del mundo.\u201d \u2013 <b>Sasha Fenton<\/b>, personalidad televisiva y autora superventas.<\/span><\/i><\/div><\/td><\/tr><\/tbody><\/table><\/div><p>\u00a0<\/p><div align=\"center\"><table border=\"1\" width=\"100%\" cellspacing=\"4\" cellpadding=\"6\"><tbody><tr><td bgcolor=\"#FFFFFF\" width=\"100%\"><a href=\"https:\/\/web.archive.org\/web\/20220831205310\/http:\/\/www.zakmartin.com\/images\/zakmartin_marjeproopsj.gif\"><img decoding=\"async\" src=\"https:\/\/web.archive.org\/web\/20220831205310im_\/http:\/\/www.zakmartin.com\/images\/zakmartin_marjeproopsj.gif\" alt=\"Zak Martin with Marje Proops\" width=\"106\" height=\"115\" align=\"left\" \/><\/a><div align=\"justify\"><i><span style=\"color: #444444; font-family: Arial; font-size: small;\">\u201cQuerido Zak, fue un placer conocerte y trabajar contigo\u2026 Gracias por los excelentes consejos, que te prometo seguir.\u201d<br \/><b>Marje Proops<\/b>, la m\u00e1s conocida consejera del Reino Unido, periodista y autora.\n(Foto cortes\u00eda de The Mirror, Reino Unido)<\/span><\/i><\/div><\/td><\/tr><\/tbody><\/table><\/div><p>\u00a0<\/p><div align=\"center\"><table border=\"1\" width=\"100%\" cellspacing=\"4\" cellpadding=\"6\"><tbody><tr><td bgcolor=\"#FFFFFF\" width=\"100%\"><img loading=\"lazy\" decoding=\"async\" src=\"https:\/\/web.archive.org\/web\/20220831205310im_\/http:\/\/www.zakmartin.com\/images\/deadzone.gif\" alt=\"The Dead Zone\" width=\"92\" height=\"125\" align=\"left\" \/><div align=\"justify\"><i><span style=\"color: #444444; font-family: Arial; font-size: small;\">La pel\u00edcula \u2014y posteriormente serie de televisi\u00f3n\u2014 <b>&#8220;The Dead Zone&#8221;<\/b> (adaptada del libro de Stephen King) abordaba eventos que coincid\u00edan estrechamente con experiencias reales vividas por Zak Martin en su trabajo de detecci\u00f3n ps\u00edquica. Fue consultado para la autenticidad y promoci\u00f3n de la pel\u00edcula. <\/span><\/i><\/div><\/td><\/tr><\/tbody><\/table><\/div><p>\u00a0<\/p><center><img loading=\"lazy\" decoding=\"async\" src=\"https:\/\/web.archive.org\/web\/20220831205310im_\/http:\/\/www.zakmartin.com\/images\/worldpsychics.png\" alt=\"Zak Martin Voted UK's Best Psychic\" width=\"350\" height=\"150\" \/><\/center><p><br \/><img loading=\"lazy\" decoding=\"async\" src=\"https:\/\/web.archive.org\/web\/20220831205310im_\/http:\/\/www.zakmartin.com\/images\/nationmaster.png\" width=\"350\" height=\"126\" \/><\/p>\t\t\t\t\t\t\t\t<\/div>\n\t\t\t\t<\/div>\n\t\t\t\t\t<\/div>\n\t\t<\/div>\n\t\t\t\t\t<\/div>\n\t\t<\/section>\n\t\t\t\t\t<\/div>\n\t\t<\/div>\n\t\t\t\t\t<\/div>\n\t\t<\/section>\n\t\t\t\t<\/div>","protected":false},"excerpt":{"rendered":"<p>Reviews of How to Develop your ESP (Harper Collins) Zak Martin wrote How to Develop your ESP while he was still a student at university in Ireland. The book was published by Harper-Collins and was an immediate success. It was translated and reprinted in a number of languages including Spanish, Portuguese and Japanese. To date&#8230;<\/p>","protected":false},"author":1,"featured_media":0,"parent":0,"menu_order":0,"comment_status":"closed","ping_status":"closed","template":"","meta":{"_kad_post_transparent":"","_kad_post_title":"","_kad_post_layout":"","_kad_post_sidebar_id":"","_kad_post_content_style":"","_kad_post_vertical_padding":"","_kad_post_feature":"","_kad_post_feature_position":"","_kad_post_header":false,"_kad_post_footer":false,"footnotes":""},"class_list":["post-1484","page","type-page","status-publish","hentry"],"_links":{"self":[{"href":"https:\/\/zakmartin.com\/es\/wp-json\/wp\/v2\/pages\/1484","targetHints":{"allow":["GET"]}}],"collection":[{"href":"https:\/\/zakmartin.com\/es\/wp-json\/wp\/v2\/pages"}],"about":[{"href":"https:\/\/zakmartin.com\/es\/wp-json\/wp\/v2\/types\/page"}],"author":[{"embeddable":true,"href":"https:\/\/zakmartin.com\/es\/wp-json\/wp\/v2\/users\/1"}],"replies":[{"embeddable":true,"href":"https:\/\/zakmartin.com\/es\/wp-json\/wp\/v2\/comments?post=1484"}],"version-history":[{"count":7,"href":"https:\/\/zakmartin.com\/es\/wp-json\/wp\/v2\/pages\/1484\/revisions"}],"predecessor-version":[{"id":3771,"href":"https:\/\/zakmartin.com\/es\/wp-json\/wp\/v2\/pages\/1484\/revisions\/3771"}],"wp:attachment":[{"href":"https:\/\/zakmartin.com\/es\/wp-json\/wp\/v2\/media?parent=1484"}],"curies":[{"name":"wp","href":"https:\/\/api.w.org\/{rel}","templated":true}]}}